{"id":370,"date":"2025-02-06T17:10:36","date_gmt":"2025-02-06T17:10:36","guid":{"rendered":"https:\/\/racorshop.de\/?post_type=product&#038;p=370"},"modified":"2025-03-06T20:40:57","modified_gmt":"2025-03-06T20:40:57","slug":"racor-r5806530-greenmax-filter-cartridge","status":"publish","type":"product","link":"https:\/\/racorshop.de\/nl\/product\/racor-r5806530-greenmax-filterpatroon\/","title":{"rendered":"Racor R5806530 GreenMax filterpatroon"},"content":{"rendered":"<p>GreenMAX\u2122 Vervangende Cartridge Filter Elementen zijn ontworpen voor gebruik in GreenMAX brandstoffilterbehuizingen (6600, 4400). De elementen maken gebruik van gepatenteerde Aquabloc\u00ae-media, waardoor ze uitstekende waterverwijderende en vuilvasthoudende eigenschappen hebben.<\/p>\n<p>De vervangende elementen vertonen een uitzonderlijke verwijderingseffici\u00ebntie van zowel bulk- als ge\u00ebmulgeerd water, lage beperking van brandstofstroom en een hoge vuilopnamecapaciteit. Het unieke ontwerp van GreenMax-cartridges maakt ze ideaal voor moderne dieselmotortoepassingen, waar hoge drukomstandigheden ervoor kunnen zorgen dat kleine deeltjes vuil en water precisiecomponenten krassen en eroderen, wat leidt tot motorschade en langere uitvaltijd.<\/p>\n<p>Alle GreenMAX Series vervangende cartridge filterelementen maken gebruik van Racor&#039;s hoog-effici\u00ebnte Aquabloc\u00ae engineered media. Aquabloc\u00ae is een mengsel van hoogwaardige cellulose, samengesteld met harsen en een speciale chemische behandeling. Het bevat plooi-afstand ribbels en een gegradueerde poriestructuur om de vuilopnamecapaciteit te vergroten en de levensduur van het filter te verlengen. De media is waterdicht en roestvrij, vangt verontreinigingen op terwijl het speciaal behandelde oppervlak water van de brandstof scheidt en samenvoegt, waardoor het water zich verzamelt in grote druppels die vervolgens in de heldere opvangkom van het brandstoffilter vallen.<\/p>\n<p><strong>Filtratieopties:<\/strong><\/p>\n<p>30 micron (98%@30 micron) \u2013 Ideaal geschikt als voorfilter om downstreamfilters te beschermen tegen overmatige verontreiniging. Verlengt de levensduur van on-engine filters.<\/p>\n<p>10 micron (98%@10 micron) \u2013 Vangt meer verontreinigingen op dan 30 micron elementen en is effectiever in het stoppen van water. Verlengt de levensduur van het gehele brandstofsysteem.<\/p>\n<p>\u201c2\u201d micron (98%@4 micron) \u2013 Zorgt voor maximale waterverwijdering en -filtratie en is in staat alle moderne injectiesystemen te beschermen, terwijl de levensduur van moeilijk te onderhouden filters op de motor aanzienlijk wordt verlengd.<\/p>\n<p>Dieptecoalescer (98%@4 micron) - Het Aquabloc\u00ae dieptecoalescer-medium is ontwikkeld voor OEM-klanten die een onge\u00ebvenaarde effici\u00ebntie voor het verwijderen van ge\u00ebmulgeerd water nodig hebben in brandstoffen van slechte kwaliteit en biodieselmengsels. Dieptecoalescers gebruiken een meertrapssysteem dat bestaat uit een primair element waarbij brandstof en ge\u00ebmulgeerd water door verschillende ontworpen lagen van ultrafijne en dicht opeengepakte vezels stromen. Deze vezels trekken het ge\u00ebmulgeerde water uit de brandstof aan, waardoor er fijne waterdruppels langs de vezels kunnen ontstaan terwijl de brandstof en het water erdoorheen stromen. Terwijl de fijne waterdruppels aan de andere kant tevoorschijn komen, verzamelt een laatste scherm-&quot;release&quot;-laag de waterdruppels in grotere formaten. Vervolgens presenteert een secundair element een laatste barri\u00e8remedium, dat de waterdruppels stopt en verzamelt totdat ze groot genoeg zijn om in de kom te vallen. Deeltjesopvang vindt plaats gedurende de hele primaire fase.<\/p>","protected":false},"excerpt":{"rendered":"<p>Part Number: R58065-30<br \/>\nMade By: Parker Racor<br \/>\nGreenMax Replacement Fuel Filter Cartridge<br \/>\nReplacement Cartridge Filter Elements &#8211; Racor P Series<\/p>","protected":false},"featured_media":399,"comment_status":"open","ping_status":"closed","template":"","meta":{"_seopress_robots_primary_cat":"","_seopress_titles_title":"","_seopress_titles_desc":"","_seopress_robots_index":""},"product_brand":[1926,1927],"product_cat":[264,188,21],"product_tag":[518],"class_list":{"0":"post-370","1":"product","2":"type-product","3":"status-publish","4":"has-post-thumbnail","6":"product_brand-parker","7":"product_brand-racor","8":"product_cat-elements-cartridge","9":"product_cat-racor-fuel-filter","10":"product_cat-z-poa","11":"product_tag-racor-replacement-elements-p-series","13":"first","14":"onbackorder","15":"taxable","16":"shipping-taxable","17":"purchasable","18":"product-type-simple"},"acpt":{"meta":[{"meta_box":"product-links","meta_fields":[{"name":"product-documents","type":"Post","options":[],"value":[2300],"default":"","required":false,"showInAdmin":false,"advancedOptions":[]},{"name":"product-videos","type":"Post","options":[],"value":[3384],"default":"","required":false,"showInAdmin":false,"advancedOptions":[]}]}],"wc_product_data":[]},"_links":{"self":[{"href":"https:\/\/racorshop.de\/nl\/wp-json\/wp\/v2\/product\/370","targetHints":{"allow":["GET"]}}],"collection":[{"href":"https:\/\/racorshop.de\/nl\/wp-json\/wp\/v2\/product"}],"about":[{"href":"https:\/\/racorshop.de\/nl\/wp-json\/wp\/v2\/types\/product"}],"replies":[{"embeddable":true,"href":"https:\/\/racorshop.de\/nl\/wp-json\/wp\/v2\/comments?post=370"}],"wp:featuredmedia":[{"embeddable":true,"href":"https:\/\/racorshop.de\/nl\/wp-json\/wp\/v2\/media\/399"}],"wp:attachment":[{"href":"https:\/\/racorshop.de\/nl\/wp-json\/wp\/v2\/media?parent=370"}],"wp:term":[{"taxonomy":"product_brand","embeddable":true,"href":"https:\/\/racorshop.de\/nl\/wp-json\/wp\/v2\/product_brand?post=370"},{"taxonomy":"product_cat","embeddable":true,"href":"https:\/\/racorshop.de\/nl\/wp-json\/wp\/v2\/product_cat?post=370"},{"taxonomy":"product_tag","embeddable":true,"href":"https:\/\/racorshop.de\/nl\/wp-json\/wp\/v2\/product_tag?post=370"}],"curies":[{"name":"wp","href":"https:\/\/api.w.org\/{rel}","templated":true}]}}