{"id":672,"date":"2025-02-06T17:12:16","date_gmt":"2025-02-06T17:12:16","guid":{"rendered":"https:\/\/racorshop.de\/?post_type=product&#038;p=672"},"modified":"2025-03-06T20:41:08","modified_gmt":"2025-03-06T20:41:08","slug":"racor-r60s-aquabloc-spin-on-element","status":"publish","type":"product","link":"https:\/\/racorshop.de\/it\/product\/racor-r60s-aquabloc-spin-su-elemento\/","title":{"rendered":"Elemento spin-on Racor R60S Aquabloc"},"content":{"rendered":"<p><strong>R60S \u2013 Elemento spin-on Aquabloc\u00ae da 2 micron per serie 760R, 660R, 460R, 360RC<\/strong><\/p>\n<p>Gli elementi filtranti a cartuccia di ricambio della serie Spin-on sono compatibili con la linea di gruppi filtro carburante\/separatore acqua Spin-on Series di Racor. Gli elementi presentano un&#039;eccezionale efficienza di rimozione sia dell&#039;acqua sfusa che emulsionata, una bassa restrizione del flusso di carburante e un&#039;elevata capacit\u00e0 di trattenere lo sporco. Il loro design esclusivo li rende in grado di funzionare nelle moderne applicazioni con motori diesel e benzina, dove le condizioni di alta pressione possono causare la formazione di piccole particelle di sporco e acqua che possono graffiare ed erodere i componenti di precisione, causando danni al motore e tempi di fermo pi\u00f9 lunghi.<\/p>\n<p>Il corpo del filtro \u00e8 protetto da un rivestimento in polvere elettrostaticamente applicato per una resistenza alla corrosione superiore. Il design del filtro spin-on \u00e8 semplice da manutenere e presenta una vaschetta di raccolta dei contaminanti in plastica tecnica trasparente riutilizzabile o metallo con uno scarico autoventilante per drenare i contaminanti e l&#039;acqua raccolti.<\/p>\n<p>Tutti gli elementi filtranti a cartuccia sostitutiva della serie Spin-on utilizzano il supporto tecnico Aquabloc\u00ae ad alta efficienza di Racor. Aquabloc\u00ae \u00e8 una miscela di cellulosa di alta qualit\u00e0 composta da resine e uno speciale trattamento chimico. Incorpora ondulazioni spazianti per le pieghe e una struttura a pori graduati per aumentare la capacit\u00e0 di trattenere lo sporco e prolungare la durata del filtro. Il supporto \u00e8 impermeabile e antiruggine, cattura i contaminanti mentre la superficie appositamente trattata separa e fa coalescere l&#039;acqua dal carburante, il che fa s\u00ec che l&#039;acqua si raccolga in grandi goccioline che poi cadono nella vaschetta di raccolta del filtro del carburante.<\/p>\n<p>Gli elementi Aquabloc\u00ae respingono l&#039;acqua e rimuovono i contaminanti solidi dal carburante con un&#039;efficienza pari a 98% della loro classificazione in micron. Per soddisfare i requisiti esclusivi dei motori dei clienti, sono disponibili per l&#039;acquisto tre diverse classificazioni in micron, tra cui:<\/p>\n<ul>\n<li><a href=\"http:\/\/localhost\/racorshop\/product\/racor-r60s-aquabloc-anschraubelement\/\">\u201c2\u201d micron (98%@4 micron) \u2013 Fornisce la massima rimozione e filtrazione dell&#039;acqua ed \u00e8 in grado di proteggere tutti i moderni sistemi di iniezione, prolungando notevolmente la durata dei filtri del motore difficili da riparare.<\/a><\/li>\n<li><a href=\"http:\/\/localhost\/racorshop\/product\/racor-r60t-aquabloc-anschraubelement\/\">10 micron (98%@10 micron) \u2013 Cattura pi\u00f9 contaminanti rispetto agli elementi da 30 micron ed \u00e8 pi\u00f9 efficace nell&#039;arrestare l&#039;acqua. Prolunga la durata dell&#039;intero sistema di alimentazione.<\/a><\/li>\n<li><a href=\"http:\/\/localhost\/racorshop\/product\/racor-r60p-aquabloc-anschraubelement\/\">30 micron (98%@30 micron) \u2013 Ideale come prefiltro per proteggere i filtri a valle da contaminazione eccessiva. Prolunga la durata dei filtri standard sul motore.<\/a><\/li>\n<\/ul>\n<p><strong>Come funziona:<\/strong><\/p>\n<p>I filtri Racor Spin-on Series utilizzano il supporto Aquabloc\u00ae per rimuovere in modo affidabile sporco e acqua da gasolio e benzina. Il supporto Aquabloc\u00ae \u00e8 pieghettato, ondulato e disposto per un elevato rigetto dell&#039;acqua e una lunga durata. Il carburante che entra nella testa del filtro viene deviato verso il basso oltre le pieghe verticali del supporto, consentendo alle gocce d&#039;acqua pi\u00f9 grandi e alle particelle di contaminazione di cadere direttamente nella vaschetta di raccolta. Le gocce d&#039;acqua pi\u00f9 piccole convergono e si fondono sulla superficie del supporto appositamente trattato fino a quando non sono abbastanza grandi da cadere anch&#039;esse nella vaschetta di raccolta. Le piccole particelle di contaminazione vengono fermate sulla superficie del supporto Aquabloc\u00ae, mentre le particelle ancora pi\u00f9 piccole vengono trattenute pi\u00f9 in profondit\u00e0 nei suoi strati.<\/p>\n<p><strong>Note sull&#039;uso:<\/strong><\/p>\n<p>I numeri di parte di ricambio dell&#039;elemento del filtro del carburante sono specificamente progettati per il loro particolare assemblaggio di serie e tipo di carburante. Sebbene elementi di ricambio di serie diverse possano sembrare esternamente simili, potrebbero avere strutture interne diverse. Non tentare di utilizzare un elemento di ricambio di serie su un altro tipo di serie.<\/p>\n<p>Le vaschette trasparenti sono un elemento di ispezione del sistema di alimentazione: ispezionarle spesso per rilevare eventuali danni, deformazioni e scolorimento e sostituirle se necessario.<\/p>\n<p>Per garantire la selezione dell&#039;elemento sostitutivo della serie Spin-on corretto, seguire i passaggi indicati di seguito:<\/p>\n<p>1. Trova la serie Racor che corrisponde al tuo filtro. Fai riferimento alla brochure RSL7529 nella scheda Product Support per identificare la tua serie.<\/p>\n<p>2. Confermare il tipo di connessione in base al diametro e al tipo di filettatura dell&#039;apertura inferiore.<\/p>\n<p>3. Selezionare l&#039;altezza complessiva dell&#039;elemento che corrisponde all&#039;elemento filtrante da sostituire.<\/p>\n<p>4. Scegliere la dimensione del diametro esterno adatta all&#039;elemento filtrante da sostituire.<\/p>\n<p>5. Selezionare il tipo di elemento (grado di filtrazione in micron) che corrisponde all&#039;elemento filtrante da sostituire.<\/p>\n<p>6. Confermare il tipo di filettatura (collegamento con filettatura superiore).<\/p>\n<p>7. Gli attributi possono essere selezionati tra quelli sopra elencati in qualsiasi ordine.<\/p>\n<p>Mercati:<\/p>\n<ul>\n<li>Agricoltura<\/li>\n<li>Costruzione<\/li>\n<li>Petrolio e gas<\/li>\n<li>Su strada o fuori strada<\/li>\n<li>Produzione di energia<\/li>\n<\/ul>\n<p>Applicazioni:<\/p>\n<ul>\n<li>Motori Diesel e Biodiesel<\/li>\n<li>Motori a benzina<\/li>\n<\/ul>\n<p>Vantaggi:<\/p>\n<ul>\n<li>Il supporto ad alta efficienza Aquabloc\u00ae aiuta i motori diesel degli OEM a rispettare i rigidi standard governativi sulle emissioni<\/li>\n<li>Offre un&#039;eccezionale rimozione dell&#039;acqua che entra nel sistema tramite condensa nel serbatoio del carburante. Qualsiasi acqua presente nel flusso del carburante favorir\u00e0 la crescita batterica, che pu\u00f2 causare filtri intasati e causare la formazione di acidi corrosivi. I componenti sensibili quindi arrugginiscono e si corrodono, causando erosione e usura dei componenti critici del sistema di alimentazione.<\/li>\n<li>Previene costosi danni agli iniettori e aumenta la durata operativa dei filtri a valle.<\/li>\n<li>Rimuove le particelle dure presenti nell&#039;aria che si introducono durante il rifornimento, come sabbia e silice.<\/li>\n<li>Risparmia tempo e denaro eliminando la manutenzione non pianificata e i tempi di fermo non programmati dovuti a guasti dei componenti del sistema.<\/li>\n<\/ul>\n<p>Caratteristiche:<\/p>\n<ul>\n<li>Costruito in un ambiente di sistema di qualit\u00e0 ISO TS 16949 secondo i requisiti ambientali ISO 14001<\/li>\n<li>Rivestimenti e costruzioni resistenti alla corrosione<\/li>\n<li>Gli elementi presentano un&#039;elevata capacit\u00e0 di ritenzione dello sporco e una lunga durata utile<\/li>\n<li>La stampa sulle lattine \u00e8 codificata a colori per una facile identificazione e applicazione: lettere rosse per la filtrazione primaria da 30 micron, lettere blu per la filtrazione primaria o secondaria da 10 micron e lettere marroni per la filtrazione secondaria\/finale da 2 micron<\/li>\n<li>Ciotola di raccolta riutilizzabile in plastica o metallo trasparente con scarico auto-sfiatante<\/li>\n<li>Sono disponibili diverse dimensioni, portate e classificazioni in micron (efficienza 98% a 4, 10 o 30 micron) per soddisfare i requisiti specifici dei sistemi di filtraggio dei clienti.<\/li>\n<\/ul>","protected":false},"excerpt":{"rendered":"<p>Part Number: R60S<br \/>\nMade By: Parker Racor<br \/>\nAquabloc Spin-on Element 4.25&#8243;<br \/>\nReplacement Cartridge Filter Elements &#8211; Racor Spin-on Series<\/p>","protected":false},"featured_media":704,"comment_status":"closed","ping_status":"closed","template":"","meta":{"_seopress_robots_primary_cat":"","_seopress_titles_title":"","_seopress_titles_desc":"","_seopress_robots_index":""},"product_brand":[1926,1927],"product_cat":[717,188,21],"product_tag":[718],"class_list":{"0":"post-672","1":"product","2":"type-product","3":"status-publish","4":"has-post-thumbnail","6":"product_brand-parker","7":"product_brand-racor","8":"product_cat-elements-spin-on","9":"product_cat-racor-fuel-filter","10":"product_cat-z-poa","11":"product_tag-racor-replacement-elements-spin-on-series","13":"first","14":"onbackorder","15":"taxable","16":"shipping-taxable","17":"purchasable","18":"product-type-simple"},"acpt":{"meta":[{"meta_box":"product-links","meta_fields":[{"name":"product-documents","type":"Post","options":[],"value":null,"default":"","required":false,"showInAdmin":false,"advancedOptions":[]},{"name":"product-videos","type":"Post","options":[],"value":null,"default":"","required":false,"showInAdmin":false,"advancedOptions":[]}]}],"wc_product_data":[]},"_links":{"self":[{"href":"https:\/\/racorshop.de\/it\/wp-json\/wp\/v2\/product\/672","targetHints":{"allow":["GET"]}}],"collection":[{"href":"https:\/\/racorshop.de\/it\/wp-json\/wp\/v2\/product"}],"about":[{"href":"https:\/\/racorshop.de\/it\/wp-json\/wp\/v2\/types\/product"}],"replies":[{"embeddable":true,"href":"https:\/\/racorshop.de\/it\/wp-json\/wp\/v2\/comments?post=672"}],"wp:featuredmedia":[{"embeddable":true,"href":"https:\/\/racorshop.de\/it\/wp-json\/wp\/v2\/media\/704"}],"wp:attachment":[{"href":"https:\/\/racorshop.de\/it\/wp-json\/wp\/v2\/media?parent=672"}],"wp:term":[{"taxonomy":"product_brand","embeddable":true,"href":"https:\/\/racorshop.de\/it\/wp-json\/wp\/v2\/product_brand?post=672"},{"taxonomy":"product_cat","embeddable":true,"href":"https:\/\/racorshop.de\/it\/wp-json\/wp\/v2\/product_cat?post=672"},{"taxonomy":"product_tag","embeddable":true,"href":"https:\/\/racorshop.de\/it\/wp-json\/wp\/v2\/product_tag?post=672"}],"curies":[{"name":"wp","href":"https:\/\/api.w.org\/{rel}","templated":true}]}}