{"id":609,"date":"2025-02-06T17:11:53","date_gmt":"2025-02-06T17:11:53","guid":{"rendered":"https:\/\/racorshop.de\/?post_type=product&#038;p=609"},"modified":"2025-03-06T20:40:57","modified_gmt":"2025-03-06T20:40:57","slug":"racor-r12p-aquabloc-spin-on-element","status":"publish","type":"product","link":"https:\/\/racorshop.de\/it\/product\/racor-r12p-aquabloc-spin-on-elemento\/","title":{"rendered":"Elemento spin-on Racor R12P Aquabloc"},"content":{"rendered":"<p><strong>Elemento filtrante sostitutivo Racor R12P per carburante avvitabile (30 micron) utilizzato nei gruppi filtranti delle serie 120A o 140R.<br \/>\n<\/strong><\/p>\n<p>Gli elementi di ricambio della serie Spin-on sono compatibili con la linea di gruppi filtro carburante\/separatore acqua Spin-on Series di Racor. Gli elementi mostrano un&#039;eccezionale efficienza di rimozione sia dell&#039;acqua sfusa che emulsionata, una bassa restrizione del flusso di carburante e un&#039;elevata capacit\u00e0 di trattenere lo sporco. Il loro design unico li rende in grado di funzionare nelle moderne applicazioni di motori diesel e benzina, dove le condizioni di alta pressione possono causare la formazione di piccole particelle di sporco e acqua che possono graffiare ed erodere i componenti di precisione, causando danni al motore e tempi di fermo pi\u00f9 lunghi.<\/p>\n<p>Il corpo del filtro \u00e8 protetto da un rivestimento in polvere elettrostaticamente applicato per una resistenza alla corrosione superiore. Il design del filtro spin-on \u00e8 semplice da manutenere e presenta una vaschetta di raccolta dei contaminanti in plastica tecnica trasparente riutilizzabile o metallo con uno scarico autoventilante per drenare i contaminanti e l&#039;acqua raccolti.<\/p>\n<p>Tutti gli elementi filtranti di ricambio Racor Spin-on Series utilizzano il supporto tecnico Aquabloc\u00ae ad alta efficienza di Racor. Aquabloc\u00ae \u00e8 una miscela di cellulosa di alta qualit\u00e0 composta da resine e uno speciale trattamento chimico. Incorpora ondulazioni con spaziatura delle pieghe e una struttura a pori graduati per aumentare la capacit\u00e0 di trattenere lo sporco e prolungare la durata del filtro. Il supporto \u00e8 impermeabile e antiruggine, cattura i contaminanti mentre la superficie appositamente trattata separa e fa coalescere l&#039;acqua dal carburante, il che fa s\u00ec che l&#039;acqua si raccolga in grandi goccioline che poi cadono nella vaschetta di raccolta del filtro del carburante.<\/p>\n<p>Gli elementi Aquabloc\u00ae respingono l&#039;acqua e rimuovono i contaminanti solidi dal carburante con un&#039;efficienza pari a 98% della loro classificazione in micron. Per soddisfare i requisiti esclusivi dei motori dei clienti, sono disponibili per l&#039;acquisto tre diverse classificazioni in micron, tra cui:<\/p>\n<p>Vedi anche <a href=\"http:\/\/localhost\/racorshop\/product\/racor-r12t-aquabloc-anschraubelement\/\">Racer R12T<\/a> \u2013 10 micron (98%@10 micron) \u2013 Cattura pi\u00f9 contaminanti rispetto agli elementi da 30 micron ed \u00e8 pi\u00f9 efficace nell&#039;arrestare l&#039;acqua. Prolunga la durata dell&#039;intero sistema di alimentazione.<\/p>\n<p>Vedi anche <a href=\"http:\/\/localhost\/racorshop\/product\/racor-r12s-aquabloc-anschraubelement\/\">Racor R12S<\/a> \u2013 \u201c2\u201d micron (98%@4 micron) \u2013 Fornisce la massima rimozione e filtrazione dell\u2019acqua ed \u00e8 in grado di proteggere tutti i moderni sistemi di iniezione, prolungando notevolmente la durata dei filtri del motore difficili da manutenere.<\/p>","protected":false},"excerpt":{"rendered":"<p>Part Number: R12P<\/p>\n<p>Made By: Parker Racor<\/p>\n<p>Aquabloc Spin-on Element 3&#8243; Dia<\/p>\n<p>Replacement Cartridge Filter Elements &#8211; Racor Spin-on Series<\/p>","protected":false},"featured_media":642,"comment_status":"open","ping_status":"closed","template":"","meta":{"_seopress_robots_primary_cat":"","_seopress_titles_title":"","_seopress_titles_desc":"","_seopress_robots_index":""},"product_brand":[1926,1927],"product_cat":[717,188],"product_tag":[718],"class_list":{"0":"post-609","1":"product","2":"type-product","3":"status-publish","4":"has-post-thumbnail","6":"product_brand-parker","7":"product_brand-racor","8":"product_cat-elements-spin-on","9":"product_cat-racor-fuel-filter","10":"product_tag-racor-replacement-elements-spin-on-series","12":"first","13":"instock","14":"taxable","15":"shipping-taxable","16":"purchasable","17":"product-type-simple"},"acpt":{"meta":[{"meta_box":"product-links","meta_fields":[{"name":"product-documents","type":"Post","options":[],"value":null,"default":"","required":false,"showInAdmin":false,"advancedOptions":[]},{"name":"product-videos","type":"Post","options":[],"value":null,"default":"","required":false,"showInAdmin":false,"advancedOptions":[]}]}],"wc_product_data":[]},"_links":{"self":[{"href":"https:\/\/racorshop.de\/it\/wp-json\/wp\/v2\/product\/609","targetHints":{"allow":["GET"]}}],"collection":[{"href":"https:\/\/racorshop.de\/it\/wp-json\/wp\/v2\/product"}],"about":[{"href":"https:\/\/racorshop.de\/it\/wp-json\/wp\/v2\/types\/product"}],"replies":[{"embeddable":true,"href":"https:\/\/racorshop.de\/it\/wp-json\/wp\/v2\/comments?post=609"}],"wp:featuredmedia":[{"embeddable":true,"href":"https:\/\/racorshop.de\/it\/wp-json\/wp\/v2\/media\/642"}],"wp:attachment":[{"href":"https:\/\/racorshop.de\/it\/wp-json\/wp\/v2\/media?parent=609"}],"wp:term":[{"taxonomy":"product_brand","embeddable":true,"href":"https:\/\/racorshop.de\/it\/wp-json\/wp\/v2\/product_brand?post=609"},{"taxonomy":"product_cat","embeddable":true,"href":"https:\/\/racorshop.de\/it\/wp-json\/wp\/v2\/product_cat?post=609"},{"taxonomy":"product_tag","embeddable":true,"href":"https:\/\/racorshop.de\/it\/wp-json\/wp\/v2\/product_tag?post=609"}],"curies":[{"name":"wp","href":"https:\/\/api.w.org\/{rel}","templated":true}]}}