{"id":3777,"date":"2026-04-07T15:20:15","date_gmt":"2026-04-07T15:20:15","guid":{"rendered":"https:\/\/racorshop.de\/?post_type=product&#038;p=3777"},"modified":"2026-04-13T13:45:27","modified_gmt":"2026-04-13T13:45:27","slug":"racor-ccv55080-drain-check-valve-kit","status":"publish","type":"product","link":"https:\/\/racorshop.de\/it\/product\/racor-ccv55080-drain-check-valve-kit\/","title":{"rendered":"Racor CCV55080 Drain\/Check Valve Kit"},"content":{"rendered":"<p>Drain Kit mit R\u00fcckschlagventil f\u00fcr CCV8000 &amp; CCV12000 Serie<\/p>\n<p>Optimieren Sie Ihr Kurbelgeh\u00e4use-Entl\u00fcftungssystem mit diesem spezialisierten Drain Kit. Es wurde gezielt f\u00fcr die Racor CCV8000 und CCV12000 Hochleistungsserien entwickelt, um gefiltertes \u00d6l effizient und sicher in die \u00d6lwanne zur\u00fcckzuf\u00fchren.<\/p>\n<p>    H\u00f6chste Sicherheit: Das integrierte R\u00fcckschlagventil (Check Valve) verhindert zuverl\u00e4ssig den R\u00fcckfluss von \u00d6l oder Gasen in den Filter und sch\u00fctzt so den Motor.<\/p>\n<p>    Heavy-Duty Performance: Robuste Bauweise f\u00fcr maximale Langlebigkeit unter extremen Betriebsbedingungen in der Industrie und Schifffahrt.<\/p>\n<p>    Wartungsarm: Reduziert den \u00d6lverbrauch und verl\u00e4ngert die Standzeit der Filterelemente durch effektives \u00d6lmanagement.<\/p>\n<p>    Passgenau: Kompatibel mit allen Geh\u00e4usen der Serien CCV8000 und CCV12000.<\/p>","protected":false},"excerpt":{"rendered":"<p>Part number: CCV55080<\/p>\n<p>Manufacturer: Parker Racor<\/p>\n<p>Hardware<\/p>\n<p>Crankcase Ventilation Line &#8211; Racor CCV Series<\/p>","protected":false},"featured_media":3781,"comment_status":"closed","ping_status":"closed","template":"","meta":{"_seopress_robots_primary_cat":"none","_seopress_titles_title":"Drain Kit with check Valve for CCV8000 and CCV12000","_seopress_titles_desc":"CCV55080- Drain Kit with check Valve for CCV8000 and CCV12000-Series","_seopress_robots_index":""},"product_brand":[1926,1927],"product_cat":[2035,2034,2030,363],"product_tag":[],"class_list":{"0":"post-3777","1":"product","2":"type-product","3":"status-publish","4":"has-post-thumbnail","6":"product_brand-parker","7":"product_brand-racor","8":"product_cat-12000-series","9":"product_cat-8000-series","10":"product_cat-hardware-racor-ccv-filter","11":"product_cat-racor-ccv-filter","13":"first","14":"instock","15":"taxable","16":"shipping-taxable","17":"purchasable","18":"product-type-simple"},"acpt":{"meta":[{"meta_box":"product-links","meta_fields":[{"name":"product-documents","type":"Post","options":[],"value":null,"default":"","required":false,"showInAdmin":false,"advancedOptions":[]},{"name":"product-videos","type":"Post","options":[],"value":null,"default":"","required":false,"showInAdmin":false,"advancedOptions":[]}]}],"wc_product_data":[]},"_links":{"self":[{"href":"https:\/\/racorshop.de\/it\/wp-json\/wp\/v2\/product\/3777","targetHints":{"allow":["GET"]}}],"collection":[{"href":"https:\/\/racorshop.de\/it\/wp-json\/wp\/v2\/product"}],"about":[{"href":"https:\/\/racorshop.de\/it\/wp-json\/wp\/v2\/types\/product"}],"replies":[{"embeddable":true,"href":"https:\/\/racorshop.de\/it\/wp-json\/wp\/v2\/comments?post=3777"}],"wp:featuredmedia":[{"embeddable":true,"href":"https:\/\/racorshop.de\/it\/wp-json\/wp\/v2\/media\/3781"}],"wp:attachment":[{"href":"https:\/\/racorshop.de\/it\/wp-json\/wp\/v2\/media?parent=3777"}],"wp:term":[{"taxonomy":"product_brand","embeddable":true,"href":"https:\/\/racorshop.de\/it\/wp-json\/wp\/v2\/product_brand?post=3777"},{"taxonomy":"product_cat","embeddable":true,"href":"https:\/\/racorshop.de\/it\/wp-json\/wp\/v2\/product_cat?post=3777"},{"taxonomy":"product_tag","embeddable":true,"href":"https:\/\/racorshop.de\/it\/wp-json\/wp\/v2\/product_tag?post=3777"}],"curies":[{"name":"wp","href":"https:\/\/api.w.org\/{rel}","templated":true}]}}