{"id":372,"date":"2025-02-06T17:10:36","date_gmt":"2025-02-06T17:10:36","guid":{"rendered":"https:\/\/racorshop.de\/?post_type=product&#038;p=372"},"modified":"2025-03-11T22:54:55","modified_gmt":"2025-03-11T22:54:55","slug":"racor-pff5607-p-series-fuel-filter","status":"publish","type":"product","link":"https:\/\/racorshop.de\/it\/product\/filtro-carburante-serie-p-racor-pff5607-p\/","title":{"rendered":"Filtro carburante Racor PFF5607 serie P"},"content":{"rendered":"<p>Gli elementi filtranti a cartuccia di ricambio della serie P sono compatibili con i moduli di condizionamento del carburante diesel (DFCM) Racor serie P3, P4 e P5. Gli elementi utilizzano il supporto brevettato Aquabloc\u00ae, che offre eccellenti capacit\u00e0 di rimozione dell&#039;acqua e di ritenzione dello sporco.<\/p>\n<p>Questi elementi mostrano un&#039;eccezionale efficienza di rimozione sia dell&#039;acqua in massa che di quella emulsionata, una bassa restrizione del flusso di carburante e un&#039;elevata capacit\u00e0 di trattenere lo sporco. Il loro design unico li rende in grado di funzionare nelle moderne applicazioni dei motori diesel e a benzina, dove le condizioni di alta pressione possono causare la formazione di piccole particelle di sporco e acqua che possono graffiare ed erodere i componenti di precisione, causando danni al motore e tempi di fermo pi\u00f9 lunghi.<\/p>\n<p>Gli elementi filtranti a cartuccia sostitutiva della serie P utilizzano il supporto tecnico Aquabloc\u00ae ad alta efficienza di Racor. Aquabloc\u00ae \u00e8 una miscela di cellulosa di alta qualit\u00e0 composta da resine e uno speciale trattamento chimico. Incorpora ondulazioni spazianti per le pieghe e una struttura a pori graduati per aumentare la capacit\u00e0 di trattenere lo sporco e prolungare la durata del filtro. Il supporto \u00e8 impermeabile e antiruggine, cattura i contaminanti mentre la superficie appositamente trattata separa e fa coalescere l&#039;acqua dal carburante, il che fa s\u00ec che l&#039;acqua si raccolga in grandi goccioline che poi cadono nella ciotola di raccolta trasparente del filtro del carburante.<\/p>\n<p>Gli elementi Aquabloc\u00ae respingono l&#039;acqua e rimuovono i contaminanti solidi dal carburante con un&#039;efficienza pari a 98% della loro classificazione in micron.<\/p>\n<p><strong>Opzioni di filtrazione:<\/strong><\/p>\n<ul>\n<li>30 micron (98%@30 micron) \u2013 Ideale come prefiltro per proteggere i filtri a valle da contaminazione eccessiva. Prolunga la durata dei filtri sul motore.<\/li>\n<li>10 micron (98%@10 micron) \u2013 Cattura pi\u00f9 contaminanti rispetto agli elementi da 30 micron ed \u00e8 pi\u00f9 efficace nell&#039;arrestare l&#039;acqua. Prolunga la durata dell&#039;intero sistema di alimentazione.<\/li>\n<li>\u201c2\u201d micron (98%@4 micron) \u2013 Fornisce la massima rimozione e filtrazione dell&#039;acqua ed \u00e8 in grado di proteggere tutti i moderni sistemi di iniezione, prolungando notevolmente la durata dei filtri del motore difficili da riparare.<\/li>\n<\/ul>\n<p><strong>Come funzionano:<\/strong><\/p>\n<p>I moduli di condizionamento del carburante della serie P sono dotati di una cartuccia primaria del filtro del carburante pieghettata che blocca la contaminazione da particelle e l&#039;acqua libera. Il carburante pulito e asciutto entra quindi nella pompa del carburante integrale, che fornisce flusso e pressione al resto del sistema di carburante.<\/p>\n<p>La versione del modulo di lucidatura del carburante \u00e8 utilizzata in un sistema di circolazione chiuso o come sistema di trasferimento del carburante con una pressione di uscita massima di 26 psi (179 kPa). Facendo circolare e filtrando il carburante in un serbatoio di carburante, questo viene mantenuto pulito e asciutto prima di essere erogato in un veicolo o in un serbatoio di carburante stazionario.<\/p>\n<p>Entrambi i moduli della serie P contengono il materiale filtrante Aquabloc\u00ae ad alte prestazioni in un design a cartuccia, che garantisce una filtrazione superiore nel rispetto dell&#039;ambiente.<\/p>","protected":false},"excerpt":{"rendered":"<p>Part Number: PFF5607<\/p>\n<p>Made By: Parker Racor<\/p>\n<p>P Series Replacement Fuel Filter Cartridge-Parfit<\/p>\n<p>Replacement Cartridge Filter Elements &#8211; Racor P Series<\/p>","protected":false},"featured_media":367,"comment_status":"open","ping_status":"closed","template":"","meta":{"_seopress_robots_primary_cat":"","_seopress_titles_title":"","_seopress_titles_desc":"","_seopress_robots_index":""},"product_brand":[1926,1927],"product_cat":[264,188],"product_tag":[518],"class_list":{"0":"post-372","1":"product","2":"type-product","3":"status-publish","4":"has-post-thumbnail","6":"product_brand-parker","7":"product_brand-racor","8":"product_cat-elements-cartridge","9":"product_cat-racor-fuel-filter","10":"product_tag-racor-replacement-elements-p-series","12":"first","13":"instock","14":"taxable","15":"shipping-taxable","16":"purchasable","17":"product-type-simple"},"acpt":{"meta":[{"meta_box":"product-links","meta_fields":[{"name":"product-documents","type":"Post","options":[],"value":[2300],"default":"","required":false,"showInAdmin":false,"advancedOptions":[]},{"name":"product-videos","type":"Post","options":[],"value":null,"default":"","required":false,"showInAdmin":false,"advancedOptions":[]}]}],"wc_product_data":[]},"_links":{"self":[{"href":"https:\/\/racorshop.de\/it\/wp-json\/wp\/v2\/product\/372","targetHints":{"allow":["GET"]}}],"collection":[{"href":"https:\/\/racorshop.de\/it\/wp-json\/wp\/v2\/product"}],"about":[{"href":"https:\/\/racorshop.de\/it\/wp-json\/wp\/v2\/types\/product"}],"replies":[{"embeddable":true,"href":"https:\/\/racorshop.de\/it\/wp-json\/wp\/v2\/comments?post=372"}],"wp:featuredmedia":[{"embeddable":true,"href":"https:\/\/racorshop.de\/it\/wp-json\/wp\/v2\/media\/367"}],"wp:attachment":[{"href":"https:\/\/racorshop.de\/it\/wp-json\/wp\/v2\/media?parent=372"}],"wp:term":[{"taxonomy":"product_brand","embeddable":true,"href":"https:\/\/racorshop.de\/it\/wp-json\/wp\/v2\/product_brand?post=372"},{"taxonomy":"product_cat","embeddable":true,"href":"https:\/\/racorshop.de\/it\/wp-json\/wp\/v2\/product_cat?post=372"},{"taxonomy":"product_tag","embeddable":true,"href":"https:\/\/racorshop.de\/it\/wp-json\/wp\/v2\/product_tag?post=372"}],"curies":[{"name":"wp","href":"https:\/\/api.w.org\/{rel}","templated":true}]}}