{"id":360,"date":"2025-02-06T17:10:26","date_gmt":"2025-02-06T17:10:26","guid":{"rendered":"https:\/\/racorshop.de\/?post_type=product&#038;p=360"},"modified":"2025-03-06T20:40:57","modified_gmt":"2025-03-06T20:40:57","slug":"racor-r5803910-greenmax-filter-cartridge","status":"publish","type":"product","link":"https:\/\/racorshop.de\/it\/product\/cartuccia-filtro-racor-r5803910-greenmax\/","title":{"rendered":"Cartuccia filtro Racor R5803910 GreenMax"},"content":{"rendered":"<p>Gli elementi filtranti a cartuccia di ricambio GreenMAX\u2122 sono progettati per l&#039;uso negli alloggiamenti dei filtri del carburante GreenMAX (6600, 4400). Gli elementi utilizzano il supporto brevettato Aquabloc\u00ae, che conferisce loro eccellenti capacit\u00e0 di rimozione dell&#039;acqua e di ritenzione dello sporco.<\/p>\n<p>Gli elementi sostitutivi mostrano un&#039;eccezionale efficienza di rimozione sia dell&#039;acqua in massa che di quella emulsionata, una bassa restrizione del flusso di carburante e un&#039;elevata capacit\u00e0 di trattenere lo sporco. Il design unico delle cartucce GreenMax le rende ideali nelle moderne applicazioni dei motori diesel, dove le condizioni di alta pressione possono causare la formazione di piccole particelle di sporco e acqua che possono graffiare ed erodere i componenti di precisione, causando danni al motore e tempi di fermo pi\u00f9 lunghi.<\/p>\n<p>Tutti gli elementi filtranti a cartuccia sostitutiva della serie GreenMAX utilizzano il supporto tecnico Aquabloc\u00ae ad alta efficienza di Racor. Aquabloc\u00ae \u00e8 una miscela di cellulosa di alta qualit\u00e0 composta da resine e uno speciale trattamento chimico. Incorpora ondulazioni spaziatrici e una struttura a pori graduati per aumentare la capacit\u00e0 di trattenere lo sporco e prolungare la durata del filtro. Il supporto \u00e8 impermeabile e antiruggine, cattura i contaminanti mentre la superficie appositamente trattata separa e fa coalescere l&#039;acqua dal carburante, il che fa s\u00ec che l&#039;acqua si raccolga in grandi goccioline che poi cadono nella ciotola di raccolta trasparente del filtro del carburante.<\/p>\n<p><strong>Opzioni di filtrazione:<\/strong><\/p>\n<p>30 micron (98%@30 micron) \u2013 Ideale come prefiltro per proteggere i filtri a valle da contaminazione eccessiva. Prolunga la durata dei filtri sul motore.<\/p>\n<p>10 micron (98%@10 micron) \u2013 Cattura pi\u00f9 contaminanti rispetto agli elementi da 30 micron ed \u00e8 pi\u00f9 efficace nell&#039;arrestare l&#039;acqua. Prolunga la durata dell&#039;intero sistema di alimentazione.<\/p>\n<p>\u201c2\u201d micron (98%@4 micron) \u2013 Fornisce la massima rimozione e filtrazione dell&#039;acqua ed \u00e8 in grado di proteggere tutti i moderni sistemi di iniezione, prolungando notevolmente la durata dei filtri del motore difficili da riparare.<\/p>\n<p>Depth Coalescer (98%@4 micron): il mezzo Aquabloc\u00ae Depth Coalescer \u00e8 stato sviluppato per i clienti OEM che necessitano di un&#039;efficienza di rimozione dell&#039;acqua emulsionata senza pari in carburanti di scarsa qualit\u00e0 e miscelati con biodiesel. I Depth Coalescer utilizzano un sistema multistadio costituito da un elemento primario in cui il carburante e l&#039;acqua emulsionata scorrono attraverso diversi strati ingegnerizzati di fibre ultrafini e densamente compattate. Queste fibre attraggono l&#039;acqua emulsionata dal carburante, consentendo la formazione di goccioline d&#039;acqua fini lungo le fibre mentre il carburante e l&#039;acqua passano. Quando le goccioline d&#039;acqua fini emergono dall&#039;altro lato, uno strato di &quot;rilascio&quot; dello schermo finale raccoglie le gocce d&#039;acqua in dimensioni maggiori. Successivamente, un elemento secondario presenta un mezzo di barriera finale, che ferma e raccoglie le gocce d&#039;acqua finch\u00e9 non sono abbastanza grandi da cadere nella tazza. La cattura delle particelle avviene durante l&#039;intera fase primaria.<\/p>","protected":false},"excerpt":{"rendered":"<p>Part Number: R58039-10<br \/>\nMade By: Parker Racor<br \/>\nGreenMax Replacement Fuel Filter Cartridge<br \/>\nReplacement Cartridge Filter Elements &#8211; Racor P Series<\/p>","protected":false},"featured_media":368,"comment_status":"open","ping_status":"closed","template":"","meta":{"_seopress_robots_primary_cat":"","_seopress_titles_title":"","_seopress_titles_desc":"","_seopress_robots_index":""},"product_brand":[1926,1927],"product_cat":[264,188,21],"product_tag":[518],"class_list":{"0":"post-360","1":"product","2":"type-product","3":"status-publish","4":"has-post-thumbnail","6":"product_brand-parker","7":"product_brand-racor","8":"product_cat-elements-cartridge","9":"product_cat-racor-fuel-filter","10":"product_cat-z-poa","11":"product_tag-racor-replacement-elements-p-series","13":"first","14":"onbackorder","15":"taxable","16":"shipping-taxable","17":"purchasable","18":"product-type-simple"},"acpt":{"meta":[{"meta_box":"product-links","meta_fields":[{"name":"product-documents","type":"Post","options":[],"value":null,"default":"","required":false,"showInAdmin":false,"advancedOptions":[]},{"name":"product-videos","type":"Post","options":[],"value":[3384],"default":"","required":false,"showInAdmin":false,"advancedOptions":[]}]}],"wc_product_data":[]},"_links":{"self":[{"href":"https:\/\/racorshop.de\/it\/wp-json\/wp\/v2\/product\/360","targetHints":{"allow":["GET"]}}],"collection":[{"href":"https:\/\/racorshop.de\/it\/wp-json\/wp\/v2\/product"}],"about":[{"href":"https:\/\/racorshop.de\/it\/wp-json\/wp\/v2\/types\/product"}],"replies":[{"embeddable":true,"href":"https:\/\/racorshop.de\/it\/wp-json\/wp\/v2\/comments?post=360"}],"wp:featuredmedia":[{"embeddable":true,"href":"https:\/\/racorshop.de\/it\/wp-json\/wp\/v2\/media\/368"}],"wp:attachment":[{"href":"https:\/\/racorshop.de\/it\/wp-json\/wp\/v2\/media?parent=360"}],"wp:term":[{"taxonomy":"product_brand","embeddable":true,"href":"https:\/\/racorshop.de\/it\/wp-json\/wp\/v2\/product_brand?post=360"},{"taxonomy":"product_cat","embeddable":true,"href":"https:\/\/racorshop.de\/it\/wp-json\/wp\/v2\/product_cat?post=360"},{"taxonomy":"product_tag","embeddable":true,"href":"https:\/\/racorshop.de\/it\/wp-json\/wp\/v2\/product_tag?post=360"}],"curies":[{"name":"wp","href":"https:\/\/api.w.org\/{rel}","templated":true}]}}