{"id":263,"date":"2025-02-06T17:09:54","date_gmt":"2025-02-06T17:09:54","guid":{"rendered":"https:\/\/racorshop.de\/?post_type=product&#038;p=263"},"modified":"2026-03-30T15:35:21","modified_gmt":"2026-03-30T15:35:21","slug":"racor-fbo60364-water-absorbing-filter-10-micron","status":"publish","type":"product","link":"https:\/\/racorshop.de\/it\/product\/racor-fbo60364-filtro-assorbente-acqua-10-micron\/","title":{"rendered":"Filtro assorbente Racor FBO60364 (10 micron)"},"content":{"rendered":"<p>Le cartucce di ricambio della serie FBO sono progettate per l&#039;uso con gruppi di filtri FBO. Sono disponibili come separatori d&#039;acqua, dispositivi di rimozione delle particelle trattati con silicone e filtri assorbenti d&#039;acqua, con classificazioni in micron di 1, 5, 10 o 25.<\/p>\n<p>Un gruppo di filtraggio FBO pu\u00f2 essere utilizzato su rifornitori mobili o installato in armadi di rifornimento. L&#039;unit\u00e0 pu\u00f2 essere utilizzata anche per pompe di distribuzione di carburante diesel o come filtro primario del carburante\/separatore d&#039;acqua su grandi motori diesel. Il gruppo di filtraggio FBO \u00e8 dotato di un collare ad anello di bloccaggio, che fissa l&#039;alloggiamento del filtro alla testa del filtro in alluminio pressofuso con quattro bulloni. L&#039;hardware di chiusura consente al personale addetto alla manutenzione, anche a una sola persona, di sostituire facilmente l&#039;elemento della cartuccia del filtro.<\/p>\n<p><strong>Le cartucce di ricambio sono disponibili in tre opzioni:<\/strong><\/p>\n<ul>\n<li>I filtri coalescenti\/separatori sono elementi a due stadi che rimuovono l&#039;acqua e i contaminanti dai flussi di carburante diesel.<\/li>\n<li>I filtri antiparticolato trattati con silicone rimuovono i contaminanti fino a 1 micron. Possono anche essere utilizzati a monte, prima di un filtro separatore d&#039;acqua, per estendere la durata del filtro.<\/li>\n<li>I filtri assorbitori d&#039;acqua assorbono l&#039;acqua e filtrano i contaminanti presenti nel carburante diesel.<\/li>\n<\/ul>\n<p><strong>Applicazioni:<\/strong><\/p>\n<ul>\n<li>Sistemi di distribuzione di carburante diesel e biodiesel<\/li>\n<li>Banchine per carburante marino<\/li>\n<li>Unit\u00e0 mobili di rifornimento<\/li>\n<li>Armadietti di rifornimento<\/li>\n<li>Separatori d&#039;acqua del filtro del carburante<\/li>\n<\/ul>\n<p><strong>Vantaggi:<\/strong><\/p>\n<ul>\n<li>Disponibili in varie configurazioni per soddisfare i requisiti specifici dei motori dei clienti, comprese le versioni marine (omologate UL).<\/li>\n<li>Rimuove l&#039;acqua che entra nel sistema durante il rifornimento. L&#039;acqua presente nel flusso di carburante favorir\u00e0 la crescita batterica, che pu\u00f2 causare filtri intasati e causare la formazione di acidi corrosivi. I componenti sensibili quindi arrugginiscono e si corrodono, causando erosione e usura dei componenti critici del sistema di alimentazione.<\/li>\n<li>Rimuove le particelle dure presenti nell&#039;aria che si introducono durante il rifornimento, come sabbia e silice.<\/li>\n<li>Previene costosi danni agli iniettori e aumenta la durata operativa dei filtri a valle.<\/li>\n<li>Risparmia tempo e denaro eliminando la manutenzione non pianificata e i tempi di fermo non programmati dovuti a guasti dei componenti del sistema.<\/li>\n<li>Il collare ad anello di bloccaggio consente una facile sostituzione del filtro<\/li>\n<\/ul>","protected":false},"excerpt":{"rendered":"<p>Part Number: FBO 60364<\/p>\n<p>Made By: Parker Racor<\/p>\n<p>FBO-14 Water Absorbing Fuel Filter (10 Micron)<\/p>\n<p>Replacement Cartridge Filter Elements &#8211; Racor FBO Series<\/p>","protected":false},"featured_media":240,"comment_status":"closed","ping_status":"closed","template":"","meta":{"_seopress_robots_primary_cat":"none","_seopress_titles_title":"","_seopress_titles_desc":"","_seopress_robots_index":""},"product_brand":[1926,1927],"product_cat":[264,188,21],"product_tag":[265],"class_list":{"0":"post-263","1":"product","2":"type-product","3":"status-publish","4":"has-post-thumbnail","6":"product_brand-parker","7":"product_brand-racor","8":"product_cat-elements-cartridge","9":"product_cat-racor-fuel-filter","10":"product_cat-z-poa","11":"product_tag-racor-replacement-elements-fbo-series","13":"first","14":"onbackorder","15":"taxable","16":"shipping-taxable","17":"purchasable","18":"product-type-simple"},"acpt":{"meta":[{"meta_box":"product-links","meta_fields":[{"name":"product-documents","type":"Post","options":[],"value":null,"default":"","required":false,"showInAdmin":false,"advancedOptions":[]},{"name":"product-videos","type":"Post","options":[],"value":["3370"],"default":"","required":false,"showInAdmin":false,"advancedOptions":[]}]}],"wc_product_data":[]},"_links":{"self":[{"href":"https:\/\/racorshop.de\/it\/wp-json\/wp\/v2\/product\/263","targetHints":{"allow":["GET"]}}],"collection":[{"href":"https:\/\/racorshop.de\/it\/wp-json\/wp\/v2\/product"}],"about":[{"href":"https:\/\/racorshop.de\/it\/wp-json\/wp\/v2\/types\/product"}],"replies":[{"embeddable":true,"href":"https:\/\/racorshop.de\/it\/wp-json\/wp\/v2\/comments?post=263"}],"wp:featuredmedia":[{"embeddable":true,"href":"https:\/\/racorshop.de\/it\/wp-json\/wp\/v2\/media\/240"}],"wp:attachment":[{"href":"https:\/\/racorshop.de\/it\/wp-json\/wp\/v2\/media?parent=263"}],"wp:term":[{"taxonomy":"product_brand","embeddable":true,"href":"https:\/\/racorshop.de\/it\/wp-json\/wp\/v2\/product_brand?post=263"},{"taxonomy":"product_cat","embeddable":true,"href":"https:\/\/racorshop.de\/it\/wp-json\/wp\/v2\/product_cat?post=263"},{"taxonomy":"product_tag","embeddable":true,"href":"https:\/\/racorshop.de\/it\/wp-json\/wp\/v2\/product_tag?post=263"}],"curies":[{"name":"wp","href":"https:\/\/api.w.org\/{rel}","templated":true}]}}