{"id":1230,"date":"2025-02-06T17:15:55","date_gmt":"2025-02-06T17:15:55","guid":{"rendered":"https:\/\/racorshop.de\/?post_type=product&#038;p=1230"},"modified":"2026-04-29T13:31:17","modified_gmt":"2026-04-29T13:31:17","slug":"racor-2040v30-element-30-micron-with-seals","status":"publish","type":"product","link":"https:\/\/racorshop.de\/it\/product\/racor-2040v30-elemento-30-micron-con-guarnizioni\/","title":{"rendered":"Elemento Racor 2040V30 (30 micron con guarnizioni)"},"content":{"rendered":"<p><strong>Filtro a cartuccia di ricambio europeo per 2040PM-OR con supporto Aquabloc\u00ae originale per alloggiamenti per filtri Racor Turbine Series.<\/strong><\/p>\n<p><strong>Panoramica<\/strong><br \/>\nLe tolleranze degli iniettori dei motori diesel sono misurate in micron e i motori pi\u00f9 recenti iniettano carburante a pressioni superiori a 30.000 psi (207 kPa). In queste condizioni, la pi\u00f9 piccola particella di sporco o acqua pu\u00f2 segnare ed erodere i componenti di precisione, causando danni ai motori, alle operazioni e alla redditivit\u00e0.<\/p>\n<p>I separatori di acqua\/filtro carburante Racor Turbine Series hanno un&#039;eccezionale efficienza di rimozione dell&#039;acqua sia per l&#039;acqua libera che per quella emulsionata, una bassa restrizione del flusso di carburante e un&#039;elevata capacit\u00e0 di trattenere lo sporco. Il cuore del sistema sono le tre fasi di coalescenza e filtrazione alimentate dall&#039;elemento filtrante brevettato Aquabloc\u00ae.<\/p>\n<p>Fase 1 Separazione:<br \/>\nQuando il carburante entra nel gruppo del filtro, si muove attraverso la centrifuga della turbina (fissa) e separa solidi di grandi dimensioni e gocce d&#039;acqua che cadono sul fondo del contenitore di raccolta.<\/p>\n<p>Fase 2 Coalescenza:<br \/>\nPiccole gocce d&#039;acqua si accumulano sulla superficie del deflettore conico e dell&#039;elemento della cartuccia. Quando sono abbastanza pesanti, cadono sul fondo della ciotola di raccolta.<\/p>\n<p>Fase 3 Filtrazione:<br \/>\nGli elementi a cartuccia Aquabloc\u00ae proprietari respingono l&#039;acqua e rimuovono i contaminanti solidi dal carburante con un&#039;efficienza pari a 98% della loro classificazione in micron. L&#039;acqua che si raccoglie sulla superficie dell&#039;elemento si condensa in gocce pi\u00f9 grandi che cadono nella vaschetta di raccolta.<\/p>\n<p>Solo gli elementi filtranti a cartuccia Racor originali sono dotati di Aquabloc\u00ae Engineered Media per la massima protezione del motore.<\/p>\n<p><strong>Opzioni di ordinazione:<\/strong><br \/>\n1. Scegliere il tipo di alloggiamento: alloggiamenti serie 500, 900 o 1000. (Se non si conosce il tipo di alloggiamento, scegliere prima l&#039;altezza)<\/p>\n<p>2. Scegli la classificazione Micron:<\/p>\n<ul>\n<li><a href=\"http:\/\/localhost\/racorshop\/product\/racor-2040v2-element-2-micron-with-seals\/\">Elemento Aquabloc\u00ae da \u201c2\u201d micron con efficienza 98% a 4 micron<\/a><\/li>\n<li><a href=\"http:\/\/localhost\/racorshop\/product\/racor-2040v10-element-10-micron-with-seals\/\">Elemento Aquabloc\u00ae da \u201c10\u201d micron con efficienza 98% a 10 micron<\/a><\/li>\n<li><a href=\"http:\/\/localhost\/racorshop\/product\/racor-2040v30-element-30-micron-with-seals\/\">Elemento Aquabloc\u00ae da \u201c30\u201d micron con efficienza 98% a 30 micron<\/a><\/li>\n<\/ul>\n<p>3. Scegliere l&#039;altezza se non si conosce il tipo di abitazione.<\/p>\n<p>4. Scegli lo stile del tappo terminale. Lo stile del tappo terminale stampato nero \u00e8 disponibile per il mercato statunitense. Lo stile in vaso marrone chiaro \u00e8 disponibile in alcuni mercati. Entrambi gli stili hanno identiche prestazioni di filtrazione.<\/p>\n<p><strong>Note importanti:<\/strong><\/p>\n<ul>\n<li>Per gli elementi da 10 e 30 micron \u00e8 necessario un filtro secondario o finale a valle.<\/li>\n<li>I tappi terminali sono codificati a colori per una facile identificazione e applicazione: lettere rosse per la filtrazione primaria da 30 micron, lettere blu per la filtrazione primaria o secondaria da 10 micron e lettere marroni per la filtrazione secondaria\/finale da 2 micron.<\/li>\n<li>Guarnizioni di ricambio incluse<\/li>\n<li>Pi\u00f9 basso \u00e8 il valore di micron, pi\u00f9 fine \u00e8 la filtrazione. Valori di micron pi\u00f9 bassi dovrebbero essere presi in considerazione quando non c&#039;\u00e8 filtrazione aggiuntiva a valle. In definitiva, il valore di micron preferito sar\u00e0 una funzione della qualit\u00e0 del carburante, dei climi operativi e dei programmi di manutenzione.<\/li>\n<\/ul>\n<p><strong>Caratteristiche e vantaggi:<\/strong><\/p>\n<ul>\n<li>Una maniglia di sicurezza integrata semplifica la sostituzione.<\/li>\n<li>Il materiale filtrante Aquabloc\u00ae \u00e8 una miscela di cellulosa di alta qualit\u00e0, arricchita con resine e uno speciale trattamento chimico.<\/li>\n<li>La serie di turbine Racor originali \u00e8 compatibile con gli alloggiamenti delle turbine approvati UL<\/li>\n<li>Il numero verde di Racor \u00e8 riportato sul tappo terminale. Ti mette in contatto con il personale del servizio tecnico di Racor, che pu\u00f2 rispondere a qualsiasi domanda su disponibilit\u00e0, applicazione o servizio.<\/li>\n<\/ul>\n<p><strong>Aquabloc\u00ae \u2013 La storia dall&#039;interno:<\/strong><br \/>\nIl supporto filtrante Aquabloc\u00ae ad altissima efficienza di Racor \u00e8 una miscela progettata di diverse formulazioni: cellulosa di alta qualit\u00e0 mescolata a fibre ingegnerizzate e trattamenti chimici che hanno dimostrato di bloccare l&#039;acqua.<\/p>\n<ul>\n<li>Un filtro carburante\/separatore d&#039;acqua con cartuccia sostituibile \u00e8 la soluzione di filtrazione pi\u00f9 economica.<\/li>\n<li>Il materiale filtrante Aquabloc\u00ae \u00e8 sia ondulato che pieghettato per mantenere le pieghe aperte e offrire un&#039;ampia superficie filtrante effettiva al flusso di carburante diesel.<\/li>\n<li>Poich\u00e9 gli elementi filtranti a cartuccia Aquabloc\u00ae sono disponibili con filtri da 2, 10 e 30 micron, la protezione pu\u00f2 essere personalizzata in base all&#039;applicazione, alla qualit\u00e0 del carburante, agli ambienti operativi e ai programmi di manutenzione.<\/li>\n<li>Il supporto Aquabloc\u00ae aiuta i motori diesel OEM a rispettare i rigidi standard governativi sulle emissioni.<\/li>\n<li>L&#039;elevata capacit\u00e0 di trattenere i contaminanti consente cambi di filtro meno frequenti, aumentando cos\u00ec l&#039;economia operativa.<\/li>\n<li>L&#039;elevata capacit\u00e0 di ritenzione dello sporco del filtro Aquabloc\u00ae prolunga notevolmente la durata dei filtri finali installati sul motore e riduce i costi complessivi di manutenzione della filtrazione.<\/li>\n<\/ul>\n<p><strong>Applicazioni:<\/strong><\/p>\n<ul>\n<li>Tutti i motori diesel con sistema di filtraggio Turbine Series<\/li>\n<li>Marina, generatori, edilizia, su autostrada o fuori autostrada.<\/li>\n<\/ul>","protected":false},"excerpt":{"rendered":"<p>Part Number: 2040V30<br \/>\nMade By: Parker Racor<br \/>\nReplacement Element-Std 30 Micron<br \/>\nCartridge Filter for Racor Turbine Series Filters &#8211; Europe<\/p>","protected":false},"featured_media":1291,"comment_status":"open","ping_status":"closed","template":"","meta":{"_seopress_robots_primary_cat":"","_seopress_titles_title":"","_seopress_titles_desc":"","_seopress_robots_index":""},"product_brand":[1926,1927],"product_cat":[264,188],"product_tag":[1025],"class_list":{"0":"post-1230","1":"product","2":"type-product","3":"status-publish","4":"has-post-thumbnail","6":"product_brand-parker","7":"product_brand-racor","8":"product_cat-elements-cartridge","9":"product_cat-racor-fuel-filter","10":"product_tag-racor-replacement-elements-turbine-series","12":"first","13":"instock","14":"taxable","15":"shipping-taxable","16":"purchasable","17":"product-type-simple"},"acpt":{"meta":[{"meta_box":"product-links","meta_fields":[{"name":"product-documents","type":"Post","options":[],"value":[3051,3054,3058,3061],"default":"","required":false,"showInAdmin":false,"advancedOptions":[]},{"name":"product-videos","type":"Post","options":[],"value":null,"default":"","required":false,"showInAdmin":false,"advancedOptions":[]}]}],"wc_product_data":[]},"_links":{"self":[{"href":"https:\/\/racorshop.de\/it\/wp-json\/wp\/v2\/product\/1230","targetHints":{"allow":["GET"]}}],"collection":[{"href":"https:\/\/racorshop.de\/it\/wp-json\/wp\/v2\/product"}],"about":[{"href":"https:\/\/racorshop.de\/it\/wp-json\/wp\/v2\/types\/product"}],"replies":[{"embeddable":true,"href":"https:\/\/racorshop.de\/it\/wp-json\/wp\/v2\/comments?post=1230"}],"wp:featuredmedia":[{"embeddable":true,"href":"https:\/\/racorshop.de\/it\/wp-json\/wp\/v2\/media\/1291"}],"wp:attachment":[{"href":"https:\/\/racorshop.de\/it\/wp-json\/wp\/v2\/media?parent=1230"}],"wp:term":[{"taxonomy":"product_brand","embeddable":true,"href":"https:\/\/racorshop.de\/it\/wp-json\/wp\/v2\/product_brand?post=1230"},{"taxonomy":"product_cat","embeddable":true,"href":"https:\/\/racorshop.de\/it\/wp-json\/wp\/v2\/product_cat?post=1230"},{"taxonomy":"product_tag","embeddable":true,"href":"https:\/\/racorshop.de\/it\/wp-json\/wp\/v2\/product_tag?post=1230"}],"curies":[{"name":"wp","href":"https:\/\/api.w.org\/{rel}","templated":true}]}}