{"id":2379,"date":"2025-02-26T10:23:22","date_gmt":"2025-02-26T10:23:22","guid":{"rendered":"https:\/\/racorshop.de\/?page_id=2379"},"modified":"2025-11-06T22:28:14","modified_gmt":"2025-11-06T22:28:14","slug":"about-us","status":"publish","type":"page","link":"https:\/\/racorshop.de\/it\/chi-siamo\/","title":{"rendered":"Chi siamo"},"content":{"rendered":"<div class=\"wp-block-group alignfull has-background is-layout-flow wp-block-group-is-layout-flow\" style=\"background-color:#f2f0e9;padding-right:var(--wp--preset--spacing--50);padding-left:var(--wp--preset--spacing--50)\">\n<div style=\"height:70px\" aria-hidden=\"true\" class=\"wp-block-spacer\"><\/div>\n\n\n\n<div class=\"wp-block-columns alignwide are-vertically-aligned-center is-layout-flex wp-container-core-columns-is-layout-28f84493 wp-block-columns-is-layout-flex\">\n<div class=\"wp-block-column is-layout-flow wp-block-column-is-layout-flow\" style=\"flex-basis:50%\">\n<p class=\"has-text-align-left has-text-color\" style=\"color:#000000;font-size:clamp(18.959px, 1.185rem + ((1vw - 3.2px) * 1.255), 30px);line-height:1.1\"><strong>Car-In Automotive<\/strong><\/p>\n<\/div>\n\n\n\n<div class=\"wp-block-column is-layout-flow wp-block-column-is-layout-flow\" style=\"flex-basis:50%\">\n<hr class=\"wp-block-separator has-text-color has-css-opacity has-background is-style-wide is-style-wide--1\" style=\"background-color:#000000;color:#000000\"\/>\n<\/div>\n<\/div>\n\n\n\n<div class=\"wp-block-columns alignwide is-layout-flex wp-container-core-columns-is-layout-28f84493 wp-block-columns-is-layout-flex\">\n<div class=\"wp-block-column is-layout-flow wp-block-column-is-layout-flow\"><\/div>\n\n\n\n<div class=\"wp-block-column is-layout-flow wp-block-column-is-layout-flow\">\n<p class=\"has-text-color has-extra-small-font-size\" style=\"color:#000000\">Siamo un distributore specializzato di ricambi per auto con sede a Telgte, Germania. Disponiamo di un&#039;ampia selezione di filtri Racor popolari per applicazioni marine e altre applicazioni pesanti. La nostra gamma comprende filtri carburante spin-on per motori a benzina e diesel, i famosi gruppi turbina Racor e gli elementi di ricambio.<\/p>\n<\/div>\n\n\n\n<div class=\"wp-block-column is-layout-flow wp-block-column-is-layout-flow\">\n<p class=\"has-text-color has-extra-small-font-size\" style=\"color:#000000\">La gamma Racor di Parker Hannifin \u00e8 ora conosciuta in tutto il mondo come leader di mercato nella filtrazione. Dal 1969, Racor realizza soluzioni di filtrazione per sistemi di aria, CCV, refrigeranti, carburante, idraulici e di olio lubrificante.<\/p>\n<\/div>\n<\/div>\n\n\n\n<div style=\"height:40px\" aria-hidden=\"true\" class=\"wp-block-spacer\"><\/div>\n<\/div>\n\n\n\n<div class=\"wp-block-group alignfull has-global-padding is-layout-constrained wp-block-group-is-layout-constrained\" style=\"margin-top:0;margin-bottom:0\">\n<div class=\"wp-block-group alignwide is-layout-flow wp-container-core-group-is-layout-d58a0413 wp-block-group-is-layout-flow\" style=\"padding-top:var(--wp--preset--spacing--50);padding-bottom:var(--wp--preset--spacing--50)\">\n<h2 class=\"wp-block-heading has-x-large-font-size\">Domande frequenti<\/h2>\n\n\n\n<div class=\"wp-block-columns is-layout-flex wp-container-core-columns-is-layout-cbe57604 wp-block-columns-is-layout-flex\">\n<div class=\"wp-block-column is-layout-flow wp-block-column-is-layout-flow\">\n<div class=\"wp-block-group is-layout-flow wp-block-group-is-layout-flow\" style=\"border-top-color:var(--wp--preset--color--accent-6);border-top-width:1px;padding-top:var(--wp--preset--spacing--30);padding-bottom:var(--wp--preset--spacing--30)\">\n<h3 class=\"wp-block-heading\">Offrite la spedizione gratuita?<\/h3>\n\n\n\n<p>Offriamo opzioni di consegna gratuita in Germania per ordini qualificati soggetti al valore dell&#039;ordine di 75,00 euro o pi\u00f9. Tuttavia, potrebbero essere applicate alcune restrizioni per peso, destinazione di consegna e\/o dimensioni.<\/p>\n<\/div>\n<\/div>\n\n\n\n<div class=\"wp-block-column is-layout-flow wp-block-column-is-layout-flow\">\n<div class=\"wp-block-group is-layout-flow wp-block-group-is-layout-flow\" style=\"border-top-color:var(--wp--preset--color--accent-6);border-top-width:1px;padding-top:var(--wp--preset--spacing--30);padding-bottom:var(--wp--preset--spacing--30)\">\n<h3 class=\"wp-block-heading\">Quali metodi di spedizione sono disponibili?<\/h3>\n\n\n\n<p>Offriamo una selezione di corrieri per il tuo ordine online in base al valore dell&#039;ordine, al peso e alle dimensioni. Per piccoli articoli o ordini di basso valore potremmo utilizzare l&#039;ufficio postale.<\/p>\n<\/div>\n<\/div>\n<\/div>\n\n\n\n<div class=\"wp-block-columns is-layout-flex wp-container-core-columns-is-layout-cbe57604 wp-block-columns-is-layout-flex\">\n<div class=\"wp-block-column is-layout-flow wp-block-column-is-layout-flow\">\n<div class=\"wp-block-group is-layout-flow wp-block-group-is-layout-flow\" style=\"border-top-color:var(--wp--preset--color--accent-6);border-top-width:1px;padding-top:var(--wp--preset--spacing--30);padding-bottom:var(--wp--preset--spacing--30)\">\n<h3 class=\"wp-block-heading\">E per quanto riguarda la politica sui resi?<\/h3>\n\n\n\n<p>Accetteremo i resi se il problema con il tuo ordine \u00e8 dovuto a un nostro errore o se hai ricevuto l&#039;articolo sbagliato. Il nostro team del servizio clienti esaminer\u00e0 ed elaborer\u00e0 la tua richiesta il prima possibile. I beni danneggiati durante il trasporto devono essere gestiti dal corriere.<\/p>\n<\/div>\n<\/div>\n\n\n\n<div class=\"wp-block-column is-layout-flow wp-block-column-is-layout-flow\">\n<div class=\"wp-block-group is-layout-flow wp-block-group-is-layout-flow\" style=\"border-top-color:var(--wp--preset--color--accent-6);border-top-width:1px;padding-top:var(--wp--preset--spacing--30);padding-bottom:var(--wp--preset--spacing--30)\">\n<h3 class=\"wp-block-heading\">In quali paesi vendete?<\/h3>\n\n\n\n<p>Per gli ordini online, possiamo spedire nella maggior parte dei paesi in Europa e nel Regno Unito, con alcune restrizioni. Tuttavia, potrebbe essere possibile spedire in altri paesi se ci contatti telefonicamente o via e-mail con la tua richiesta.<\/p>\n<\/div>\n<\/div>\n<\/div>\n\n\n\n<div class=\"wp-block-columns is-layout-flex wp-container-core-columns-is-layout-cbe57604 wp-block-columns-is-layout-flex\">\n<div class=\"wp-block-column is-layout-flow wp-block-column-is-layout-flow\">\n<div class=\"wp-block-group is-layout-flow wp-block-group-is-layout-flow\" style=\"border-top-color:var(--wp--preset--color--accent-6);border-top-width:1px;padding-top:var(--wp--preset--spacing--30);padding-bottom:var(--wp--preset--spacing--30)\">\n<h3 class=\"wp-block-heading\">Quando verr\u00e0 spedito il mio ordine?<\/h3>\n\n\n\n<p>Se riceviamo il tuo ordine prima delle 2.00 PM e il prodotto \u00e8 disponibile, spediremo il tuo ordine lo stesso giorno. Se il prodotto \u00e8 esaurito o \u00e8 un articolo su ordinazione speciale, ti faremo sapere la data di spedizione stimata.<\/p>\n<\/div>\n<\/div>\n\n\n\n<div class=\"wp-block-column is-layout-flow wp-block-column-is-layout-flow\">\n<div class=\"wp-block-group is-layout-flow wp-block-group-is-layout-flow\" style=\"border-top-color:var(--wp--preset--color--accent-6);border-top-width:1px;padding-top:var(--wp--preset--spacing--30);padding-bottom:var(--wp--preset--spacing--30)\">\n<h3 class=\"wp-block-heading\">Hai bisogno di altre informazioni?<\/h3>\n\n\n\n<p>Se hai domande a cui non \u00e8 stata data risposta qui, ti preghiamo di inviarle al nostro <a href=\"https:\/\/racorshop.de\/it\/contatto\/\" data-type=\"page\" data-id=\"2128\">Modulo di contatto<\/a> oppure contattaci telefonicamente o via email con la tua richiesta.<\/p>\n<\/div>\n<\/div>\n<\/div>\n\n\n\n<div class=\"wp-block-columns is-layout-flex wp-container-core-columns-is-layout-cbe57604 wp-block-columns-is-layout-flex\">\n<div class=\"wp-block-column is-layout-flow wp-block-column-is-layout-flow\">\n<div class=\"wp-block-group is-layout-flow wp-block-group-is-layout-flow\" style=\"border-top-color:var(--wp--preset--color--accent-6);border-top-width:1px;padding-top:var(--wp--preset--spacing--30);padding-bottom:var(--wp--preset--spacing--30)\">\n<h3 class=\"wp-block-heading\">Cosa \u00e8 cambiato negli elementi filtranti Racor 2020 o 2040 con tappi terminali neri?<\/h3>\n\n\n\n<p>Racor ha modificato il processo di sigillatura del mezzo filtrante in un processo di incorporamento nel 2015. Il tipo e la quantit\u00e0 di mezzo Aquabloc, nonch\u00e9 le prestazioni di filtrazione superiori, rimangono gli stessi. Il diametro dell&#039;elemento del tappo terminale nero \u00e8 leggermente pi\u00f9 piccolo, il che migliora il flusso e aiuta a rimuovere l&#039;acqua.<\/p>\n<\/div>\n<\/div>\n\n\n\n<div class=\"wp-block-column is-layout-flow wp-block-column-is-layout-flow\">\n<div class=\"wp-block-group is-layout-flow wp-block-group-is-layout-flow\" style=\"border-top-color:var(--wp--preset--color--accent-6);border-top-width:1px;padding-top:var(--wp--preset--spacing--30);padding-bottom:var(--wp--preset--spacing--30)\">\n<h3 class=\"wp-block-heading\">Qual \u00e8 la differenza tra UL e TUL stampati sui filtri Racor?<\/h3>\n\n\n\n<p>&quot;UL&quot; sta per Underwriters Laboratory. I filtri utilizzati per applicazioni marine a bordo richiedono la certificazione UL. &quot;TUL&quot; significa che il filtro \u00e8 classificato a 10 micron.<\/p>\n<\/div>\n<\/div>\n<\/div>\n\n\n\n<div class=\"wp-block-columns is-layout-flex wp-container-core-columns-is-layout-cbe57604 wp-block-columns-is-layout-flex\">\n<div class=\"wp-block-column is-layout-flow wp-block-column-is-layout-flow\">\n<div class=\"wp-block-group is-layout-flow wp-block-group-is-layout-flow\" style=\"border-top-color:var(--wp--preset--color--accent-6);border-top-width:1px;padding-top:var(--wp--preset--spacing--30);padding-bottom:var(--wp--preset--spacing--30)\">\n<h3 class=\"wp-block-heading\">Come faccio a rimuovere l&#039;elemento dalle ciotole Spin-on in plastica?<\/h3>\n\n\n\n<p id=\"viewer-a9g8q834872\">Le vaschette in plastica utilizzate con l&#039;elemento avvitabile Racor possono essere rimosse con l&#039;apposita chiave per vaschette in plastica; codice articolo RK 22628.<\/p>\n\n\n\n<p id=\"viewer-c1pz4834873\">Se \u00e8 necessario afferrare l&#039;elemento con una chiave a nastro morbida perch\u00e9 \u00e8 troppo stretto per essere rimosso manualmente, per evitare danni afferrarlo solo nella zona vicina alla ciotola attaccata.<\/p>\n\n\n\n<p id=\"viewer-cxuql834874\">Quando si installa un nuovo gruppo filtro, \u00e8 consigliabile smontare l&#039;elemento dalla testa del filtro e dalla tazza, lubrificarlo e rimontarlo manualmente seguendo le istruzioni stampate sull&#039;elemento.<\/p>\n<\/div>\n<\/div>\n\n\n\n<div class=\"wp-block-column is-layout-flow wp-block-column-is-layout-flow\">\n<div class=\"wp-block-group is-layout-flow wp-block-group-is-layout-flow\" style=\"border-top-color:var(--wp--preset--color--accent-6);border-top-width:1px;padding-top:var(--wp--preset--spacing--30);padding-bottom:var(--wp--preset--spacing--30)\">\n<h3 class=\"wp-block-heading\">Perch\u00e9 l&#039;elemento sostitutivo Racor 2010 non si adatta all&#039;alloggiamento della turbina serie 500?<\/h3>\n\n\n\n<p>Nella vecchia serie 500 Turbine, era necessario posizionare un distanziatore ad anello di gomma sotto l&#039;elemento per mantenere l&#039;altezza corretta all&#039;interno dell&#039;alloggiamento. Raggiungere l&#039;interno dell&#039;alloggiamento vuoto e rimuovere il distanziatore di gomma.<\/p>\n\n\n\n<p>I nuovi elementi Racor 2010 sono dotati di un anello inferiore che funge da distanziatore, il che significa che il distanziale in gomma non \u00e8 necessario.<\/p>\n<\/div>\n<\/div>\n<\/div>\n\n\n\n<div class=\"wp-block-columns is-layout-flex wp-container-core-columns-is-layout-cbe57604 wp-block-columns-is-layout-flex\">\n<div class=\"wp-block-column is-layout-flow wp-block-column-is-layout-flow\">\n<div class=\"wp-block-group is-layout-flow wp-block-group-is-layout-flow\" style=\"border-top-color:var(--wp--preset--color--accent-6);border-top-width:1px;padding-top:var(--wp--preset--spacing--30);padding-bottom:var(--wp--preset--spacing--30)\">\n<h3 class=\"wp-block-heading\">Un filtro diesel Racor pu\u00f2 essere utilizzato in un&#039;applicazione a benzina?<\/h3>\n\n\n\n<p>Sebbene i materiali utilizzati nei filtri carburante Racor per alloggiamenti e guarnizioni siano compatibili sia con il gasolio che con la benzina, alcune normative governative impediscono l&#039;uso di filtri diesel non approvati in applicazioni con benzina.<\/p>\n\n\n\n<p>Nota importante: il contenuto di etanolo nella benzina\/benzina non deve superare 20%; i filtri della serie Racor con pulsanti di innesco manuali in plastica non sono adatti per l&#039;uso in applicazioni a benzina o a gasolio<\/p>\n<\/div>\n<\/div>\n\n\n\n<div class=\"wp-block-column is-layout-flow wp-block-column-is-layout-flow\">\n<div class=\"wp-block-group is-layout-flow wp-block-group-is-layout-flow\" style=\"border-top-color:var(--wp--preset--color--accent-6);border-top-width:1px;padding-top:var(--wp--preset--spacing--30);padding-bottom:var(--wp--preset--spacing--30)\">\n<h3 class=\"wp-block-heading\">In quale direzione si trova la guarnizione della sfera di ritegno nelle turbine Racor serie 500, 900 o 1000?<\/h3>\n\n\n\n<p>Nelle serie di turbine 500 e 900\/1000, il lato piatto della guarnizione \u00e8 rivolto verso la sfera, e la sfera si trova sotto la guarnizione.<\/p>\n\n\n\n<p id=\"viewer-2xstp834901\">Durante il rimontaggio della serie 500, inserire la sfera nella turbina di plastica e posizionare la guarnizione con il lato piatto rivolto verso il basso, sulla superficie piana superiore che circonda l&#039;apertura della turbina.<\/p>\n\n\n\n<p>Per la serie 900\/1000, inserisci la sfera nella turbina e installa la guarnizione nel foro di ingresso dell&#039;alloggiamento superiore. Un labbro tiene sollevata la guarnizione. Quindi avvita la turbina di plastica sull&#039;alloggiamento superiore.<\/p>\n<\/div>\n<\/div>\n<\/div>\n<\/div>\n<\/div>","protected":false},"excerpt":{"rendered":"<p>Car-In Automotive We are an specialist automotive parts distributor based in Telgte, Germany. We carry a large selection of popular Racor filters for marine and other heavy duty applications. Our range includes spin-on fuel filters for both petrol and diesel engines, Racor\u2019s famous Turbine assemblies &amp; replacement elements. The Racor range from Parker Hannifin is [&hellip;]<\/p>","protected":false},"author":1,"featured_media":2592,"parent":0,"menu_order":0,"comment_status":"closed","ping_status":"closed","template":"wp-custom-template-pages-wide-featured-image","meta":{"_seopress_robots_primary_cat":"","_seopress_titles_title":"","_seopress_titles_desc":"","_seopress_robots_index":"","footnotes":""},"class_list":["post-2379","page","type-page","status-publish","has-post-thumbnail","hentry"],"acpt":null,"_links":{"self":[{"href":"https:\/\/racorshop.de\/it\/wp-json\/wp\/v2\/pages\/2379","targetHints":{"allow":["GET"]}}],"collection":[{"href":"https:\/\/racorshop.de\/it\/wp-json\/wp\/v2\/pages"}],"about":[{"href":"https:\/\/racorshop.de\/it\/wp-json\/wp\/v2\/types\/page"}],"author":[{"embeddable":true,"href":"https:\/\/racorshop.de\/it\/wp-json\/wp\/v2\/users\/1"}],"replies":[{"embeddable":true,"href":"https:\/\/racorshop.de\/it\/wp-json\/wp\/v2\/comments?post=2379"}],"version-history":[{"count":25,"href":"https:\/\/racorshop.de\/it\/wp-json\/wp\/v2\/pages\/2379\/revisions"}],"predecessor-version":[{"id":3482,"href":"https:\/\/racorshop.de\/it\/wp-json\/wp\/v2\/pages\/2379\/revisions\/3482"}],"wp:featuredmedia":[{"embeddable":true,"href":"https:\/\/racorshop.de\/it\/wp-json\/wp\/v2\/media\/2592"}],"wp:attachment":[{"href":"https:\/\/racorshop.de\/it\/wp-json\/wp\/v2\/media?parent=2379"}],"curies":[{"name":"wp","href":"https:\/\/api.w.org\/{rel}","templated":true}]}}