{"id":954,"date":"2025-02-06T17:14:12","date_gmt":"2025-02-06T17:14:12","guid":{"rendered":"https:\/\/racorshop.de\/?post_type=product&#038;p=954"},"modified":"2025-03-06T20:40:59","modified_gmt":"2025-03-06T20:40:59","slug":"racor-s3216s-spin-on-element","status":"publish","type":"product","link":"https:\/\/racorshop.de\/fr\/product\/element-rotatif-racor-s3216s\/","title":{"rendered":"\u00c9l\u00e9ment vissable Racor S3216S"},"content":{"rendered":"<p>Les \u00e9l\u00e9ments de rechange de la s\u00e9rie Spin-on sont compatibles avec la gamme d&#039;ensembles de filtres \u00e0 carburant\/s\u00e9parateurs d&#039;eau de la s\u00e9rie Spin-on de Racor. Les \u00e9l\u00e9ments pr\u00e9sentent une efficacit\u00e9 d&#039;\u00e9limination exceptionnelle de l&#039;eau en vrac et \u00e9mulsionn\u00e9e, une faible restriction du d\u00e9bit de carburant et une grande capacit\u00e9 de r\u00e9tention de la salet\u00e9. Leur conception unique les rend capables de fonctionner dans les applications modernes de moteurs diesel et essence, o\u00f9 les conditions de haute pression peuvent provoquer le rayage et l&#039;\u00e9rosion des composants de pr\u00e9cision par de minuscules particules de salet\u00e9 et d&#039;eau, entra\u00eenant des dommages au moteur et des temps d&#039;arr\u00eat accrus.<\/p>\n<p>Le corps du filtre est prot\u00e9g\u00e9 par un rev\u00eatement en poudre durable appliqu\u00e9 par voie \u00e9lectrostatique pour une r\u00e9sistance sup\u00e9rieure \u00e0 la corrosion. La conception du filtre \u00e0 visser est simple \u00e0 entretenir et comprend un bol de collecte des contaminants r\u00e9utilisable en plastique technique transparent ou en m\u00e9tal avec un drain auto-ventil\u00e9 pour \u00e9vacuer les contaminants et l&#039;eau collect\u00e9s.<\/p>\n<p>Tous les \u00e9l\u00e9ments filtrants de rechange de la s\u00e9rie Racor Spin-on utilisent le m\u00e9dia technique Aquabloc\u00ae \u00e0 haute efficacit\u00e9 de Racor. Aquabloc\u00ae est un m\u00e9lange de cellulose de haute qualit\u00e9 m\u00e9lang\u00e9e \u00e0 des r\u00e9sines et \u00e0 un traitement chimique sp\u00e9cial. Il int\u00e8gre des ondulations \u00e0 espacement des plis et une structure de pores gradu\u00e9e pour augmenter la capacit\u00e9 de r\u00e9tention de la salet\u00e9 et prolonger la dur\u00e9e de vie du filtre. Le m\u00e9dia est \u00e9tanche et antirouille, capturant les contaminants tandis que la surface sp\u00e9cialement trait\u00e9e s\u00e9pare et coalesce l&#039;eau du carburant, ce qui provoque la collecte de l&#039;eau en grosses gouttelettes qui tombent ensuite dans le bol de collecte du filtre \u00e0 carburant.<\/p>","protected":false},"excerpt":{"rendered":"<p>Part Number: S3216S<br \/>\nMade By: Parker Racor<br \/>\nSpin-on Element 3&#8243; Dia<br \/>\nMarine Replacement Cartridge Filter Elements &#8211; Racor Marine Spin-on Series<\/p>","protected":false},"featured_media":984,"comment_status":"open","ping_status":"closed","template":"","meta":{"_seopress_robots_primary_cat":"","_seopress_titles_title":"","_seopress_titles_desc":"","_seopress_robots_index":""},"product_brand":[1926,1927],"product_cat":[717,188,21],"product_tag":[932],"class_list":{"0":"post-954","1":"product","2":"type-product","3":"status-publish","4":"has-post-thumbnail","6":"product_brand-parker","7":"product_brand-racor","8":"product_cat-elements-spin-on","9":"product_cat-racor-fuel-filter","10":"product_cat-z-poa","11":"product_tag-marine-racor-replacement-elements-spin-on-series","13":"first","14":"onbackorder","15":"taxable","16":"shipping-taxable","17":"purchasable","18":"product-type-simple"},"acpt":{"meta":[{"meta_box":"product-links","meta_fields":[{"name":"product-documents","type":"Post","options":[],"value":null,"default":"","required":false,"showInAdmin":false,"advancedOptions":[]},{"name":"product-videos","type":"Post","options":[],"value":null,"default":"","required":false,"showInAdmin":false,"advancedOptions":[]}]}],"wc_product_data":[]},"_links":{"self":[{"href":"https:\/\/racorshop.de\/fr\/wp-json\/wp\/v2\/product\/954","targetHints":{"allow":["GET"]}}],"collection":[{"href":"https:\/\/racorshop.de\/fr\/wp-json\/wp\/v2\/product"}],"about":[{"href":"https:\/\/racorshop.de\/fr\/wp-json\/wp\/v2\/types\/product"}],"replies":[{"embeddable":true,"href":"https:\/\/racorshop.de\/fr\/wp-json\/wp\/v2\/comments?post=954"}],"wp:featuredmedia":[{"embeddable":true,"href":"https:\/\/racorshop.de\/fr\/wp-json\/wp\/v2\/media\/984"}],"wp:attachment":[{"href":"https:\/\/racorshop.de\/fr\/wp-json\/wp\/v2\/media?parent=954"}],"wp:term":[{"taxonomy":"product_brand","embeddable":true,"href":"https:\/\/racorshop.de\/fr\/wp-json\/wp\/v2\/product_brand?post=954"},{"taxonomy":"product_cat","embeddable":true,"href":"https:\/\/racorshop.de\/fr\/wp-json\/wp\/v2\/product_cat?post=954"},{"taxonomy":"product_tag","embeddable":true,"href":"https:\/\/racorshop.de\/fr\/wp-json\/wp\/v2\/product_tag?post=954"}],"curies":[{"name":"wp","href":"https:\/\/api.w.org\/{rel}","templated":true}]}}