{"id":90,"date":"2025-02-06T17:09:04","date_gmt":"2025-02-06T17:09:04","guid":{"rendered":"https:\/\/racorshop.de\/?post_type=product&#038;p=90"},"modified":"2025-03-11T22:43:54","modified_gmt":"2025-03-11T22:43:54","slug":"racor-afcs221-air-cleaner","status":"publish","type":"product","link":"https:\/\/racorshop.de\/fr\/product\/purificateur-dair-racor-afcs221\/","title":{"rendered":"Purificateur d&#039;air Racor AFCS221"},"content":{"rendered":"<p>Les filtres \u00e0 air Racor continuent de fonctionner dans les climats les plus rudes du monde. Les mod\u00e8les avec pr\u00e9-filtre \u00e9liminent l&#039;eau et la neige du flux d&#039;air, tandis que tous les mod\u00e8les utilisent le m\u00e9dia hydrofuge de Racor, emp\u00eachant les \u00e9l\u00e9ments de devenir satur\u00e9s et bloqu\u00e9s par la glace, tout en gardant le flux d&#039;air propre et sec.<br \/>\nLorsque votre moteur fonctionne dans des conditions difficiles telles que hors route, dans le d\u00e9sert, en mer ou m\u00eame sur la route locale, il a besoin d&#039;air propre et sec. La gamme de filtres \u00e0 air moteur de Racor offre le plus haut degr\u00e9 de filtration et de long\u00e9vit\u00e9 disponible, avec des pr\u00e9-filtres capables d&#039;\u00e9liminer plus de 85% de salet\u00e9 avant d&#039;atteindre l&#039;\u00e9l\u00e9ment filtrant.<br \/>\nDisponible dans diff\u00e9rentes configurations qui permettent une maintenance s\u00fbre et simplifi\u00e9e dans n&#039;importe quelle application. Contactez Car-In Automotive en Allemagne pour plus d&#039;informations.<\/p>","protected":false},"excerpt":{"rendered":"<p>Part Number: AFCS221<br \/>\nMade By: Parker Racor<br \/>\nECO AF EA Series Air Filter Assembly<br \/>\nCartridge Engine Air Filters &#8211; Racor ECO, AF, and EA Series<\/p>","protected":false},"featured_media":85,"comment_status":"open","ping_status":"closed","template":"","meta":{"_seopress_robots_primary_cat":"","_seopress_titles_title":"","_seopress_titles_desc":"","_seopress_robots_index":""},"product_brand":[1926,1927],"product_cat":[25,19,21],"product_tag":[26],"class_list":{"0":"post-90","1":"product","2":"type-product","3":"status-publish","4":"has-post-thumbnail","6":"product_brand-parker","7":"product_brand-racor","8":"product_cat-cleaners","9":"product_cat-racor-air-filter","10":"product_cat-z-poa","11":"product_tag-engine-air-filters-cartridge-eco-af-ea-series","13":"first","14":"onbackorder","15":"taxable","16":"shipping-taxable","17":"purchasable","18":"product-type-simple"},"acpt":{"meta":[{"meta_box":"product-links","meta_fields":[{"name":"product-documents","type":"Post","options":[],"value":null,"default":"","required":false,"showInAdmin":false,"advancedOptions":[]},{"name":"product-videos","type":"Post","options":[],"value":null,"default":"","required":false,"showInAdmin":false,"advancedOptions":[]}]}],"wc_product_data":[]},"_links":{"self":[{"href":"https:\/\/racorshop.de\/fr\/wp-json\/wp\/v2\/product\/90","targetHints":{"allow":["GET"]}}],"collection":[{"href":"https:\/\/racorshop.de\/fr\/wp-json\/wp\/v2\/product"}],"about":[{"href":"https:\/\/racorshop.de\/fr\/wp-json\/wp\/v2\/types\/product"}],"replies":[{"embeddable":true,"href":"https:\/\/racorshop.de\/fr\/wp-json\/wp\/v2\/comments?post=90"}],"wp:featuredmedia":[{"embeddable":true,"href":"https:\/\/racorshop.de\/fr\/wp-json\/wp\/v2\/media\/85"}],"wp:attachment":[{"href":"https:\/\/racorshop.de\/fr\/wp-json\/wp\/v2\/media?parent=90"}],"wp:term":[{"taxonomy":"product_brand","embeddable":true,"href":"https:\/\/racorshop.de\/fr\/wp-json\/wp\/v2\/product_brand?post=90"},{"taxonomy":"product_cat","embeddable":true,"href":"https:\/\/racorshop.de\/fr\/wp-json\/wp\/v2\/product_cat?post=90"},{"taxonomy":"product_tag","embeddable":true,"href":"https:\/\/racorshop.de\/fr\/wp-json\/wp\/v2\/product_tag?post=90"}],"curies":[{"name":"wp","href":"https:\/\/api.w.org\/{rel}","templated":true}]}}