{"id":721,"date":"2025-02-06T17:12:37","date_gmt":"2025-02-06T17:12:37","guid":{"rendered":"https:\/\/racorshop.de\/?post_type=product&#038;p=721"},"modified":"2025-03-06T20:41:06","modified_gmt":"2025-03-06T20:41:06","slug":"racor-r260t-spin-on-cartridge-10-micron","status":"publish","type":"product","link":"https:\/\/racorshop.de\/fr\/product\/cartouche-rotative-racor-r260t-10-microns\/","title":{"rendered":"Cartouche \u00e0 visser Racor R260T 10 microns"},"content":{"rendered":"<p><strong>\u00c9l\u00e9ment filtrant Racor Aquabloc\u00ae 10 microns \u00e0 visser pour la s\u00e9rie 260<\/strong><\/p>\n<p>Les \u00e9l\u00e9ments de rechange de la s\u00e9rie Spin-on sont compatibles avec la gamme d&#039;ensembles de filtres \u00e0 carburant\/s\u00e9parateurs d&#039;eau de la s\u00e9rie Spin-on de Racor. Les \u00e9l\u00e9ments pr\u00e9sentent une efficacit\u00e9 d&#039;\u00e9limination exceptionnelle de l&#039;eau en vrac et \u00e9mulsionn\u00e9e, une faible restriction du d\u00e9bit de carburant et une grande capacit\u00e9 de r\u00e9tention de la salet\u00e9. Leur conception unique les rend capables de fonctionner dans les applications modernes de moteurs diesel et essence, o\u00f9 les conditions de haute pression peuvent provoquer le rayage et l&#039;\u00e9rosion des composants de pr\u00e9cision par de minuscules particules de salet\u00e9 et d&#039;eau, entra\u00eenant des dommages au moteur et des temps d&#039;arr\u00eat accrus.<\/p>\n<p>Le corps du filtre est prot\u00e9g\u00e9 par un rev\u00eatement en poudre durable appliqu\u00e9 par voie \u00e9lectrostatique pour une r\u00e9sistance sup\u00e9rieure \u00e0 la corrosion. La conception du filtre \u00e0 visser est simple \u00e0 entretenir et comprend un bol de collecte des contaminants r\u00e9utilisable en plastique technique transparent ou en m\u00e9tal avec un drain auto-ventil\u00e9 pour \u00e9vacuer les contaminants et l&#039;eau collect\u00e9s.<\/p>\n<p>Tous les \u00e9l\u00e9ments filtrants de rechange de la s\u00e9rie Racor Spin-on utilisent le m\u00e9dia technique Aquabloc\u00ae \u00e0 haute efficacit\u00e9 de Racor. Aquabloc\u00ae est un m\u00e9lange de cellulose de haute qualit\u00e9 m\u00e9lang\u00e9e \u00e0 des r\u00e9sines et \u00e0 un traitement chimique sp\u00e9cial. Il int\u00e8gre des ondulations \u00e0 espacement des plis et une structure de pores gradu\u00e9e pour augmenter la capacit\u00e9 de r\u00e9tention de la salet\u00e9 et prolonger la dur\u00e9e de vie du filtre. Le m\u00e9dia est \u00e9tanche et antirouille, capturant les contaminants tandis que la surface sp\u00e9cialement trait\u00e9e s\u00e9pare et coalesce l&#039;eau du carburant, ce qui provoque la collecte de l&#039;eau en grosses gouttelettes qui tombent ensuite dans le bol de collecte du filtre \u00e0 carburant.<\/p>\n<p>Les \u00e9l\u00e9ments Aquabloc\u00ae repoussent l&#039;eau et \u00e9liminent les contaminants solides du carburant avec une efficacit\u00e9 de 98% pour leur micron. Pour r\u00e9pondre aux exigences sp\u00e9cifiques des moteurs de nos clients, trois micron diff\u00e9rents sont disponibles \u00e0 l&#039;achat\u00a0:<\/p>\n<p>30 microns (98%@30 microns) \u2013 Id\u00e9al comme pr\u00e9filtre pour prot\u00e9ger les filtres en aval d&#039;une contamination excessive. Prolonge la dur\u00e9e de vie des filtres moteur.<\/p>\n<p>10 microns (98%@10 microns) \u2013 Capture plus de contaminants que les \u00e9l\u00e9ments de 30 microns et retient plus efficacement l&#039;eau. Prolonge la dur\u00e9e de vie de l&#039;ensemble du syst\u00e8me d&#039;alimentation en carburant.<\/p>\n<p>\u00ab 2 \u00bb microns (98%@4 microns) \u2013 Offre une \u00e9limination et une filtration maximales de l\u2019eau et est capable de prot\u00e9ger tous les syst\u00e8mes d\u2019injection modernes, tout en prolongeant consid\u00e9rablement la dur\u00e9e de vie des filtres du moteur difficiles \u00e0 entretenir.<\/p>","protected":false},"excerpt":{"rendered":"<p>Part Number: R260T<br \/>\nMade By: Parker Racor<br \/>\nSpin-on Cartridge 10 Micron<br \/>\nReplacement Cartridge Filter Elements &#8211; Racor Spin-on Series<\/p>","protected":false},"featured_media":751,"comment_status":"open","ping_status":"closed","template":"","meta":{"_seopress_robots_primary_cat":"","_seopress_titles_title":"","_seopress_titles_desc":"","_seopress_robots_index":""},"product_brand":[1926,1927],"product_cat":[717,188,21],"product_tag":[718],"class_list":{"0":"post-721","1":"product","2":"type-product","3":"status-publish","4":"has-post-thumbnail","6":"product_brand-parker","7":"product_brand-racor","8":"product_cat-elements-spin-on","9":"product_cat-racor-fuel-filter","10":"product_cat-z-poa","11":"product_tag-racor-replacement-elements-spin-on-series","13":"first","14":"onbackorder","15":"taxable","16":"shipping-taxable","17":"purchasable","18":"product-type-simple"},"acpt":{"meta":[{"meta_box":"product-links","meta_fields":[{"name":"product-documents","type":"Post","options":[],"value":[2961],"default":"","required":false,"showInAdmin":false,"advancedOptions":[]},{"name":"product-videos","type":"Post","options":[],"value":null,"default":"","required":false,"showInAdmin":false,"advancedOptions":[]}]}],"wc_product_data":[]},"_links":{"self":[{"href":"https:\/\/racorshop.de\/fr\/wp-json\/wp\/v2\/product\/721","targetHints":{"allow":["GET"]}}],"collection":[{"href":"https:\/\/racorshop.de\/fr\/wp-json\/wp\/v2\/product"}],"about":[{"href":"https:\/\/racorshop.de\/fr\/wp-json\/wp\/v2\/types\/product"}],"replies":[{"embeddable":true,"href":"https:\/\/racorshop.de\/fr\/wp-json\/wp\/v2\/comments?post=721"}],"wp:featuredmedia":[{"embeddable":true,"href":"https:\/\/racorshop.de\/fr\/wp-json\/wp\/v2\/media\/751"}],"wp:attachment":[{"href":"https:\/\/racorshop.de\/fr\/wp-json\/wp\/v2\/media?parent=721"}],"wp:term":[{"taxonomy":"product_brand","embeddable":true,"href":"https:\/\/racorshop.de\/fr\/wp-json\/wp\/v2\/product_brand?post=721"},{"taxonomy":"product_cat","embeddable":true,"href":"https:\/\/racorshop.de\/fr\/wp-json\/wp\/v2\/product_cat?post=721"},{"taxonomy":"product_tag","embeddable":true,"href":"https:\/\/racorshop.de\/fr\/wp-json\/wp\/v2\/product_tag?post=721"}],"curies":[{"name":"wp","href":"https:\/\/api.w.org\/{rel}","templated":true}]}}