{"id":672,"date":"2025-02-06T17:12:16","date_gmt":"2025-02-06T17:12:16","guid":{"rendered":"https:\/\/racorshop.de\/?post_type=product&#038;p=672"},"modified":"2025-03-06T20:41:08","modified_gmt":"2025-03-06T20:41:08","slug":"racor-r60s-aquabloc-spin-on-element","status":"publish","type":"product","link":"https:\/\/racorshop.de\/fr\/product\/racor-r60s-aquabloc-spin-on-element\/","title":{"rendered":"\u00c9l\u00e9ment \u00e0 visser Racor R60S Aquabloc"},"content":{"rendered":"<p><strong>R60S \u2013 \u00c9l\u00e9ment filtrant Aquabloc\u00ae \u00e0 visser de 2 microns pour s\u00e9ries 760R, 660R, 460R et 360RC<\/strong><\/p>\n<p>Les \u00e9l\u00e9ments filtrants \u00e0 cartouche de rechange de la s\u00e9rie Spin-on sont compatibles avec la gamme d&#039;ensembles filtre \u00e0 carburant\/s\u00e9parateur d&#039;eau Spin-on de Racor. Ces \u00e9l\u00e9ments offrent une efficacit\u00e9 exceptionnelle d&#039;\u00e9limination de l&#039;eau en vrac et \u00e9mulsionn\u00e9e, une faible restriction du d\u00e9bit de carburant et une grande capacit\u00e9 de r\u00e9tention des impuret\u00e9s. Leur conception unique les rend compatibles avec les moteurs diesel et essence modernes, o\u00f9 les conditions de haute pression peuvent provoquer l&#039;\u00e9rosion et la corrosion de composants de pr\u00e9cision par de minuscules particules d&#039;impuret\u00e9s et d&#039;eau, entra\u00eenant des dommages au moteur et des temps d&#039;immobilisation accrus.<\/p>\n<p>Le corps du filtre est prot\u00e9g\u00e9 par un rev\u00eatement en poudre durable appliqu\u00e9 par voie \u00e9lectrostatique pour une r\u00e9sistance sup\u00e9rieure \u00e0 la corrosion. La conception du filtre \u00e0 visser est simple \u00e0 entretenir et comprend un bol de collecte des contaminants r\u00e9utilisable en plastique technique transparent ou en m\u00e9tal avec un drain auto-ventil\u00e9 pour \u00e9vacuer les contaminants et l&#039;eau collect\u00e9s.<\/p>\n<p>Tous les \u00e9l\u00e9ments filtrants \u00e0 cartouche de rechange de la s\u00e9rie Spin-on utilisent le m\u00e9dia filtrant haute efficacit\u00e9 Aquabloc\u00ae de Racor. Aquabloc\u00ae est un m\u00e9lange de cellulose de haute qualit\u00e9, de r\u00e9sines et d&#039;un traitement chimique sp\u00e9cial. Il int\u00e8gre des ondulations espac\u00e9es et une structure poreuse gradu\u00e9e pour augmenter la capacit\u00e9 de r\u00e9tention des impuret\u00e9s et prolonger la dur\u00e9e de vie du filtre. Le m\u00e9dia filtrant est imperm\u00e9able et inoxydable, capturant les contaminants, tandis que sa surface sp\u00e9cialement trait\u00e9e s\u00e9pare et coalesce l&#039;eau du carburant, ce qui permet \u00e0 l&#039;eau de se rassembler en grosses gouttelettes qui tombent ensuite dans la cuve du filtre \u00e0 carburant.<\/p>\n<p>Les \u00e9l\u00e9ments Aquabloc\u00ae repoussent l&#039;eau et \u00e9liminent les contaminants solides du carburant avec une efficacit\u00e9 de 98% pour leur micron. Pour r\u00e9pondre aux exigences sp\u00e9cifiques des moteurs de nos clients, trois micron diff\u00e9rents sont disponibles \u00e0 l&#039;achat\u00a0:<\/p>\n<ul>\n<li><a href=\"http:\/\/localhost\/racorshop\/product\/racor-r60s-aquabloc-anschraubelement\/\">\u00ab 2 \u00bb microns (98%@4 microns) \u2013 Offre une \u00e9limination et une filtration maximales de l\u2019eau et est capable de prot\u00e9ger tous les syst\u00e8mes d\u2019injection modernes, tout en prolongeant consid\u00e9rablement la dur\u00e9e de vie des filtres du moteur difficiles \u00e0 entretenir.<\/a><\/li>\n<li><a href=\"http:\/\/localhost\/racorshop\/product\/racor-r60t-aquabloc-anschraubelement\/\">10 microns (98%@10 microns) \u2013 Capture plus de contaminants que les \u00e9l\u00e9ments de 30 microns et retient plus efficacement l&#039;eau. Prolonge la dur\u00e9e de vie de l&#039;ensemble du syst\u00e8me d&#039;alimentation en carburant.<\/a><\/li>\n<li><a href=\"http:\/\/localhost\/racorshop\/product\/racor-r60p-aquabloc-anschraubelement\/\">30 microns (98%@30 microns) \u2013 Id\u00e9al comme pr\u00e9filtre pour prot\u00e9ger les filtres en aval d&#039;une contamination excessive. Prolonge la dur\u00e9e de vie des filtres moteur standard.<\/a><\/li>\n<\/ul>\n<p><strong>Comment \u00e7a marche :<\/strong><\/p>\n<p>Les filtres Racor Spin-on Series utilisent un m\u00e9dia filtrant Aquabloc\u00ae pour \u00e9liminer efficacement les impuret\u00e9s et l&#039;eau du diesel et de l&#039;essence. Le m\u00e9dia filtrant Aquabloc\u00ae est pliss\u00e9, ondul\u00e9 et con\u00e7u pour un rejet d&#039;eau \u00e9lev\u00e9 et une longue dur\u00e9e de vie. Le carburant entrant dans la t\u00eate du filtre est d\u00e9vi\u00e9 vers le bas, au-del\u00e0 des plis verticaux du m\u00e9dia filtrant, permettant aux grosses gouttelettes d&#039;eau et aux particules de contamination de tomber directement dans le bac collecteur. Les plus petites gouttelettes d&#039;eau convergent et coalescent sur la surface du m\u00e9dia filtrant sp\u00e9cialement trait\u00e9 jusqu&#039;\u00e0 ce qu&#039;elles soient suffisamment grosses pour tomber \u00e9galement dans le bac collecteur. Les petites particules de contamination sont arr\u00eat\u00e9es \u00e0 la surface du m\u00e9dia filtrant Aquabloc\u00ae, tandis que les particules encore plus fines sont retenues plus profond\u00e9ment dans ses couches.<\/p>\n<p><strong>Notes d&#039;utilisation :<\/strong><\/p>\n<p>Les r\u00e9f\u00e9rences des \u00e9l\u00e9ments de filtre \u00e0 carburant sont sp\u00e9cifiquement con\u00e7ues pour chaque s\u00e9rie et type de carburant. Bien que les \u00e9l\u00e9ments de rechange de diff\u00e9rentes s\u00e9ries puissent para\u00eetre similaires ext\u00e9rieurement, leur structure interne peut diff\u00e9rer. N&#039;essayez pas d&#039;utiliser un \u00e9l\u00e9ment de rechange d&#039;une s\u00e9rie sur un autre type de s\u00e9rie.<\/p>\n<p>Les bols transparents sont un \u00e9l\u00e9ment d&#039;inspection du syst\u00e8me de carburant : inspectez-les souvent pour d\u00e9tecter les dommages, les d\u00e9formations et les d\u00e9colorations, et remplacez-les si n\u00e9cessaire.<\/p>\n<p>Pour garantir la s\u00e9lection de l&#039;\u00e9l\u00e9ment de remplacement appropri\u00e9 de la s\u00e9rie Spin-on, suivez les \u00e9tapes ci-dessous\u00a0:<\/p>\n<p>1. Trouvez la s\u00e9rie Racor correspondant \u00e0 votre filtre. Consultez la brochure RSL7529 dans l&#039;onglet Assistance produit pour identifier votre s\u00e9rie.<\/p>\n<p>2. Confirmez le type de connexion en fonction du diam\u00e8tre et du type de filetage de l&#039;ouverture inf\u00e9rieure.<\/p>\n<p>3. S\u00e9lectionnez la hauteur globale de l\u2019\u00e9l\u00e9ment qui correspond \u00e0 l\u2019\u00e9l\u00e9ment filtrant \u00e0 remplacer.<\/p>\n<p>4. Choisissez la taille du diam\u00e8tre ext\u00e9rieur qui correspond \u00e0 l\u2019\u00e9l\u00e9ment filtrant \u00e0 remplacer.<\/p>\n<p>5. S\u00e9lectionnez le type d\u2019\u00e9l\u00e9ment (indice de micron) qui correspond \u00e0 l\u2019\u00e9l\u00e9ment filtrant \u00e0 remplacer.<\/p>\n<p>6. Confirmez le type de filetage (connexion par filetage sup\u00e9rieur).<\/p>\n<p>7. Les attributs peuvent \u00eatre s\u00e9lectionn\u00e9s parmi ceux ci-dessus dans n&#039;importe quel ordre.<\/p>\n<p>March\u00e9s :<\/p>\n<ul>\n<li>Agriculture<\/li>\n<li>Construction<\/li>\n<li>P\u00e9trole et gaz<\/li>\n<li>Sur ou hors route<\/li>\n<li>Production d&#039;\u00e9nergie<\/li>\n<\/ul>\n<p>Applications :<\/p>\n<ul>\n<li>Moteurs diesel et biodiesel<\/li>\n<li>moteurs \u00e0 essence<\/li>\n<\/ul>\n<p>Avantages:<\/p>\n<ul>\n<li>Le m\u00e9dia Aquabloc\u00ae \u00e0 haute efficacit\u00e9 aide les moteurs diesel des \u00e9quipementiers \u00e0 respecter les normes d&#039;\u00e9mission gouvernementales strictes<\/li>\n<li>Offre une \u00e9limination exceptionnelle de l&#039;eau qui p\u00e9n\u00e8tre dans le syst\u00e8me par condensation dans le r\u00e9servoir de carburant. Toute pr\u00e9sence d&#039;eau dans le carburant favorise la prolif\u00e9ration bact\u00e9rienne, ce qui peut obstruer les filtres et entra\u00eener la formation d&#039;acides corrosifs. Les composants sensibles rouillent et se corrodent, entra\u00eenant l&#039;\u00e9rosion et l&#039;usure des composants critiques du syst\u00e8me de carburant.<\/li>\n<li>Emp\u00eache les dommages co\u00fbteux aux injecteurs et augmente la dur\u00e9e de vie op\u00e9rationnelle des filtres en aval.<\/li>\n<li>\u00c9limine les particules dures pr\u00e9sentes dans l\u2019air qui sont introduites lors du ravitaillement, telles que le sable et la silice.<\/li>\n<li>Permet d&#039;\u00e9conomiser du temps et de l&#039;argent en \u00e9liminant la maintenance non planifi\u00e9e et les temps d&#039;arr\u00eat impr\u00e9vus dus \u00e0 une d\u00e9faillance des composants du syst\u00e8me.<\/li>\n<\/ul>\n<p>Caract\u00e9ristiques:<\/p>\n<ul>\n<li>Construit dans un environnement de syst\u00e8me qualit\u00e9 ISO TS 16949 conforme aux exigences environnementales ISO 14001<\/li>\n<li>Rev\u00eatements et construction r\u00e9sistants \u00e0 la corrosion<\/li>\n<li>Les \u00e9l\u00e9ments pr\u00e9sentent une grande capacit\u00e9 de r\u00e9tention de la salet\u00e9 et une longue dur\u00e9e de vie<\/li>\n<li>L&#039;impression sur les canettes est cod\u00e9e par couleur pour une identification et une application faciles : lettrage rouge pour une filtration primaire de 30 microns, lettrage bleu pour une filtration primaire ou secondaire de 10 microns et lettrage marron pour une filtration secondaire\/finale de 2 microns<\/li>\n<li>Bol de r\u00e9cup\u00e9ration r\u00e9utilisable en plastique transparent ou en m\u00e9tal avec drain auto-ventil\u00e9<\/li>\n<li>Diff\u00e9rentes tailles, d\u00e9bits et valeurs nominales en microns (efficacit\u00e9 98% \u00e0 4, 10 ou 30 microns) sont disponibles pour r\u00e9pondre aux exigences uniques des syst\u00e8mes de filtration des clients.<\/li>\n<\/ul>","protected":false},"excerpt":{"rendered":"<p>Part Number: R60S<br \/>\nMade By: Parker Racor<br \/>\nAquabloc Spin-on Element 4.25&#8243;<br \/>\nReplacement Cartridge Filter Elements &#8211; Racor Spin-on Series<\/p>","protected":false},"featured_media":704,"comment_status":"closed","ping_status":"closed","template":"","meta":{"_seopress_robots_primary_cat":"","_seopress_titles_title":"","_seopress_titles_desc":"","_seopress_robots_index":""},"product_brand":[1926,1927],"product_cat":[717,188,21],"product_tag":[718],"class_list":{"0":"post-672","1":"product","2":"type-product","3":"status-publish","4":"has-post-thumbnail","6":"product_brand-parker","7":"product_brand-racor","8":"product_cat-elements-spin-on","9":"product_cat-racor-fuel-filter","10":"product_cat-z-poa","11":"product_tag-racor-replacement-elements-spin-on-series","13":"first","14":"onbackorder","15":"taxable","16":"shipping-taxable","17":"purchasable","18":"product-type-simple"},"acpt":{"meta":[{"meta_box":"product-links","meta_fields":[{"name":"product-documents","type":"Post","options":[],"value":null,"default":"","required":false,"showInAdmin":false,"advancedOptions":[]},{"name":"product-videos","type":"Post","options":[],"value":null,"default":"","required":false,"showInAdmin":false,"advancedOptions":[]}]}],"wc_product_data":[]},"_links":{"self":[{"href":"https:\/\/racorshop.de\/fr\/wp-json\/wp\/v2\/product\/672","targetHints":{"allow":["GET"]}}],"collection":[{"href":"https:\/\/racorshop.de\/fr\/wp-json\/wp\/v2\/product"}],"about":[{"href":"https:\/\/racorshop.de\/fr\/wp-json\/wp\/v2\/types\/product"}],"replies":[{"embeddable":true,"href":"https:\/\/racorshop.de\/fr\/wp-json\/wp\/v2\/comments?post=672"}],"wp:featuredmedia":[{"embeddable":true,"href":"https:\/\/racorshop.de\/fr\/wp-json\/wp\/v2\/media\/704"}],"wp:attachment":[{"href":"https:\/\/racorshop.de\/fr\/wp-json\/wp\/v2\/media?parent=672"}],"wp:term":[{"taxonomy":"product_brand","embeddable":true,"href":"https:\/\/racorshop.de\/fr\/wp-json\/wp\/v2\/product_brand?post=672"},{"taxonomy":"product_cat","embeddable":true,"href":"https:\/\/racorshop.de\/fr\/wp-json\/wp\/v2\/product_cat?post=672"},{"taxonomy":"product_tag","embeddable":true,"href":"https:\/\/racorshop.de\/fr\/wp-json\/wp\/v2\/product_tag?post=672"}],"curies":[{"name":"wp","href":"https:\/\/api.w.org\/{rel}","templated":true}]}}