{"id":595,"date":"2025-02-06T17:11:52","date_gmt":"2025-02-06T17:11:52","guid":{"rendered":"https:\/\/racorshop.de\/?post_type=product&#038;p=595"},"modified":"2026-03-13T11:25:59","modified_gmt":"2026-03-13T11:25:59","slug":"racor-s3240tul-ul-spin-on-element","status":"publish","type":"product","link":"https:\/\/racorshop.de\/fr\/product\/racor-s3240tul-ul-spin-sur-element\/","title":{"rendered":"\u00c9l\u00e9ment \u00e0 visser Racor S3240TUL UL"},"content":{"rendered":"<p>\u00c9l\u00e9ment de remplacement de filtre \u00e0 carburant Racor S3240 TUL utilis\u00e9 dans les ensembles de filtre \u00e0 carburant\/s\u00e9parateur d&#039;eau \u00e0 essence\/essence Racor 120R-RAC-01 et 120R-RAC-02 dans les applications marines.<\/p>\n<p>Ne faites jamais de compromis sur l&#039;efficacit\u00e9 de votre filtre \u00e0 carburant\/s\u00e9parateur d&#039;eau Racor. Insistez toujours sur des \u00e9l\u00e9ments de rechange d&#039;origine Racor, dot\u00e9s de propri\u00e9t\u00e9s hydrofuges Aquabloc. Seuls les \u00e9l\u00e9ments Racor d&#039;origine garantiront que votre filtre Racor fonctionnera comme Racor l&#039;a con\u00e7u.<\/p>\n<p><strong>Caract\u00e9ristiques<\/strong><\/p>\n<ul>\n<li>R\u00e9f\u00e9rence Racor : S3240<\/li>\n<li>\u00c9l\u00e9ment \u00e0 essence \u00e0 visser<\/li>\n<li>10 microns<\/li>\n<li>D\u00e9bit maximal 114 lph<\/li>\n<li>Certifi\u00e9 UL<\/li>\n<\/ul>","protected":false},"excerpt":{"rendered":"<p>Part Number: S3240TUL<\/p>\n<p>Made By: Parker Racor<\/p>\n<p>UL Spin-on Element<\/p>\n<p>Marine Replacement Cartridge Filter Elements &#8211; Racor Marine Spin-on Series<\/p>","protected":false},"featured_media":949,"comment_status":"closed","ping_status":"closed","template":"","meta":{"_seopress_robots_primary_cat":"none","_seopress_titles_title":"","_seopress_titles_desc":"","_seopress_robots_index":""},"product_brand":[1926,1927],"product_cat":[717,188,21],"product_tag":[932],"class_list":{"0":"post-595","1":"product","2":"type-product","3":"status-publish","4":"has-post-thumbnail","6":"product_brand-parker","7":"product_brand-racor","8":"product_cat-elements-spin-on","9":"product_cat-racor-fuel-filter","10":"product_cat-z-poa","11":"product_tag-marine-racor-replacement-elements-spin-on-series","13":"first","14":"onbackorder","15":"taxable","16":"shipping-taxable","17":"purchasable","18":"product-type-simple"},"acpt":{"meta":[{"meta_box":"product-links","meta_fields":[{"name":"product-documents","type":"Post","options":[],"value":null,"default":"","required":false,"showInAdmin":false,"advancedOptions":[]},{"name":"product-videos","type":"Post","options":[],"value":null,"default":"","required":false,"showInAdmin":false,"advancedOptions":[]}]}],"wc_product_data":[]},"_links":{"self":[{"href":"https:\/\/racorshop.de\/fr\/wp-json\/wp\/v2\/product\/595","targetHints":{"allow":["GET"]}}],"collection":[{"href":"https:\/\/racorshop.de\/fr\/wp-json\/wp\/v2\/product"}],"about":[{"href":"https:\/\/racorshop.de\/fr\/wp-json\/wp\/v2\/types\/product"}],"replies":[{"embeddable":true,"href":"https:\/\/racorshop.de\/fr\/wp-json\/wp\/v2\/comments?post=595"}],"wp:featuredmedia":[{"embeddable":true,"href":"https:\/\/racorshop.de\/fr\/wp-json\/wp\/v2\/media\/949"}],"wp:attachment":[{"href":"https:\/\/racorshop.de\/fr\/wp-json\/wp\/v2\/media?parent=595"}],"wp:term":[{"taxonomy":"product_brand","embeddable":true,"href":"https:\/\/racorshop.de\/fr\/wp-json\/wp\/v2\/product_brand?post=595"},{"taxonomy":"product_cat","embeddable":true,"href":"https:\/\/racorshop.de\/fr\/wp-json\/wp\/v2\/product_cat?post=595"},{"taxonomy":"product_tag","embeddable":true,"href":"https:\/\/racorshop.de\/fr\/wp-json\/wp\/v2\/product_tag?post=595"}],"curies":[{"name":"wp","href":"https:\/\/api.w.org\/{rel}","templated":true}]}}