{"id":594,"date":"2025-02-06T17:11:52","date_gmt":"2025-02-06T17:11:52","guid":{"rendered":"https:\/\/racorshop.de\/?post_type=product&#038;p=594"},"modified":"2025-03-06T20:40:57","modified_gmt":"2025-03-06T20:40:57","slug":"racor-s3240-spin-on-element-3-dia","status":"publish","type":"product","link":"https:\/\/racorshop.de\/fr\/product\/element-rotatif-racor-s3240-3-dia\/","title":{"rendered":"\u00c9l\u00e9ment vissable Racor S3240 de 3 po de diam\u00e8tre"},"content":{"rendered":"<p>\u00c9l\u00e9ment de remplacement de filtre \u00e0 carburant Racor S3240 utilis\u00e9 dans les ensembles filtre \u00e0 carburant\/s\u00e9parateur d&#039;eau essence\/essence Racor 120R-RAC-01 et 120R-RAC-02.<\/p>\n<p>Ne faites jamais de compromis sur l&#039;efficacit\u00e9 de votre filtre \u00e0 carburant\/s\u00e9parateur d&#039;eau Racor. Insistez toujours sur des \u00e9l\u00e9ments de rechange d&#039;origine Racor, dot\u00e9s de propri\u00e9t\u00e9s hydrofuges Aquabloc. Seuls les \u00e9l\u00e9ments Racor d&#039;origine garantiront que votre filtre Racor fonctionnera comme Racor l&#039;a con\u00e7u.<\/p>\n<p><strong>Caract\u00e9ristiques<\/strong><\/p>\n<ul>\n<li>R\u00e9f\u00e9rence Racor : S3240<\/li>\n<li>\u00c9l\u00e9ment \u00e0 essence \u00e0 visser<\/li>\n<li>10 microns<\/li>\n<li>D\u00e9bit maximal 114 lph<\/li>\n<\/ul>","protected":false},"excerpt":{"rendered":"<p>Part Number: S3240<\/p>\n<p>Made By: Parker Racor<\/p>\n<p>Spin-on Element 3&#8243; Dia<\/p>\n<p>Marine Replacement Cartridge Filter Elements &#8211; Racor Marine Spin-on Series<\/p>","protected":false},"featured_media":948,"comment_status":"open","ping_status":"closed","template":"","meta":{"_seopress_robots_primary_cat":"","_seopress_titles_title":"","_seopress_titles_desc":"","_seopress_robots_index":""},"product_brand":[1926,1927],"product_cat":[717,188],"product_tag":[932],"class_list":{"0":"post-594","1":"product","2":"type-product","3":"status-publish","4":"has-post-thumbnail","6":"product_brand-parker","7":"product_brand-racor","8":"product_cat-elements-spin-on","9":"product_cat-racor-fuel-filter","10":"product_tag-marine-racor-replacement-elements-spin-on-series","12":"first","13":"instock","14":"taxable","15":"shipping-taxable","16":"purchasable","17":"product-type-simple"},"acpt":{"meta":[{"meta_box":"product-links","meta_fields":[{"name":"product-documents","type":"Post","options":[],"value":null,"default":"","required":false,"showInAdmin":false,"advancedOptions":[]},{"name":"product-videos","type":"Post","options":[],"value":null,"default":"","required":false,"showInAdmin":false,"advancedOptions":[]}]}],"wc_product_data":[]},"_links":{"self":[{"href":"https:\/\/racorshop.de\/fr\/wp-json\/wp\/v2\/product\/594","targetHints":{"allow":["GET"]}}],"collection":[{"href":"https:\/\/racorshop.de\/fr\/wp-json\/wp\/v2\/product"}],"about":[{"href":"https:\/\/racorshop.de\/fr\/wp-json\/wp\/v2\/types\/product"}],"replies":[{"embeddable":true,"href":"https:\/\/racorshop.de\/fr\/wp-json\/wp\/v2\/comments?post=594"}],"wp:featuredmedia":[{"embeddable":true,"href":"https:\/\/racorshop.de\/fr\/wp-json\/wp\/v2\/media\/948"}],"wp:attachment":[{"href":"https:\/\/racorshop.de\/fr\/wp-json\/wp\/v2\/media?parent=594"}],"wp:term":[{"taxonomy":"product_brand","embeddable":true,"href":"https:\/\/racorshop.de\/fr\/wp-json\/wp\/v2\/product_brand?post=594"},{"taxonomy":"product_cat","embeddable":true,"href":"https:\/\/racorshop.de\/fr\/wp-json\/wp\/v2\/product_cat?post=594"},{"taxonomy":"product_tag","embeddable":true,"href":"https:\/\/racorshop.de\/fr\/wp-json\/wp\/v2\/product_tag?post=594"}],"curies":[{"name":"wp","href":"https:\/\/api.w.org\/{rel}","templated":true}]}}