{"id":546,"date":"2025-02-06T17:11:38","date_gmt":"2025-02-06T17:11:38","guid":{"rendered":"https:\/\/racorshop.de\/?post_type=product&#038;p=546"},"modified":"2026-01-28T12:46:43","modified_gmt":"2026-01-28T12:46:43","slug":"racor-500fg30-fuel-water-separator-500fg","status":"publish","type":"product","link":"https:\/\/racorshop.de\/fr\/product\/separateur-eau-carburant-racor-500fg30-500fg\/","title":{"rendered":"Racor 500FG30 Fuel Water Separator"},"content":{"rendered":"<p><a href=\"https:\/\/racorshop.de\/wp-content\/uploads\/2025\/02\/500FG-Teile-mit-link-de.pdf\">500FG Einzelteile_deutsch de<\/a><br \/>\n<a href=\"https:\/\/racorshop.de\/wp-content\/uploads\/2025\/02\/500FG-Teile-mit-links.pdf\">500FG spareparts_english<\/a><\/p>\n<p>Le s\u00e9parateur d&#039;eau diesel marin et filtre \u00e0 carburant Racor 500FG30 est livr\u00e9 avec un filtre de 30 microns et un bol en verre pour une d\u00e9tection d&#039;eau visible - Il est con\u00e7u pour l&#039;installation d&#039;un filtre primaire uniquement - Les ensembles de filtres de la s\u00e9rie Turbine de Racor sont con\u00e7us pour \u00eatre install\u00e9s sur le c\u00f4t\u00e9 vide de la pompe de transfert de carburant pour une meilleure efficacit\u00e9 et pour prot\u00e9ger les composants du moteur de pr\u00e9cision de la salet\u00e9, de la rouille, des algues, des asphaltines, des vernis et surtout de l&#039;eau, qui est r\u00e9pandue dans les carburants des moteurs de bateaux.<\/p>\n<ul>\n<li>30 microns (98%@30 microns)<\/li>\n<li>Peut \u00eatre utilis\u00e9 comme pr\u00e9filtre pour prot\u00e9ger les filtres en aval d&#039;une contamination excessive<\/li>\n<li>Prolonge la dur\u00e9e de vie des filtres existants sur le moteur<\/li>\n<\/ul>","protected":false},"excerpt":{"rendered":"<p>Part Number: 500FG30<\/p>\n<p>Made By: Parker Racor<\/p>\n<p>Fuel Filter\/Water Separator-500FG<\/p>\n<p>Fuel Filter Water Separator &#8211; Racor Turbine Series<\/p>","protected":false},"featured_media":569,"comment_status":"closed","ping_status":"closed","template":"","meta":{"_seopress_robots_primary_cat":"none","_seopress_titles_title":"","_seopress_titles_desc":"","_seopress_robots_index":""},"product_brand":[1926,1927],"product_cat":[188,189,21],"product_tag":[651],"class_list":{"0":"post-546","1":"product","2":"type-product","3":"status-publish","4":"has-post-thumbnail","6":"product_brand-parker","7":"product_brand-racor","8":"product_cat-racor-fuel-filter","9":"product_cat-water-separators","10":"product_cat-z-poa","11":"product_tag-fuel-filter-water-separator-turbine-series","13":"first","14":"onbackorder","15":"taxable","16":"shipping-taxable","17":"purchasable","18":"product-type-simple"},"acpt":{"meta":[{"meta_box":"product-links","meta_fields":[{"name":"product-documents","type":"Post","options":[],"value":null,"default":"","required":false,"showInAdmin":false,"advancedOptions":[]},{"name":"product-videos","type":"Post","options":[],"value":["2800","2801"],"default":"","required":false,"showInAdmin":false,"advancedOptions":[]}]}],"wc_product_data":[]},"_links":{"self":[{"href":"https:\/\/racorshop.de\/fr\/wp-json\/wp\/v2\/product\/546","targetHints":{"allow":["GET"]}}],"collection":[{"href":"https:\/\/racorshop.de\/fr\/wp-json\/wp\/v2\/product"}],"about":[{"href":"https:\/\/racorshop.de\/fr\/wp-json\/wp\/v2\/types\/product"}],"replies":[{"embeddable":true,"href":"https:\/\/racorshop.de\/fr\/wp-json\/wp\/v2\/comments?post=546"}],"wp:featuredmedia":[{"embeddable":true,"href":"https:\/\/racorshop.de\/fr\/wp-json\/wp\/v2\/media\/569"}],"wp:attachment":[{"href":"https:\/\/racorshop.de\/fr\/wp-json\/wp\/v2\/media?parent=546"}],"wp:term":[{"taxonomy":"product_brand","embeddable":true,"href":"https:\/\/racorshop.de\/fr\/wp-json\/wp\/v2\/product_brand?post=546"},{"taxonomy":"product_cat","embeddable":true,"href":"https:\/\/racorshop.de\/fr\/wp-json\/wp\/v2\/product_cat?post=546"},{"taxonomy":"product_tag","embeddable":true,"href":"https:\/\/racorshop.de\/fr\/wp-json\/wp\/v2\/product_tag?post=546"}],"curies":[{"name":"wp","href":"https:\/\/api.w.org\/{rel}","templated":true}]}}