{"id":372,"date":"2025-02-06T17:10:36","date_gmt":"2025-02-06T17:10:36","guid":{"rendered":"https:\/\/racorshop.de\/?post_type=product&#038;p=372"},"modified":"2025-03-11T22:54:55","modified_gmt":"2025-03-11T22:54:55","slug":"racor-pff5607-p-series-fuel-filter","status":"publish","type":"product","link":"https:\/\/racorshop.de\/fr\/product\/filtre-a-carburant-racor-pff5607-serie-p\/","title":{"rendered":"Filtre \u00e0 carburant Racor PFF5607 s\u00e9rie P"},"content":{"rendered":"<p>Les \u00e9l\u00e9ments filtrants \u00e0 cartouche de rechange de la s\u00e9rie P sont compatibles avec les modules de conditionnement de carburant diesel Racor des s\u00e9ries P3, P4 et P5 (DFCM). Ils utilisent le m\u00e9dia filtrant brevet\u00e9 Aquabloc\u00ae, qui offre d&#039;excellentes capacit\u00e9s d&#039;\u00e9limination de l&#039;eau et de r\u00e9tention des impuret\u00e9s.<\/p>\n<p>Ces \u00e9l\u00e9ments pr\u00e9sentent une efficacit\u00e9 exceptionnelle d&#039;\u00e9limination de l&#039;eau en vrac et \u00e9mulsionn\u00e9e, une faible restriction du d\u00e9bit de carburant et une grande capacit\u00e9 de r\u00e9tention des impuret\u00e9s. Leur conception unique les rend compatibles avec les moteurs diesel et essence modernes, o\u00f9 les conditions de haute pression peuvent provoquer l&#039;\u00e9rosion et le rayage de composants de pr\u00e9cision par de minuscules particules d&#039;impuret\u00e9s et d&#039;eau, entra\u00eenant des dommages au moteur et des temps d&#039;immobilisation accrus.<\/p>\n<p>Les cartouches filtrantes de rechange de la s\u00e9rie P utilisent le m\u00e9dia filtrant haute efficacit\u00e9 Aquabloc\u00ae de Racor. Aquabloc\u00ae est un m\u00e9lange de cellulose de haute qualit\u00e9, de r\u00e9sines et d&#039;un traitement chimique sp\u00e9cial. Il int\u00e8gre des ondulations espac\u00e9es et une structure poreuse gradu\u00e9e pour augmenter la capacit\u00e9 de r\u00e9tention des impuret\u00e9s et prolonger la dur\u00e9e de vie du filtre. Le m\u00e9dia filtrant est \u00e9tanche et inoxydable, capturant les contaminants, tandis que sa surface sp\u00e9cialement trait\u00e9e s\u00e9pare et coalesce l&#039;eau du carburant, ce qui permet \u00e0 l&#039;eau de se rassembler en grosses gouttelettes qui tombent ensuite dans la cuvette de r\u00e9cup\u00e9ration transparente du filtre \u00e0 carburant.<\/p>\n<p>Les \u00e9l\u00e9ments Aquabloc\u00ae repoussent l&#039;eau et \u00e9liminent les contaminants solides du carburant avec une efficacit\u00e9 de 98% de leur indice de micron.<\/p>\n<p><strong>Options de filtration :<\/strong><\/p>\n<ul>\n<li>30 microns (98%@30 microns) \u2013 Id\u00e9al comme pr\u00e9filtre pour prot\u00e9ger les filtres en aval d&#039;une contamination excessive. Prolonge la dur\u00e9e de vie des filtres moteur.<\/li>\n<li>10 microns (98%@10 microns) \u2013 Capture plus de contaminants que les \u00e9l\u00e9ments de 30 microns et retient plus efficacement l&#039;eau. Prolonge la dur\u00e9e de vie de l&#039;ensemble du syst\u00e8me d&#039;alimentation en carburant.<\/li>\n<li>\u00ab 2 \u00bb microns (98%@4 microns) \u2013 Offre une \u00e9limination et une filtration maximales de l\u2019eau et est capable de prot\u00e9ger tous les syst\u00e8mes d\u2019injection modernes, tout en prolongeant consid\u00e9rablement la dur\u00e9e de vie des filtres du moteur difficiles \u00e0 entretenir.<\/li>\n<\/ul>\n<p><strong>Comment ils fonctionnent :<\/strong><\/p>\n<p>Les modules de conditionnement de carburant de la s\u00e9rie P sont \u00e9quip\u00e9s d&#039;une cartouche filtrante pliss\u00e9e primaire qui bloque la contamination particulaire et l&#039;eau libre. Le carburant propre et sec p\u00e9n\u00e8tre ensuite dans la pompe \u00e0 carburant int\u00e9gr\u00e9e, qui alimente le reste du syst\u00e8me en d\u00e9bit et en pression.<\/p>\n<p>Le module de polissage du carburant est utilis\u00e9 dans un syst\u00e8me \u00e0 circulation ferm\u00e9e ou comme syst\u00e8me de transfert de carburant, avec une pression de sortie maximale de 26 psi (179 kPa). La circulation et la filtration du carburant dans un r\u00e9servoir permettent de le maintenir propre et sec avant son transfert dans un v\u00e9hicule ou un r\u00e9servoir stationnaire.<\/p>\n<p>Les deux modules de style s\u00e9rie P contiennent des m\u00e9dias Aquabloc\u00ae haute performance dans une conception de cartouche, qui offre une filtration sup\u00e9rieure tout en restant respectueux de l&#039;environnement.<\/p>","protected":false},"excerpt":{"rendered":"<p>Part Number: PFF5607<\/p>\n<p>Made By: Parker Racor<\/p>\n<p>P Series Replacement Fuel Filter Cartridge-Parfit<\/p>\n<p>Replacement Cartridge Filter Elements &#8211; Racor P Series<\/p>","protected":false},"featured_media":367,"comment_status":"open","ping_status":"closed","template":"","meta":{"_seopress_robots_primary_cat":"","_seopress_titles_title":"","_seopress_titles_desc":"","_seopress_robots_index":""},"product_brand":[1926,1927],"product_cat":[264,188],"product_tag":[518],"class_list":{"0":"post-372","1":"product","2":"type-product","3":"status-publish","4":"has-post-thumbnail","6":"product_brand-parker","7":"product_brand-racor","8":"product_cat-elements-cartridge","9":"product_cat-racor-fuel-filter","10":"product_tag-racor-replacement-elements-p-series","12":"first","13":"instock","14":"taxable","15":"shipping-taxable","16":"purchasable","17":"product-type-simple"},"acpt":{"meta":[{"meta_box":"product-links","meta_fields":[{"name":"product-documents","type":"Post","options":[],"value":[2300],"default":"","required":false,"showInAdmin":false,"advancedOptions":[]},{"name":"product-videos","type":"Post","options":[],"value":null,"default":"","required":false,"showInAdmin":false,"advancedOptions":[]}]}],"wc_product_data":[]},"_links":{"self":[{"href":"https:\/\/racorshop.de\/fr\/wp-json\/wp\/v2\/product\/372","targetHints":{"allow":["GET"]}}],"collection":[{"href":"https:\/\/racorshop.de\/fr\/wp-json\/wp\/v2\/product"}],"about":[{"href":"https:\/\/racorshop.de\/fr\/wp-json\/wp\/v2\/types\/product"}],"replies":[{"embeddable":true,"href":"https:\/\/racorshop.de\/fr\/wp-json\/wp\/v2\/comments?post=372"}],"wp:featuredmedia":[{"embeddable":true,"href":"https:\/\/racorshop.de\/fr\/wp-json\/wp\/v2\/media\/367"}],"wp:attachment":[{"href":"https:\/\/racorshop.de\/fr\/wp-json\/wp\/v2\/media?parent=372"}],"wp:term":[{"taxonomy":"product_brand","embeddable":true,"href":"https:\/\/racorshop.de\/fr\/wp-json\/wp\/v2\/product_brand?post=372"},{"taxonomy":"product_cat","embeddable":true,"href":"https:\/\/racorshop.de\/fr\/wp-json\/wp\/v2\/product_cat?post=372"},{"taxonomy":"product_tag","embeddable":true,"href":"https:\/\/racorshop.de\/fr\/wp-json\/wp\/v2\/product_tag?post=372"}],"curies":[{"name":"wp","href":"https:\/\/api.w.org\/{rel}","templated":true}]}}