{"id":357,"date":"2025-02-06T17:10:26","date_gmt":"2025-02-06T17:10:26","guid":{"rendered":"https:\/\/racorshop.de\/?post_type=product&#038;p=357"},"modified":"2025-03-06T20:42:17","modified_gmt":"2025-03-06T20:42:17","slug":"racor-r5809510-greenmax-filter-cartridge","status":"publish","type":"product","link":"https:\/\/racorshop.de\/fr\/product\/cartouche-filtrante-racor-r5809510-greenmax\/","title":{"rendered":"Cartouche filtrante Racor R5809510 GreenMax"},"content":{"rendered":"<p>Les \u00e9l\u00e9ments filtrants de rechange GreenMAX\u2122 sont con\u00e7us pour \u00eatre utilis\u00e9s dans les bo\u00eetiers de filtre \u00e0 carburant GreenMAX (6600, 4400). Ils utilisent le m\u00e9dia filtrant brevet\u00e9 Aquabloc\u00ae, qui leur conf\u00e8re une excellente capacit\u00e9 d&#039;\u00e9limination de l&#039;eau et de r\u00e9tention des impuret\u00e9s.<\/p>\n<p>Les \u00e9l\u00e9ments de remplacement pr\u00e9sentent une efficacit\u00e9 exceptionnelle d&#039;\u00e9limination de l&#039;eau en vrac et \u00e9mulsionn\u00e9e, une faible restriction du d\u00e9bit de carburant et une grande capacit\u00e9 de r\u00e9tention des impuret\u00e9s. La conception unique des cartouches GreenMax les rend id\u00e9ales pour les moteurs diesel modernes, o\u00f9 les conditions de haute pression peuvent provoquer l&#039;\u00e9rosion et le rayage des composants de pr\u00e9cision par de minuscules particules d&#039;impuret\u00e9s et d&#039;eau, entra\u00eenant des dommages au moteur et des temps d&#039;immobilisation accrus.<\/p>\n<p>Tous les \u00e9l\u00e9ments filtrants \u00e0 cartouche de rechange de la s\u00e9rie GreenMAX utilisent le m\u00e9dia filtrant haute efficacit\u00e9 Aquabloc\u00ae de Racor. Aquabloc\u00ae est un m\u00e9lange de cellulose de haute qualit\u00e9, de r\u00e9sines et d&#039;un traitement chimique sp\u00e9cial. Il int\u00e8gre des ondulations espac\u00e9es et une structure poreuse gradu\u00e9e pour augmenter la capacit\u00e9 de r\u00e9tention des impuret\u00e9s et prolonger la dur\u00e9e de vie du filtre. Le m\u00e9dia filtrant est imperm\u00e9able et inoxydable, capturant les contaminants, tandis que sa surface sp\u00e9cialement trait\u00e9e s\u00e9pare et coalesce l&#039;eau du carburant, ce qui permet \u00e0 l&#039;eau de se rassembler en grosses gouttelettes qui tombent ensuite dans la cuvette de r\u00e9cup\u00e9ration transparente du filtre \u00e0 carburant.<\/p>\n<p><strong>Options de filtration :<\/strong><\/p>\n<p>30 microns (98%@30 microns) \u2013 Id\u00e9al comme pr\u00e9filtre pour prot\u00e9ger les filtres en aval d&#039;une contamination excessive. Prolonge la dur\u00e9e de vie des filtres moteur.<\/p>\n<p>10 microns (98%@10 microns) \u2013 Capture plus de contaminants que les \u00e9l\u00e9ments de 30 microns et retient plus efficacement l&#039;eau. Prolonge la dur\u00e9e de vie de l&#039;ensemble du syst\u00e8me d&#039;alimentation en carburant.<\/p>\n<p>\u00ab 2 \u00bb microns (98%@4 microns) \u2013 Offre une \u00e9limination et une filtration maximales de l\u2019eau et est capable de prot\u00e9ger tous les syst\u00e8mes d\u2019injection modernes, tout en prolongeant consid\u00e9rablement la dur\u00e9e de vie des filtres du moteur difficiles \u00e0 entretenir.<\/p>\n<p>Coalesceur en profondeur (98% \u00e0 4 microns) - Le m\u00e9dia coalesceur en profondeur Aquabloc\u00ae a \u00e9t\u00e9 d\u00e9velopp\u00e9 pour les clients OEM qui recherchent une efficacit\u00e9 in\u00e9gal\u00e9e en mati\u00e8re d&#039;\u00e9limination de l&#039;eau \u00e9mulsifi\u00e9e dans les carburants de mauvaise qualit\u00e9 et les m\u00e9langes de biodiesel. Les coalesceurs en profondeur utilisent un syst\u00e8me multi-\u00e9tages compos\u00e9 d&#039;un \u00e9l\u00e9ment primaire o\u00f9 le carburant et l&#039;eau \u00e9mulsifi\u00e9e circulent \u00e0 travers plusieurs couches de fibres ultrafines et denses. Ces fibres attirent l&#039;eau \u00e9mulsifi\u00e9e du carburant, permettant la formation de fines gouttelettes d&#039;eau le long des fibres lors de leur passage. Lorsque les fines gouttelettes d&#039;eau \u00e9mergent de l&#039;autre c\u00f4t\u00e9, une couche de tamisage finale les collecte pour obtenir des tailles plus importantes. Ensuite, un \u00e9l\u00e9ment secondaire constitue une barri\u00e8re finale qui retient et collecte les gouttes d&#039;eau jusqu&#039;\u00e0 ce qu&#039;elles soient suffisamment grosses pour tomber dans le bol. La capture des particules s&#039;effectue tout au long de l&#039;\u00e9tage primaire.<\/p>","protected":false},"excerpt":{"rendered":"<p>Part Number: R58095-10<br \/>\nMade By: Parker Racor<br \/>\nGreenMax Replacement Fuel Filter Cartridge<br \/>\nReplacement Cartridge Filter Elements &#8211; Racor P Series<\/p>","protected":false},"featured_media":367,"comment_status":"open","ping_status":"closed","template":"","meta":{"_seopress_robots_primary_cat":"","_seopress_titles_title":"","_seopress_titles_desc":"","_seopress_robots_index":""},"product_brand":[1926,1927],"product_cat":[264,188,21],"product_tag":[518],"class_list":{"0":"post-357","1":"product","2":"type-product","3":"status-publish","4":"has-post-thumbnail","6":"product_brand-parker","7":"product_brand-racor","8":"product_cat-elements-cartridge","9":"product_cat-racor-fuel-filter","10":"product_cat-z-poa","11":"product_tag-racor-replacement-elements-p-series","13":"first","14":"outofstock","15":"taxable","16":"shipping-taxable","17":"product-type-simple"},"acpt":{"meta":[{"meta_box":"product-links","meta_fields":[{"name":"product-documents","type":"Post","options":[],"value":null,"default":"","required":false,"showInAdmin":false,"advancedOptions":[]},{"name":"product-videos","type":"Post","options":[],"value":[3384],"default":"","required":false,"showInAdmin":false,"advancedOptions":[]}]}],"wc_product_data":[]},"_links":{"self":[{"href":"https:\/\/racorshop.de\/fr\/wp-json\/wp\/v2\/product\/357","targetHints":{"allow":["GET"]}}],"collection":[{"href":"https:\/\/racorshop.de\/fr\/wp-json\/wp\/v2\/product"}],"about":[{"href":"https:\/\/racorshop.de\/fr\/wp-json\/wp\/v2\/types\/product"}],"replies":[{"embeddable":true,"href":"https:\/\/racorshop.de\/fr\/wp-json\/wp\/v2\/comments?post=357"}],"wp:featuredmedia":[{"embeddable":true,"href":"https:\/\/racorshop.de\/fr\/wp-json\/wp\/v2\/media\/367"}],"wp:attachment":[{"href":"https:\/\/racorshop.de\/fr\/wp-json\/wp\/v2\/media?parent=357"}],"wp:term":[{"taxonomy":"product_brand","embeddable":true,"href":"https:\/\/racorshop.de\/fr\/wp-json\/wp\/v2\/product_brand?post=357"},{"taxonomy":"product_cat","embeddable":true,"href":"https:\/\/racorshop.de\/fr\/wp-json\/wp\/v2\/product_cat?post=357"},{"taxonomy":"product_tag","embeddable":true,"href":"https:\/\/racorshop.de\/fr\/wp-json\/wp\/v2\/product_tag?post=357"}],"curies":[{"name":"wp","href":"https:\/\/api.w.org\/{rel}","templated":true}]}}