{"id":299,"date":"2025-02-06T17:10:06","date_gmt":"2025-02-06T17:10:06","guid":{"rendered":"https:\/\/racorshop.de\/?post_type=product&#038;p=299"},"modified":"2026-04-02T14:01:26","modified_gmt":"2026-04-02T14:01:26","slug":"racor-rk21363-gasket-110a","status":"publish","type":"product","link":"https:\/\/racorshop.de\/fr\/product\/joint-racor-rk21363-110a\/","title":{"rendered":"Joint Racor RK21363-110A"},"content":{"rendered":"<p>Joint pour ensembles de filtres Racor 110A.<\/p>\n<p>La s\u00e9rie Racor 110A est un ensemble s\u00e9parateur d&#039;eau et filtre \u00e0 carburant compact en deux parties, enti\u00e8rement en aluminium, avec un \u00e9l\u00e9ment filtrant de type cartouche, id\u00e9al pour une utilisation dans les moteurs \u00e0 essence et diesel \u00e9quip\u00e9s de syst\u00e8mes d&#039;injection haute pression. Il peut \u00eatre install\u00e9 sur le c\u00f4t\u00e9 vide ou pression d&#039;une pompe \u00e0 carburant (jusqu&#039;\u00e0 100 psi \/ 6,9 bar) avec un d\u00e9bit maximal de 15 gph (57 lph) pour le carburant diesel et de 35 gph (132 lpm) pour l&#039;essence.<\/p>","protected":false},"excerpt":{"rendered":"<p>Part Number: RK 21363<\/p>\n<p>Made By: Parker Racor<\/p>\n<p>Replacement Kit-Gasket-110A<\/p>\n<p>High Pressure Fuel Filter \/ Water Separator &#8211; Racor 110A Series<\/p>","protected":false},"featured_media":325,"comment_status":"closed","ping_status":"closed","template":"","meta":{"_seopress_robots_primary_cat":"none","_seopress_titles_title":"","_seopress_titles_desc":"","_seopress_robots_index":""},"product_brand":[1926,1927],"product_cat":[241,188,21],"product_tag":[427],"class_list":{"0":"post-299","1":"product","2":"type-product","3":"status-publish","4":"has-post-thumbnail","6":"product_brand-parker","7":"product_brand-racor","8":"product_cat-hardware","9":"product_cat-racor-fuel-filter","10":"product_cat-z-poa","11":"product_tag-fuel-filter-water-separator-high-pressure-110a-series","13":"first","14":"onbackorder","15":"taxable","16":"shipping-taxable","17":"purchasable","18":"product-type-simple"},"acpt":{"meta":[{"meta_box":"product-links","meta_fields":[{"name":"product-documents","type":"Post","options":[],"value":["2289"],"default":"","required":false,"showInAdmin":false,"advancedOptions":[]},{"name":"product-videos","type":"Post","options":[],"value":null,"default":"","required":false,"showInAdmin":false,"advancedOptions":[]}]}],"wc_product_data":[]},"_links":{"self":[{"href":"https:\/\/racorshop.de\/fr\/wp-json\/wp\/v2\/product\/299","targetHints":{"allow":["GET"]}}],"collection":[{"href":"https:\/\/racorshop.de\/fr\/wp-json\/wp\/v2\/product"}],"about":[{"href":"https:\/\/racorshop.de\/fr\/wp-json\/wp\/v2\/types\/product"}],"replies":[{"embeddable":true,"href":"https:\/\/racorshop.de\/fr\/wp-json\/wp\/v2\/comments?post=299"}],"wp:featuredmedia":[{"embeddable":true,"href":"https:\/\/racorshop.de\/fr\/wp-json\/wp\/v2\/media\/325"}],"wp:attachment":[{"href":"https:\/\/racorshop.de\/fr\/wp-json\/wp\/v2\/media?parent=299"}],"wp:term":[{"taxonomy":"product_brand","embeddable":true,"href":"https:\/\/racorshop.de\/fr\/wp-json\/wp\/v2\/product_brand?post=299"},{"taxonomy":"product_cat","embeddable":true,"href":"https:\/\/racorshop.de\/fr\/wp-json\/wp\/v2\/product_cat?post=299"},{"taxonomy":"product_tag","embeddable":true,"href":"https:\/\/racorshop.de\/fr\/wp-json\/wp\/v2\/product_tag?post=299"}],"curies":[{"name":"wp","href":"https:\/\/api.w.org\/{rel}","templated":true}]}}