{"id":298,"date":"2025-02-06T17:10:06","date_gmt":"2025-02-06T17:10:06","guid":{"rendered":"https:\/\/racorshop.de\/?post_type=product&#038;p=298"},"modified":"2026-01-29T10:47:58","modified_gmt":"2026-01-29T10:47:58","slug":"racor-r11t-fuel-filter-element-10-micron","status":"publish","type":"product","link":"https:\/\/racorshop.de\/fr\/product\/element-de-filtre-a-carburant-racor-r11t-10-microns\/","title":{"rendered":"\u00c9l\u00e9ment de filtre \u00e0 carburant Racor R11T (10 microns)"},"content":{"rendered":"<p>\u00c9l\u00e9ment filtrant Parker Racor R11T Aquabloc 10 microns pour les ensembles de filtres Racor 110A. Peut \u00eatre utilis\u00e9 \u00e0 la place du R11S et du R11P. Complet avec joints toriques et joints.<\/p>\n<p>La s\u00e9rie Racor 110A est un ensemble s\u00e9parateur d&#039;eau et filtre \u00e0 carburant compact en deux parties, enti\u00e8rement en aluminium, avec un \u00e9l\u00e9ment filtrant de type cartouche, id\u00e9al pour une utilisation dans les moteurs \u00e0 essence et diesel \u00e9quip\u00e9s de syst\u00e8mes d&#039;injection haute pression. Il peut \u00eatre install\u00e9 sur le c\u00f4t\u00e9 vide ou pression d&#039;une pompe \u00e0 carburant (jusqu&#039;\u00e0 100 psi \/ 6,9 bar) avec un d\u00e9bit maximal de 15 gph (57 lph) pour le carburant diesel et de 35 gph (132 lpm) pour l&#039;essence.<\/p>","protected":false},"excerpt":{"rendered":"<ul>\n<li>Fits Racor 100 Series (Cartridge)<\/li>\n<li>10 micron<\/li>\n<li>57 lph (15 gph) Diesel &#8211; 132 lph (35 gph) Petrol<\/li>\n<li>Comprend des joints de rechange<\/li>\n<\/ul>","protected":false},"featured_media":1955,"comment_status":"open","ping_status":"closed","template":"","meta":{"_seopress_robots_primary_cat":"","_seopress_titles_title":"","_seopress_titles_desc":"","_seopress_robots_index":""},"product_brand":[1926,1927],"product_cat":[264,188],"product_tag":[427],"class_list":{"0":"post-298","1":"product","2":"type-product","3":"status-publish","4":"has-post-thumbnail","6":"product_brand-parker","7":"product_brand-racor","8":"product_cat-elements-cartridge","9":"product_cat-racor-fuel-filter","10":"product_tag-fuel-filter-water-separator-high-pressure-110a-series","12":"first","13":"instock","14":"taxable","15":"shipping-taxable","16":"purchasable","17":"product-type-simple"},"acpt":{"meta":[{"meta_box":"product-links","meta_fields":[{"name":"product-documents","type":"Post","options":[],"value":null,"default":"","required":false,"showInAdmin":false,"advancedOptions":[]},{"name":"product-videos","type":"Post","options":[],"value":null,"default":"","required":false,"showInAdmin":false,"advancedOptions":[]}]}],"wc_product_data":[]},"_links":{"self":[{"href":"https:\/\/racorshop.de\/fr\/wp-json\/wp\/v2\/product\/298","targetHints":{"allow":["GET"]}}],"collection":[{"href":"https:\/\/racorshop.de\/fr\/wp-json\/wp\/v2\/product"}],"about":[{"href":"https:\/\/racorshop.de\/fr\/wp-json\/wp\/v2\/types\/product"}],"replies":[{"embeddable":true,"href":"https:\/\/racorshop.de\/fr\/wp-json\/wp\/v2\/comments?post=298"}],"wp:featuredmedia":[{"embeddable":true,"href":"https:\/\/racorshop.de\/fr\/wp-json\/wp\/v2\/media\/1955"}],"wp:attachment":[{"href":"https:\/\/racorshop.de\/fr\/wp-json\/wp\/v2\/media?parent=298"}],"wp:term":[{"taxonomy":"product_brand","embeddable":true,"href":"https:\/\/racorshop.de\/fr\/wp-json\/wp\/v2\/product_brand?post=298"},{"taxonomy":"product_cat","embeddable":true,"href":"https:\/\/racorshop.de\/fr\/wp-json\/wp\/v2\/product_cat?post=298"},{"taxonomy":"product_tag","embeddable":true,"href":"https:\/\/racorshop.de\/fr\/wp-json\/wp\/v2\/product_tag?post=298"}],"curies":[{"name":"wp","href":"https:\/\/api.w.org\/{rel}","templated":true}]}}