{"id":296,"date":"2025-02-06T17:10:06","date_gmt":"2025-02-06T17:10:06","guid":{"rendered":"https:\/\/racorshop.de\/?post_type=product&#038;p=296"},"modified":"2025-12-23T09:43:29","modified_gmt":"2025-12-23T09:43:29","slug":"racor-110a-fuel-filter-water-separator","status":"publish","type":"product","link":"https:\/\/racorshop.de\/fr\/product\/filtre-a-carburant-separateur-deau-racor-110a\/","title":{"rendered":"Filtre \u00e0 carburant\/s\u00e9parateur d&#039;eau Racor 110A"},"content":{"rendered":"<p>La s\u00e9rie Racor 110A est un ensemble s\u00e9parateur d&#039;eau et filtre \u00e0 carburant compact en deux parties, enti\u00e8rement en aluminium, avec un \u00e9l\u00e9ment filtrant de type cartouche, id\u00e9al pour une utilisation dans les moteurs \u00e0 essence et diesel \u00e9quip\u00e9s de syst\u00e8mes d&#039;injection haute pression. Il peut \u00eatre install\u00e9 sur le c\u00f4t\u00e9 vide ou pression d&#039;une pompe \u00e0 carburant (jusqu&#039;\u00e0 100 psi \/ 6,9 bar) avec un d\u00e9bit maximal de 15 gph (57 lph) pour le carburant diesel et de 35 gph (132 lpm) pour l&#039;essence.<\/p>\n<p>La taille compacte et la polyvalence des quatre ports font de la s\u00e9rie 110A un filtre \u00e0 carburant\/s\u00e9parateur d&#039;eau populaire pour les applications \u00e0 petits moteurs. Le filtre est dot\u00e9 d&#039;orifices d&#039;entr\u00e9e et de sortie de carburant 1\/4&quot;- 18 NPTF (SAE J467) et d&#039;un support de montage unifi\u00e9. Sa construction en aluminium moul\u00e9 sous pression en deux parties avec rev\u00eatement en poudre garantit une longue dur\u00e9e de vie et un service fiable quel que soit l&#039;environnement.<\/p>\n<p>Pour entretenir l&#039;ensemble filtre 110A, il suffit de d\u00e9visser le bol de la t\u00eate de montage. L&#039;eau recueillie peut \u00eatre \u00e9vacu\u00e9e par le boulon \u00bd&quot;-20 UNF. Des orifices d&#039;entr\u00e9e et de sortie sont disponibles de chaque c\u00f4t\u00e9 de l&#039;appareil. Le carburant entre par l&#039;entr\u00e9e et se d\u00e9place de l&#039;int\u00e9rieur vers l&#039;ext\u00e9rieur \u00e0 travers l&#039;ensemble filtre \u00e0 cartouche. Toute eau recueillie tombe par le centre de l&#039;\u00e9l\u00e9ment, tandis que le carburant continue \u00e0 travers le filtre jusqu&#039;\u00e0 la sortie.<\/p>\n<ul>\n<li>Moteurs diesel et biodiesel<\/li>\n<li>Moteurs \u00e0 essence<\/li>\n<\/ul>\n<p>Le filtre Racor 110A est \u00e9quip\u00e9 d&#039;une cartouche R11T et d&#039;un \u00e9l\u00e9ment filtrant rempla\u00e7able Aquabloc\u00ae II haute capacit\u00e9 de 10 microns. Pour la version 2 microns, voir <a href=\"http:\/\/localhost\/racorshop\/product\/racor-110a2-marine-fuel-water-separator-2-micron\/\">Racor 110A2<\/a>Les applications typiques incluent les petits moteurs diesel et essence utilis\u00e9s dans les groupes \u00e9lectrog\u00e8nes, les nettoyeurs haute pression et autres \u00e9quipements similaires. Sa taille compacte s&#039;adapte aux espaces de montage exigus et ses 4 ports offrent une grande flexibilit\u00e9 d&#039;installation.<\/p>\n<p><strong>Avantages:<\/strong><\/p>\n<ul>\n<li>Emp\u00eache les dommages co\u00fbteux aux injecteurs et augmente la dur\u00e9e de vie op\u00e9rationnelle des filtres en aval.<\/li>\n<li>\u00c9limine l&#039;eau qui p\u00e9n\u00e8tre dans le syst\u00e8me par condensation dans le r\u00e9servoir de carburant. Toute eau pr\u00e9sente dans le flux de carburant favorise la croissance bact\u00e9rienne, ce qui peut obstruer les filtres et entra\u00eener la formation d&#039;acides corrosifs. Les composants sensibles rouillent et se corrodent, entra\u00eenant l&#039;\u00e9rosion et l&#039;usure des composants critiques du syst\u00e8me de carburant.<\/li>\n<li>\u00c9limine les particules dures pr\u00e9sentes dans l\u2019air qui sont introduites lors du ravitaillement, telles que le sable et la silice.<\/li>\n<li>\u00c9limine les particules contaminantes molles du carburant diesel surchauff\u00e9 et d\u00e9grad\u00e9, qui recouvrent les filtres d&#039;une substance noire semblable \u00e0 l&#039;asphalt\u00e8ne, entra\u00eenant une perte de puissance et l&#039;arr\u00eat du moteur.<\/li>\n<li>Permet d&#039;\u00e9conomiser du temps et de l&#039;argent en \u00e9liminant la maintenance non planifi\u00e9e et les temps d&#039;arr\u00eat impr\u00e9vus dus \u00e0 une d\u00e9faillance des composants du syst\u00e8me.<\/li>\n<li>L&#039;entretien est facilit\u00e9 par l&#039;assemblage du bol viss\u00e9 et la proc\u00e9dure simple de retrait du filtre \u00e0 cartouche.<\/li>\n<\/ul>\n<p><strong>Caract\u00e9ristiques:<\/strong><\/p>\n<ul>\n<li>Conception compacte et construction robuste<\/li>\n<li>Certifications : ABYC, type NMMA accept\u00e9, r\u00e9pertori\u00e9 UL<\/li>\n<li>D\u00e9bits (Diesel) jusqu&#039;\u00e0 15 gph (57 lph)<\/li>\n<li>D\u00e9bits (essence\/essence) jusqu&#039;\u00e0 35 gph (132 lph)<\/li>\n<li>Pression de service de 100 psi \/ 6,9 bar (peut \u00eatre utilis\u00e9e sur le c\u00f4t\u00e9 vide des pompes)<\/li>\n<li>T\u00eate unifi\u00e9e moul\u00e9e sous pression \u00e0 4 ports (1\/4\u02dd- 18 NPTF (SAE J467))<\/li>\n<li>Supports de montage espac\u00e9s de 1,4\u2033 (35,6 mm), pour boulon 1\/4\u2033<\/li>\n<li>Construction en aluminium \u00e0 rev\u00eatement en poudre en deux parties<\/li>\n<\/ul>","protected":false},"excerpt":{"rendered":"<p>Part Number: 110A<\/p>\n<p>Made By: Parker Racor<\/p>\n<p>Filtre \u00e0 carburant\/s\u00e9parateur d&#039;eau<\/p>\n<p>High Pressure Fuel Filter \/ Water Separator &#8211; Racor 110A Series<\/p>","protected":false},"featured_media":324,"comment_status":"closed","ping_status":"closed","template":"","meta":{"_seopress_robots_primary_cat":"none","_seopress_titles_title":"","_seopress_titles_desc":"","_seopress_robots_index":""},"product_brand":[1926,1927],"product_cat":[188,189,21],"product_tag":[427],"class_list":{"0":"post-296","1":"product","2":"type-product","3":"status-publish","4":"has-post-thumbnail","6":"product_brand-parker","7":"product_brand-racor","8":"product_cat-racor-fuel-filter","9":"product_cat-water-separators","10":"product_cat-z-poa","11":"product_tag-fuel-filter-water-separator-high-pressure-110a-series","13":"first","14":"onbackorder","15":"taxable","16":"shipping-taxable","17":"purchasable","18":"product-type-simple"},"acpt":{"meta":[{"meta_box":"product-links","meta_fields":[{"name":"product-documents","type":"Post","options":[],"value":["2289"],"default":"","required":false,"showInAdmin":false,"advancedOptions":[]},{"name":"product-videos","type":"Post","options":[],"value":null,"default":"","required":false,"showInAdmin":false,"advancedOptions":[]}]}],"wc_product_data":[]},"_links":{"self":[{"href":"https:\/\/racorshop.de\/fr\/wp-json\/wp\/v2\/product\/296","targetHints":{"allow":["GET"]}}],"collection":[{"href":"https:\/\/racorshop.de\/fr\/wp-json\/wp\/v2\/product"}],"about":[{"href":"https:\/\/racorshop.de\/fr\/wp-json\/wp\/v2\/types\/product"}],"replies":[{"embeddable":true,"href":"https:\/\/racorshop.de\/fr\/wp-json\/wp\/v2\/comments?post=296"}],"wp:featuredmedia":[{"embeddable":true,"href":"https:\/\/racorshop.de\/fr\/wp-json\/wp\/v2\/media\/324"}],"wp:attachment":[{"href":"https:\/\/racorshop.de\/fr\/wp-json\/wp\/v2\/media?parent=296"}],"wp:term":[{"taxonomy":"product_brand","embeddable":true,"href":"https:\/\/racorshop.de\/fr\/wp-json\/wp\/v2\/product_brand?post=296"},{"taxonomy":"product_cat","embeddable":true,"href":"https:\/\/racorshop.de\/fr\/wp-json\/wp\/v2\/product_cat?post=296"},{"taxonomy":"product_tag","embeddable":true,"href":"https:\/\/racorshop.de\/fr\/wp-json\/wp\/v2\/product_tag?post=296"}],"curies":[{"name":"wp","href":"https:\/\/api.w.org\/{rel}","templated":true}]}}