{"id":290,"date":"2025-02-06T17:10:05","date_gmt":"2025-02-06T17:10:05","guid":{"rendered":"https:\/\/racorshop.de\/?post_type=product&#038;p=290"},"modified":"2025-03-06T20:40:47","modified_gmt":"2025-03-06T20:40:47","slug":"racor-s2502-025-series-filter-cartridge","status":"publish","type":"product","link":"https:\/\/racorshop.de\/fr\/product\/cartouche-filtrante-racor-s2502-serie-025\/","title":{"rendered":"Cartouche filtrante Racor S2502 (s\u00e9rie 025)"},"content":{"rendered":"<p>La gamme Racor de pr\u00e9filtres et de cr\u00e9pines compacts et robustes s&#039;installe rapidement et aide \u00e0 prot\u00e9ger les moteurs et \u00e0 prolonger la dur\u00e9e de vie du syst\u00e8me de filtration en \u00e9liminant les contaminants solides et l&#039;eau libre du carburant diesel et de l&#039;essence.<\/p>\n<p>Cartouche de rechange secondaire S2502 \u2013 10 microns utilis\u00e9e dans la s\u00e9rie Racor 025. Pour une protection encore meilleure, utilisez le pr\u00e9filtre \u00e0 carburant en ligne S2501 \u2013 250 microns Racor comme premi\u00e8re \u00e9tape pour garder votre carburant propre. La salet\u00e9 et la crasse dans le carburant peuvent \u00eatre catastrophiques.<\/p>\n<p>Le filtre Racor secondaire ou final S2502 utilis\u00e9 en conjonction avec le pr\u00e9filtre S2501 offre une protection sup\u00e9rieure.<\/p>\n<p>Applications mobiles typiques\u00a0:<\/p>\n<ul>\n<li>Tout petit moteur<\/li>\n<li>VTT (v\u00e9hicule \u00e0 quatre roues)<\/li>\n<li>Petits groupes \u00e9lectrog\u00e8nes<\/li>\n<li>Petits tracteurs<\/li>\n<\/ul>\n<p>Caract\u00e9ristiques du produit :<\/p>\n<p><strong>Utilis\u00e9 dans les unit\u00e9s 025-RAC-01 et 025-RAC-02<\/strong><\/p>\n<ul>\n<li>Ports 1\/4\u2033-18 NPTF<\/li>\n<li>15 GPH (57 LPH) avec diesel<\/li>\n<li>25 GPH (95 LPH) avec essence<\/li>\n<li>Installation facile<\/li>\n<li>Entretien facile par vissage<\/li>\n<li>Support exclusif Aquabloc\u00aeII<\/li>\n<\/ul>","protected":false},"excerpt":{"rendered":"<p>Part Number: S2502<\/p>\n<p>Made By: Parker Racor<\/p>\n<p>Secondary or Final Fuel Filter Element<\/p>\n<p>Fuel Prefilters and Strainers \u2013 Racor 025 Series<\/p>","protected":false},"featured_media":1953,"comment_status":"open","ping_status":"closed","template":"","meta":{"_seopress_robots_primary_cat":"","_seopress_titles_title":"","_seopress_titles_desc":"","_seopress_robots_index":""},"product_brand":[1926,1927],"product_cat":[264,188,21],"product_tag":[1895],"class_list":{"0":"post-290","1":"product","2":"type-product","3":"status-publish","4":"has-post-thumbnail","6":"product_brand-parker","7":"product_brand-racor","8":"product_cat-elements-cartridge","9":"product_cat-racor-fuel-filter","10":"product_cat-z-poa","11":"product_tag-racor-replacement-elements-025-series","13":"first","14":"onbackorder","15":"taxable","16":"shipping-taxable","17":"purchasable","18":"product-type-simple"},"acpt":{"meta":[{"meta_box":"product-links","meta_fields":[{"name":"product-documents","type":"Post","options":[],"value":null,"default":"","required":false,"showInAdmin":false,"advancedOptions":[]},{"name":"product-videos","type":"Post","options":[],"value":null,"default":"","required":false,"showInAdmin":false,"advancedOptions":[]}]}],"wc_product_data":[]},"_links":{"self":[{"href":"https:\/\/racorshop.de\/fr\/wp-json\/wp\/v2\/product\/290","targetHints":{"allow":["GET"]}}],"collection":[{"href":"https:\/\/racorshop.de\/fr\/wp-json\/wp\/v2\/product"}],"about":[{"href":"https:\/\/racorshop.de\/fr\/wp-json\/wp\/v2\/types\/product"}],"replies":[{"embeddable":true,"href":"https:\/\/racorshop.de\/fr\/wp-json\/wp\/v2\/comments?post=290"}],"wp:featuredmedia":[{"embeddable":true,"href":"https:\/\/racorshop.de\/fr\/wp-json\/wp\/v2\/media\/1953"}],"wp:attachment":[{"href":"https:\/\/racorshop.de\/fr\/wp-json\/wp\/v2\/media?parent=290"}],"wp:term":[{"taxonomy":"product_brand","embeddable":true,"href":"https:\/\/racorshop.de\/fr\/wp-json\/wp\/v2\/product_brand?post=290"},{"taxonomy":"product_cat","embeddable":true,"href":"https:\/\/racorshop.de\/fr\/wp-json\/wp\/v2\/product_cat?post=290"},{"taxonomy":"product_tag","embeddable":true,"href":"https:\/\/racorshop.de\/fr\/wp-json\/wp\/v2\/product_tag?post=290"}],"curies":[{"name":"wp","href":"https:\/\/api.w.org\/{rel}","templated":true}]}}