{"id":266,"date":"2025-02-06T17:09:54","date_gmt":"2025-02-06T17:09:54","guid":{"rendered":"https:\/\/racorshop.de\/?post_type=product&#038;p=266"},"modified":"2025-03-06T20:42:15","modified_gmt":"2025-03-06T20:42:15","slug":"racor-fc101-fc-10-1-portable-filter-caddy","status":"publish","type":"product","link":"https:\/\/racorshop.de\/fr\/product\/racor-fc101-fc-10-1-porte-filtre-portable\/","title":{"rendered":"Support de filtre portable Racor FC101 FC-10-1"},"content":{"rendered":"<p><strong>La gamme de chariots de filtration de carburant portables Racor est constitu\u00e9e de syst\u00e8mes de filtration mobiles \u00e0 haute efficacit\u00e9 permettant d&#039;\u00e9liminer l&#039;eau et d&#039;autres contaminants du carburant qui peuvent avoir p\u00e9n\u00e9tr\u00e9 dans les r\u00e9servoirs de stockage pendant la manutention, le transfert et le stockage.<\/strong><\/p>\n<p>Peu importe le soin apport\u00e9 au raffinage et \u00e0 la manipulation de l&#039;essence et du diesel, des contaminants se retrouveront dans le carburant pendant le transfert et le stockage. L&#039;eau est le principal ennemi d&#039;un moteur et peut se condenser directement \u00e0 partir de l&#039;air pendant les cycles normaux de chauffage et de refroidissement jour\/nuit. La pr\u00e9sence d&#039;eau facilite la croissance microbienne, ce qui entra\u00eene l&#039;encrassement, une corrosion accrue et des dommages aux composants du syst\u00e8me de carburant. De plus, les particules de rouille et les \u00e9clats provenant des r\u00e9servoirs et des canalisations corrod\u00e9s, ainsi que la silice et la salet\u00e9 souffl\u00e9es par l&#039;air, peuvent entra\u00eener l&#039;obstruction des filtres, une r\u00e9duction de l&#039;efficacit\u00e9 de la combustion et m\u00eame une panne du moteur.<\/p>\n<p>Les chariots filtrants Racor sont des outils de maintenance portables sur site qui contribuent \u00e0 garantir les performances et la fiabilit\u00e9 des moteurs diesel et \u00e0 combustion modernes en \u00e9liminant l&#039;eau et les contaminants qui s&#039;infiltrent souvent dans le carburant lors de la manutention, du transfert et du stockage. Ces chariots constituent un outil pr\u00e9cieux de maintenance pr\u00e9ventive et sont parfaits pour les groupes \u00e9lectrog\u00e8nes \u00e9quip\u00e9s de r\u00e9servoirs de base ou de r\u00e9servoirs journaliers int\u00e9gr\u00e9s, o\u00f9 le carburant stock\u00e9 pendant une longue p\u00e9riode peut s&#039;\u00eatre d\u00e9grad\u00e9 \u00e0 cause de la contamination par l&#039;eau et les particules.<\/p>\n<p>Racor propose deux mod\u00e8les de chariots de filtration de carburant portables :<\/p>\n<p><strong>FC-10-01 CLEANDiesel Filter Caddy<\/strong><\/p>\n<ul>\n<li>Le FC-10-01 est utilis\u00e9 pour nettoyer le carburant qui a \u00e9t\u00e9 stock\u00e9 dans de petits r\u00e9servoirs de carburant pendant de longues p\u00e9riodes.<\/li>\n<li>Les applications typiques sont les r\u00e9servoirs de base de g\u00e9n\u00e9rateur, les r\u00e9servoirs journaliers de g\u00e9n\u00e9rateur et les petits r\u00e9servoirs de stockage en vrac jusqu&#039;\u00e0 2 000 gallons.<\/li>\n<li>Les paniers filtrants Racor sont enti\u00e8rement portables et autonomes.<\/li>\n<li>Ils comprennent le filtre \u00e0 carburant FBO-14, qui ne n\u00e9cessite aucun outil pour le changement de filtre et offre des options de filtre de remplacement pour diverses applications.<\/li>\n<li>Les chariots Racor peuvent \u00eatre facilement d\u00e9plac\u00e9s sur le chantier par une seule personne.<\/li>\n<li>Les unit\u00e9s comprennent une pompe de 10 gpm (37,9 lpm) et un syst\u00e8me de filtration int\u00e9gr\u00e9s dans un bo\u00eetier \u00e0 roulettes.<\/li>\n<li>Le syst\u00e8me utilise une cr\u00e9pine de 40 mailles et un filtre coalescent \u00e0 eau de 5 microns, ainsi qu&#039;un panneau de commande dot\u00e9 d&#039;une d\u00e9tection d&#039;eau, d&#039;une jauge de filtre et d&#039;une alarme.<\/li>\n<\/ul>\n<p><strong>March\u00e9s :<\/strong><\/p>\n<ul>\n<li>Agriculture<\/li>\n<li>Construction<\/li>\n<li>P\u00e9trole et gaz<\/li>\n<li>Marin<\/li>\n<li>Production d&#039;\u00e9nergie<\/li>\n<\/ul>\n<p><strong>Applications :<\/strong><\/p>\n<ul>\n<li>Diesel et biodiesel<\/li>\n<li>Essence<\/li>\n<li>Mazout de chauffage<\/li>\n<li>K\u00e9ros\u00e8ne<\/li>\n<\/ul>\n<p><strong>Avantages:<\/strong><\/p>\n<ul>\n<li>\u00c9limine l&#039;eau libre dans les r\u00e9servoirs et les bidons de carburant. La formation d&#039;eau libre se produit lorsque l&#039;air humide \u00e0 l&#039;int\u00e9rieur d&#039;un conteneur ou d&#039;un r\u00e9servoir se refroidit au point que l&#039;eau se condense hors de l&#039;air.<\/li>\n<li>\u00c9limine les particules dures (par exemple, le sable et la silice) pr\u00e9sentes dans l\u2019air qui sont introduites pendant le transfert et la distribution.<\/li>\n<li>Permet d&#039;\u00e9conomiser du temps et de l&#039;argent en \u00e9liminant la maintenance non planifi\u00e9e et les temps d&#039;arr\u00eat impr\u00e9vus dus \u00e0 une d\u00e9faillance des composants du syst\u00e8me.<\/li>\n<li>La conception mobile permet une utilisation facile sur le terrain<\/li>\n<\/ul>\n<p><strong>Caract\u00e9ristiques:<\/strong><\/p>\n<p><strong>FC-10-01 CLEANDiesel Filter Caddy<\/strong><\/p>\n<p>\u2022 Bo\u00eetier portable, construction en aluminium, peint en jaune de s\u00e9curit\u00e9<\/p>\n<p>\u2022 Equip\u00e9 de roues, de pieds et d&#039;une poign\u00e9e<\/p>\n<p>\u2022 Panneau de commande sup\u00e9rieur avec couvercle de protection et bac de rangement pour tuyaux et lances<\/p>\n<p>\u2022 Tuyaux d&#039;alimentation et de retour de 10 pieds ainsi que des lances de 3 pieds<\/p>\n<p>\u2022 Vannes \u00e0 boisseau sph\u00e9rique d&#039;entr\u00e9e et de sortie de \u00be de pouce et raccords \u00e0 d\u00e9connexion rapide<\/p>\n<p>\u2022 Pompe \u00e0 engrenages en fonte de 10 gpm, \u00bd hp 120 V<\/p>\n<p>\u2022 Relais de commande moteur et boutons-poussoirs marche\/arr\u00eat<\/p>\n<p>\u2022 Cordon de 18 pouces avec prise, 120 V, 15 A<\/p>\n<p>\u2022 Cr\u00e9pine \u00e0 panier de 40 mailles avec jauge \u00e0 vide<\/p>\n<p>\u2022 S\u00e9parateur coalescent d&#039;eau Racor FBO 5 microns avec puisard de collecte et capteur de d\u00e9tection d&#039;eau<\/p>\n<p>\u2022 R\u00e9servoir de r\u00e9tention de 6 gallons avec interrupteur \u00e0 flotteur<\/p>\n<p>\u2022 Indicateurs au n\u00e9on : sous tension, r\u00e9servoir plein et r\u00e9servoir de r\u00e9cup\u00e9ration d&#039;eau plein<\/p>","protected":false},"excerpt":{"rendered":"<p>Part Number: FC-10-1<\/p>\n<p>Made By: Parker Racor<\/p>\n<p>FC-10-1 Portable Filter Caddy<\/p>\n<p>Portable Fuel Filtration Carts &#8211; Racor<\/p>","protected":false},"featured_media":275,"comment_status":"closed","ping_status":"closed","template":"","meta":{"_seopress_robots_primary_cat":"","_seopress_titles_title":"","_seopress_titles_desc":"","_seopress_robots_index":""},"product_brand":[1926,1927],"product_cat":[361,188,21],"product_tag":[362],"class_list":{"0":"post-266","1":"product","2":"type-product","3":"status-publish","4":"has-post-thumbnail","6":"product_brand-parker","7":"product_brand-racor","8":"product_cat-caddys-carts","9":"product_cat-racor-fuel-filter","10":"product_cat-z-poa","11":"product_tag-portable-fuel-filtration-carts","13":"first","14":"outofstock","15":"taxable","16":"shipping-taxable","17":"product-type-simple"},"acpt":{"meta":[{"meta_box":"product-links","meta_fields":[{"name":"product-documents","type":"Post","options":[],"value":null,"default":"","required":false,"showInAdmin":false,"advancedOptions":[]},{"name":"product-videos","type":"Post","options":[],"value":null,"default":"","required":false,"showInAdmin":false,"advancedOptions":[]}]}],"wc_product_data":[]},"_links":{"self":[{"href":"https:\/\/racorshop.de\/fr\/wp-json\/wp\/v2\/product\/266","targetHints":{"allow":["GET"]}}],"collection":[{"href":"https:\/\/racorshop.de\/fr\/wp-json\/wp\/v2\/product"}],"about":[{"href":"https:\/\/racorshop.de\/fr\/wp-json\/wp\/v2\/types\/product"}],"replies":[{"embeddable":true,"href":"https:\/\/racorshop.de\/fr\/wp-json\/wp\/v2\/comments?post=266"}],"wp:featuredmedia":[{"embeddable":true,"href":"https:\/\/racorshop.de\/fr\/wp-json\/wp\/v2\/media\/275"}],"wp:attachment":[{"href":"https:\/\/racorshop.de\/fr\/wp-json\/wp\/v2\/media?parent=266"}],"wp:term":[{"taxonomy":"product_brand","embeddable":true,"href":"https:\/\/racorshop.de\/fr\/wp-json\/wp\/v2\/product_brand?post=266"},{"taxonomy":"product_cat","embeddable":true,"href":"https:\/\/racorshop.de\/fr\/wp-json\/wp\/v2\/product_cat?post=266"},{"taxonomy":"product_tag","embeddable":true,"href":"https:\/\/racorshop.de\/fr\/wp-json\/wp\/v2\/product_tag?post=266"}],"curies":[{"name":"wp","href":"https:\/\/api.w.org\/{rel}","templated":true}]}}