{"id":265,"date":"2025-02-06T17:09:54","date_gmt":"2025-02-06T17:09:54","guid":{"rendered":"https:\/\/racorshop.de\/?post_type=product&#038;p=265"},"modified":"2025-03-12T10:21:12","modified_gmt":"2025-03-12T10:21:12","slug":"racor-800d14ce230v-fbo-14-portable-filter-trolley-230v","status":"publish","type":"product","link":"https:\/\/racorshop.de\/fr\/product\/racor-800d14ce230v-fbo-14-chariot-filtre-portable-230v\/","title":{"rendered":"Chariot \u00e0 filtre portable Racor 800D14CE230V FBO 14 230 V"},"content":{"rendered":"<p><strong>La gamme de chariots et de caddys de filtration de carburant portables Racor est compos\u00e9e de syst\u00e8mes de filtration mobiles \u00e0 haute efficacit\u00e9 qui nettoient le carburant en \u00e9liminant l&#039;eau et les contaminants qui p\u00e9n\u00e8trent dans les r\u00e9servoirs pendant la manutention, le transfert et le stockage.<\/strong><\/p>\n<p>Les chariots filtrants Racor sont id\u00e9aux lorsqu&#039;ils sont utilis\u00e9s comme outils de maintenance portables sur le terrain qui contribuent \u00e0 garantir les performances et la fiabilit\u00e9 des moteurs diesel modernes. Les chariots constituent un outil de maintenance pr\u00e9ventive inestimable et sont parfaits pour une utilisation avec des groupes \u00e9lectrog\u00e8nes ou des moteurs stationnaires dot\u00e9s de r\u00e9servoirs de base int\u00e9gr\u00e9s ou de r\u00e9servoirs journaliers, o\u00f9 le carburant a \u00e9t\u00e9 stock\u00e9 \u00e0 long terme et peut avoir \u00e9t\u00e9 d\u00e9grad\u00e9 par la contamination par l&#039;eau et les particules.<\/p>\n<p><strong>Racor propose deux mod\u00e8les de chariots de filtration de carburant portables :<\/strong><\/p>\n<p>Chariot de filtre diesel CLEANDiesel FC-10-01 \u2013 Le FC-10-01 est utilis\u00e9 pour nettoyer le carburant qui a \u00e9t\u00e9 stock\u00e9 dans de petits r\u00e9servoirs de carburant pendant de longues p\u00e9riodes. Les applications typiques sont les r\u00e9servoirs de base de g\u00e9n\u00e9rateur, les r\u00e9servoirs de jour de g\u00e9n\u00e9rateur et les petits r\u00e9servoirs de stockage en vrac jusqu&#039;\u00e0 2 000 gallons. Les chariots de filtre Racor sont enti\u00e8rement portables et autonomes. Ils comprennent le filtre \u00e0 carburant FBO-14, qui ne n\u00e9cessite aucun outil pour le remplacement du filtre et offre des options de remplacement de filtre pour diverses applications. Les chariots de filtre peuvent \u00eatre facilement d\u00e9plac\u00e9s sur le chantier par une seule personne. Ils comprennent une pompe de 10 gpm (37,9 lpm) et un syst\u00e8me de filtre int\u00e9gr\u00e9 dans un bo\u00eetier \u00e0 roulettes. Le syst\u00e8me utilise une cr\u00e9pine de 40 mesh et un filtre coalescent \u00e0 eau de 5 microns, ainsi qu&#039;un panneau de commande avec d\u00e9tection d&#039;eau, jauge de filtre et alarme.<\/p>\n<p>Chariot de polissage de carburant robuste FC-20-1-120V et FC-20-1-120V-KIT \u2013 Les chariots de polissage de carburant FC-20-1 peuvent traiter du carburant jusqu&#039;\u00e0 20 gpm (76 lpm). Les chariots sont \u00e9quip\u00e9s de raccords \u00e0 came de 1 pouce, qui permettent une connexion facile. Ils pr\u00e9sentent \u00e9galement une conception en aluminium \u00e0 cadre ouvert, ce qui leur offre une combinaison unique de mobilit\u00e9, de durabilit\u00e9 et de r\u00e9sistance \u00e0 la corrosion. Comme le FC-10-01, le chariot FC-20-1-120V comprend un filtre \u00e0 carburant FBO-14, qui ne n\u00e9cessite aucun outil pour les changements de filtre et offre des options de filtre de remplacement pour une large gamme d&#039;applications. L&#039;unit\u00e9 de filtration portable constitue un moyen tr\u00e8s rentable de filtrer le diesel, les m\u00e9langes de biodiesel et d&#039;autres fluides d&#039;hydrocarbures p\u00e9troliers pendant le stockage ou le transport.<\/p>","protected":false},"excerpt":{"rendered":"<p>Part Number: 800D14CE230V<\/p>\n<p>Made By: Parker Racor<\/p>\n<p>FBO 14 Portable Filter Trolley 230V<\/p>\n<p>Portable Fuel Filtration Carts &#8211; Racor<\/p>","protected":false},"featured_media":274,"comment_status":"closed","ping_status":"closed","template":"","meta":{"_seopress_robots_primary_cat":"","_seopress_titles_title":"","_seopress_titles_desc":"","_seopress_robots_index":""},"product_brand":[1926,1927],"product_cat":[361,188,21],"product_tag":[362],"class_list":{"0":"post-265","1":"product","2":"type-product","3":"status-publish","4":"has-post-thumbnail","6":"product_brand-parker","7":"product_brand-racor","8":"product_cat-caddys-carts","9":"product_cat-racor-fuel-filter","10":"product_cat-z-poa","11":"product_tag-portable-fuel-filtration-carts","13":"first","14":"onbackorder","15":"taxable","16":"shipping-taxable","17":"purchasable","18":"product-type-simple"},"acpt":{"meta":[{"meta_box":"product-links","meta_fields":[{"name":"product-documents","type":"Post","options":[],"value":null,"default":"","required":false,"showInAdmin":false,"advancedOptions":[]},{"name":"product-videos","type":"Post","options":[],"value":[3370],"default":"","required":false,"showInAdmin":false,"advancedOptions":[]}]}],"wc_product_data":[]},"_links":{"self":[{"href":"https:\/\/racorshop.de\/fr\/wp-json\/wp\/v2\/product\/265","targetHints":{"allow":["GET"]}}],"collection":[{"href":"https:\/\/racorshop.de\/fr\/wp-json\/wp\/v2\/product"}],"about":[{"href":"https:\/\/racorshop.de\/fr\/wp-json\/wp\/v2\/types\/product"}],"replies":[{"embeddable":true,"href":"https:\/\/racorshop.de\/fr\/wp-json\/wp\/v2\/comments?post=265"}],"wp:featuredmedia":[{"embeddable":true,"href":"https:\/\/racorshop.de\/fr\/wp-json\/wp\/v2\/media\/274"}],"wp:attachment":[{"href":"https:\/\/racorshop.de\/fr\/wp-json\/wp\/v2\/media?parent=265"}],"wp:term":[{"taxonomy":"product_brand","embeddable":true,"href":"https:\/\/racorshop.de\/fr\/wp-json\/wp\/v2\/product_brand?post=265"},{"taxonomy":"product_cat","embeddable":true,"href":"https:\/\/racorshop.de\/fr\/wp-json\/wp\/v2\/product_cat?post=265"},{"taxonomy":"product_tag","embeddable":true,"href":"https:\/\/racorshop.de\/fr\/wp-json\/wp\/v2\/product_tag?post=265"}],"curies":[{"name":"wp","href":"https:\/\/api.w.org\/{rel}","templated":true}]}}