{"id":264,"date":"2025-02-06T17:09:54","date_gmt":"2025-02-06T17:09:54","guid":{"rendered":"https:\/\/racorshop.de\/?post_type=product&#038;p=264"},"modified":"2026-02-17T18:07:50","modified_gmt":"2026-02-17T18:07:50","slug":"racor-fc201120v-portable-fuel-filtration-cart-fbo","status":"publish","type":"product","link":"https:\/\/racorshop.de\/fr\/product\/chariot-de-filtration-de-carburant-portable-racor-fc201120v-fbo\/","title":{"rendered":"Chariot de filtration de carburant portable Racor FC201120V-FBO"},"content":{"rendered":"<p><strong>La gamme de chariots de filtration de carburant portables Racor est constitu\u00e9e de syst\u00e8mes de filtration mobiles \u00e0 haute efficacit\u00e9 permettant d&#039;\u00e9liminer l&#039;eau et d&#039;autres contaminants du carburant qui peuvent avoir p\u00e9n\u00e9tr\u00e9 dans les r\u00e9servoirs de stockage pendant la manutention, le transfert et le stockage.<\/strong><\/p>\n<p>Peu importe le soin apport\u00e9 au raffinage et \u00e0 la manipulation de l&#039;essence et du diesel, des contaminants se retrouveront dans le carburant pendant le transfert et le stockage. L&#039;eau est le principal ennemi d&#039;un moteur et peut se condenser directement \u00e0 partir de l&#039;air pendant les cycles normaux de chauffage et de refroidissement jour\/nuit. La pr\u00e9sence d&#039;eau facilite la croissance microbienne, ce qui entra\u00eene l&#039;encrassement, une corrosion accrue et des dommages aux composants du syst\u00e8me de carburant. De plus, les particules de rouille et les \u00e9clats provenant des r\u00e9servoirs et des canalisations corrod\u00e9s, ainsi que la silice et la salet\u00e9 souffl\u00e9es par l&#039;air, peuvent entra\u00eener l&#039;obstruction des filtres, une r\u00e9duction de l&#039;efficacit\u00e9 de la combustion et m\u00eame une panne du moteur.<\/p>\n<p>Les chariots filtrants Racor sont des outils de maintenance portables sur le terrain qui contribuent \u00e0 garantir les performances et la fiabilit\u00e9 des moteurs diesel et \u00e0 combustion modernes en \u00e9liminant l&#039;eau et les contaminants qui s&#039;infiltrent souvent dans le carburant pendant la manutention, le transfert et le stockage. Les chariots ou caddys constituent un outil de maintenance pr\u00e9ventive inestimable et sont id\u00e9aux pour une utilisation avec des groupes \u00e9lectrog\u00e8nes dot\u00e9s de r\u00e9servoirs de base int\u00e9gr\u00e9s ou de r\u00e9servoirs journaliers, o\u00f9 le carburant a \u00e9t\u00e9 stock\u00e9 \u00e0 long terme et peut s&#039;\u00eatre d\u00e9grad\u00e9 \u00e0 cause de la contamination par l&#039;eau et les particules.<\/p>\n<p>Racor propose deux mod\u00e8les de chariots de filtration de carburant portables :<\/p>\n<p><strong>Chariot de polissage de carburant robuste FC-20-1-120V et FC-20-1-120V-KIT<\/strong><\/p>\n<ul>\n<li style=\"text-align: left;\">Les chariots de polissage de carburant FC-20-1 peuvent traiter du carburant jusqu&#039;\u00e0 20 gpm (76 lpm)<\/li>\n<li style=\"text-align: left;\">Les chariots sont \u00e9quip\u00e9s de raccords \u00e0 came de 1 pouce, qui permettent une connexion facile<\/li>\n<li style=\"text-align: left;\">Les unit\u00e9s pr\u00e9sentent \u00e9galement une conception en aluminium \u00e0 cadre ouvert, qui leur offre une combinaison unique de mobilit\u00e9, de durabilit\u00e9 et de r\u00e9sistance \u00e0 la corrosion<\/li>\n<li style=\"text-align: left;\">Comme le FC-10-01, le chariot FC-20-1-120V comprend un filtre \u00e0 carburant FBO-14<\/li>\n<li style=\"text-align: left;\">Ne n\u00e9cessite aucun outil pour le changement de filtre<\/li>\n<li style=\"text-align: left;\">Options de filtre de remplacement pour une large gamme d&#039;applications<\/li>\n<li style=\"text-align: left;\">L&#039;unit\u00e9 constitue un moyen tr\u00e8s rentable de filtrer le diesel, les m\u00e9langes de biodiesel et d&#039;autres fluides d&#039;hydrocarbures p\u00e9troliers en stockage ou en transport.<\/li>\n<\/ul>\n<p><strong>March\u00e9s :<\/strong><\/p>\n<ul>\n<li>Agriculture<\/li>\n<li>Construction<\/li>\n<li>P\u00e9trole et gaz<\/li>\n<li>Marin<\/li>\n<li>Production d&#039;\u00e9nergie<\/li>\n<\/ul>\n<p><strong>Applications :<\/strong><\/p>\n<ul>\n<li>Diesel et biodiesel<\/li>\n<li>Essence<\/li>\n<li>Mazout de chauffage<\/li>\n<li>K\u00e9ros\u00e8ne<\/li>\n<\/ul>\n<p><strong>Avantages:<\/strong><\/p>\n<ul>\n<li>\u00c9limine l&#039;eau libre dans les r\u00e9servoirs et les bidons de carburant. La formation d&#039;eau libre se produit lorsque l&#039;air humide \u00e0 l&#039;int\u00e9rieur d&#039;un conteneur ou d&#039;un r\u00e9servoir se refroidit au point que l&#039;eau se condense hors de l&#039;air.<\/li>\n<li>\u00c9limine les particules dures (par exemple, le sable et la silice) pr\u00e9sentes dans l\u2019air qui sont introduites pendant le transfert et la distribution.<\/li>\n<li>Permet d&#039;\u00e9conomiser du temps et de l&#039;argent en \u00e9liminant la maintenance non planifi\u00e9e et les temps d&#039;arr\u00eat impr\u00e9vus dus \u00e0 une d\u00e9faillance des composants du syst\u00e8me.<\/li>\n<li>La conception mobile permet une utilisation facile sur le terrain<\/li>\n<\/ul>\n<p><strong>Caract\u00e9ristiques de conception :<\/strong><\/p>\n<p><strong>Chariots de polissage de carburant robustes FC-20-1-120V et FC-20-1-120V-KIT<\/strong><\/p>\n<ul>\n<li>Vanne de d\u00e9rivation pour le remplacement de l&#039;\u00e9l\u00e9ment filtrant pendant le fonctionnement ou pour le transfert de fluide uniquement<\/li>\n<li>D\u00e9bit jusqu&#039;\u00e0 20 gpm (76 lpm)<\/li>\n<li>Construction de cadre en aluminium durable avec bac de r\u00e9cup\u00e9ration<\/li>\n<li>Grandes roues arri\u00e8re avec roulettes avant verrouillables<\/li>\n<li>Raccords \u00e0 came de 1 pouce pour tuyaux de service et sondes<\/li>\n<li>S\u00e9parateur coalescent d&#039;eau Racor FBO 10 microns<\/li>\n<li>La jauge mont\u00e9e sur le filtre indique la pression diff\u00e9rentielle pour indiquer le remplacement de l&#039;\u00e9l\u00e9ment filtrant<\/li>\n<li>Voyant et robinet de vidange pour voir et \u00e9vacuer l&#039;eau collect\u00e9e<\/li>\n<\/ul>\n<p><strong>Voir aussi <a href=\"http:\/\/localhost\/racorshop\/product\/racor-fc201120vkit-mobiler-kraftstofffilterwagen-fbo\/\">Racor FC-20-1-120V-KIT<\/a> livr\u00e9 avec deux tuyaux de 25 pieds, deux sondes de 4 pieds et un cordon d&#039;alimentation de 25 pieds (FC-20-1-120V : commandez les tuyaux, les sondes et le cordon d&#039;alimentation s\u00e9par\u00e9ment)<\/strong><\/p>","protected":false},"excerpt":{"rendered":"<p>Part Number: FC-20-1-120V<\/p>\n<p>Made By: Parker Racor<\/p>\n<p>Portable Fuel Filtration Cart-FBO<\/p>\n<p>Portable Fuel Filtration Carts &#8211; Racor<\/p>","protected":false},"featured_media":274,"comment_status":"closed","ping_status":"closed","template":"","meta":{"_seopress_robots_primary_cat":"","_seopress_titles_title":"","_seopress_titles_desc":"","_seopress_robots_index":""},"product_brand":[1926,1927],"product_cat":[361,188,21],"product_tag":[362],"class_list":{"0":"post-264","1":"product","2":"type-product","3":"status-publish","4":"has-post-thumbnail","6":"product_brand-parker","7":"product_brand-racor","8":"product_cat-caddys-carts","9":"product_cat-racor-fuel-filter","10":"product_cat-z-poa","11":"product_tag-portable-fuel-filtration-carts","13":"first","14":"outofstock","15":"taxable","16":"shipping-taxable","17":"product-type-simple"},"acpt":{"meta":[{"meta_box":"product-links","meta_fields":[{"name":"product-documents","type":"Post","options":[],"value":null,"default":"","required":false,"showInAdmin":false,"advancedOptions":[]},{"name":"product-videos","type":"Post","options":[],"value":[3370],"default":"","required":false,"showInAdmin":false,"advancedOptions":[]}]}],"wc_product_data":[]},"_links":{"self":[{"href":"https:\/\/racorshop.de\/fr\/wp-json\/wp\/v2\/product\/264","targetHints":{"allow":["GET"]}}],"collection":[{"href":"https:\/\/racorshop.de\/fr\/wp-json\/wp\/v2\/product"}],"about":[{"href":"https:\/\/racorshop.de\/fr\/wp-json\/wp\/v2\/types\/product"}],"replies":[{"embeddable":true,"href":"https:\/\/racorshop.de\/fr\/wp-json\/wp\/v2\/comments?post=264"}],"wp:featuredmedia":[{"embeddable":true,"href":"https:\/\/racorshop.de\/fr\/wp-json\/wp\/v2\/media\/274"}],"wp:attachment":[{"href":"https:\/\/racorshop.de\/fr\/wp-json\/wp\/v2\/media?parent=264"}],"wp:term":[{"taxonomy":"product_brand","embeddable":true,"href":"https:\/\/racorshop.de\/fr\/wp-json\/wp\/v2\/product_brand?post=264"},{"taxonomy":"product_cat","embeddable":true,"href":"https:\/\/racorshop.de\/fr\/wp-json\/wp\/v2\/product_cat?post=264"},{"taxonomy":"product_tag","embeddable":true,"href":"https:\/\/racorshop.de\/fr\/wp-json\/wp\/v2\/product_tag?post=264"}],"curies":[{"name":"wp","href":"https:\/\/api.w.org\/{rel}","templated":true}]}}