{"id":248,"date":"2025-02-06T17:09:52","date_gmt":"2025-02-06T17:09:52","guid":{"rendered":"https:\/\/racorshop.de\/?post_type=product&#038;p=248"},"modified":"2026-02-17T18:07:49","modified_gmt":"2026-02-17T18:07:49","slug":"racor-fbo60339-pre-filter-1-micron","status":"publish","type":"product","link":"https:\/\/racorshop.de\/fr\/product\/prefiltre-racor-fbo60339-1-micron\/","title":{"rendered":"Pr\u00e9filtre Racor FBO60339 (1 micron)"},"content":{"rendered":"<p>Les cartouches de rechange de la s\u00e9rie FBO sont con\u00e7ues pour \u00eatre utilis\u00e9es avec les ensembles de filtres FBO. Elles sont disponibles sous forme de s\u00e9parateurs d&#039;eau, de filtres anti-particules trait\u00e9s au silicone et de filtres absorbants d&#039;eau, avec des valeurs de filtration de 1, 5, 10 ou 25 microns.<\/p>\n<p>Un ensemble de filtration FBO peut \u00eatre utilis\u00e9 sur des stations-service mobiles ou install\u00e9 dans des armoires de ravitaillement. Il peut \u00e9galement \u00eatre utilis\u00e9 pour les pompes de distribution de carburant diesel ou comme filtre \u00e0 carburant\/s\u00e9parateur d&#039;eau principal sur les gros moteurs diesel. L&#039;ensemble de filtration FBO est dot\u00e9 d&#039;une bague de verrouillage qui fixe le bo\u00eetier du filtre \u00e0 la t\u00eate de filtre en aluminium moul\u00e9 sous pression \u00e0 l&#039;aide de quatre boulons. Le syst\u00e8me de fermeture permet au personnel de maintenance, m\u00eame une seule personne, de changer facilement la cartouche filtrante.<\/p>\n<p><strong>Les cartouches de remplacement sont disponibles en trois options\u00a0:<\/strong><\/p>\n<ul>\n<li>Les filtres coalesceurs\/s\u00e9parateurs sont un \u00e9l\u00e9ment en deux \u00e9tapes qui \u00e9limine l&#039;eau et les contaminants des flux de carburant diesel.<\/li>\n<li>Les filtres \u00e0 particules trait\u00e9s au silicone \u00e9liminent les contaminants jusqu&#039;\u00e0 1 micron. Ils peuvent \u00e9galement \u00eatre utilis\u00e9s en amont, avant un filtre s\u00e9parateur d&#039;eau, pour prolonger sa dur\u00e9e de vie.<\/li>\n<li>Les filtres absorbeurs d\u2019eau absorbent l\u2019eau et filtrent les contaminants du carburant diesel.<\/li>\n<\/ul>\n<p><strong>Applications :<\/strong><\/p>\n<ul>\n<li>Syst\u00e8mes de distribution de carburant diesel et biodiesel<\/li>\n<li>Quais de ravitaillement en carburant marin<\/li>\n<li>Unit\u00e9s mobiles de ravitaillement<\/li>\n<li>Armoires de ravitaillement<\/li>\n<li>S\u00e9parateurs d&#039;eau pour filtres \u00e0 carburant<\/li>\n<\/ul>\n<p><strong>Avantages:<\/strong><\/p>\n<ul>\n<li>Disponible dans diverses configurations pour r\u00e9pondre aux exigences uniques des moteurs des clients, y compris les versions marines (approuv\u00e9es UL).<\/li>\n<li>\u00c9limine l&#039;eau qui p\u00e9n\u00e8tre dans le syst\u00e8me lors du ravitaillement. Toute pr\u00e9sence d&#039;eau dans le flux de carburant favorise la prolif\u00e9ration bact\u00e9rienne, ce qui peut obstruer les filtres et entra\u00eener la formation d&#039;acides corrosifs. Les composants sensibles rouillent et se corrodent, entra\u00eenant l&#039;\u00e9rosion et l&#039;usure des composants critiques du syst\u00e8me de carburant.<\/li>\n<li>\u00c9limine les particules dures pr\u00e9sentes dans l\u2019air qui sont introduites lors du ravitaillement, telles que le sable et la silice.<\/li>\n<li>Emp\u00eache les dommages co\u00fbteux aux injecteurs et augmente la dur\u00e9e de vie op\u00e9rationnelle des filtres en aval.<\/li>\n<li>Permet d&#039;\u00e9conomiser du temps et de l&#039;argent en \u00e9liminant la maintenance non planifi\u00e9e et les temps d&#039;arr\u00eat impr\u00e9vus dus \u00e0 une d\u00e9faillance des composants du syst\u00e8me.<\/li>\n<li>Le collier de verrouillage permet de changer facilement le filtre<\/li>\n<\/ul>","protected":false},"excerpt":{"rendered":"<p>Part Number: FBO 60339<\/p>\n<p>Made By: Parker Racor<\/p>\n<p>FBO-14 Pre-Filter Kit (1 Micron)<\/p>\n<p>Replacement Cartridge Filter Elements &#8211; Racor FBO Series<\/p>","protected":false},"featured_media":240,"comment_status":"closed","ping_status":"closed","template":"","meta":{"_seopress_robots_primary_cat":"","_seopress_titles_title":"","_seopress_titles_desc":"","_seopress_robots_index":""},"product_brand":[1926,1927],"product_cat":[264,188,21],"product_tag":[265],"class_list":{"0":"post-248","1":"product","2":"type-product","3":"status-publish","4":"has-post-thumbnail","6":"product_brand-parker","7":"product_brand-racor","8":"product_cat-elements-cartridge","9":"product_cat-racor-fuel-filter","10":"product_cat-z-poa","11":"product_tag-racor-replacement-elements-fbo-series","13":"first","14":"instock","15":"taxable","16":"shipping-taxable","17":"purchasable","18":"product-type-simple"},"acpt":{"meta":[{"meta_box":"product-links","meta_fields":[{"name":"product-documents","type":"Post","options":[],"value":null,"default":"","required":false,"showInAdmin":false,"advancedOptions":[]},{"name":"product-videos","type":"Post","options":[],"value":[3370],"default":"","required":false,"showInAdmin":false,"advancedOptions":[]}]}],"wc_product_data":[]},"_links":{"self":[{"href":"https:\/\/racorshop.de\/fr\/wp-json\/wp\/v2\/product\/248","targetHints":{"allow":["GET"]}}],"collection":[{"href":"https:\/\/racorshop.de\/fr\/wp-json\/wp\/v2\/product"}],"about":[{"href":"https:\/\/racorshop.de\/fr\/wp-json\/wp\/v2\/types\/product"}],"replies":[{"embeddable":true,"href":"https:\/\/racorshop.de\/fr\/wp-json\/wp\/v2\/comments?post=248"}],"wp:featuredmedia":[{"embeddable":true,"href":"https:\/\/racorshop.de\/fr\/wp-json\/wp\/v2\/media\/240"}],"wp:attachment":[{"href":"https:\/\/racorshop.de\/fr\/wp-json\/wp\/v2\/media?parent=248"}],"wp:term":[{"taxonomy":"product_brand","embeddable":true,"href":"https:\/\/racorshop.de\/fr\/wp-json\/wp\/v2\/product_brand?post=248"},{"taxonomy":"product_cat","embeddable":true,"href":"https:\/\/racorshop.de\/fr\/wp-json\/wp\/v2\/product_cat?post=248"},{"taxonomy":"product_tag","embeddable":true,"href":"https:\/\/racorshop.de\/fr\/wp-json\/wp\/v2\/product_tag?post=248"}],"curies":[{"name":"wp","href":"https:\/\/api.w.org\/{rel}","templated":true}]}}