{"id":241,"date":"2025-02-06T17:09:51","date_gmt":"2025-02-06T17:09:51","guid":{"rendered":"https:\/\/racorshop.de\/?post_type=product&#038;p=241"},"modified":"2026-02-17T18:07:49","modified_gmt":"2026-02-17T18:07:49","slug":"racor-fbo60356-coalescer-separator-10-micron","status":"publish","type":"product","link":"https:\/\/racorshop.de\/fr\/product\/separateur-coalesceur-racor-fbo60356-10-microns\/","title":{"rendered":"Coalesceur\/S\u00e9parateur Racor FBO60356 (10 microns)"},"content":{"rendered":"<p>Les cartouches de rechange de la s\u00e9rie FBO sont con\u00e7ues pour \u00eatre utilis\u00e9es avec les ensembles de filtres FBO. Elles sont disponibles sous forme de s\u00e9parateurs d&#039;eau, de filtres anti-particules trait\u00e9s au silicone et de filtres absorbants d&#039;eau. Le filtre FBO 60356 est class\u00e9 10 microns.<\/p>","protected":false},"excerpt":{"rendered":"<p>Part Number: FBO 60356<\/p>\n<p>Made By: Parker Racor<\/p>\n<p>FBO-14 Coalescer\/Separator Kit (10 Micron)<\/p>\n<p>Replacement Cartridge Filter Elements &#8211; Racor FBO Series<\/p>","protected":false},"featured_media":240,"comment_status":"open","ping_status":"closed","template":"","meta":{"_seopress_robots_primary_cat":"","_seopress_titles_title":"","_seopress_titles_desc":"","_seopress_robots_index":""},"product_brand":[1926,1927],"product_cat":[264,188,21],"product_tag":[265],"class_list":{"0":"post-241","1":"product","2":"type-product","3":"status-publish","4":"has-post-thumbnail","6":"product_brand-parker","7":"product_brand-racor","8":"product_cat-elements-cartridge","9":"product_cat-racor-fuel-filter","10":"product_cat-z-poa","11":"product_tag-racor-replacement-elements-fbo-series","13":"first","14":"outofstock","15":"taxable","16":"shipping-taxable","17":"product-type-simple"},"acpt":{"meta":[{"meta_box":"product-links","meta_fields":[{"name":"product-documents","type":"Post","options":[],"value":null,"default":"","required":false,"showInAdmin":false,"advancedOptions":[]},{"name":"product-videos","type":"Post","options":[],"value":[3370],"default":"","required":false,"showInAdmin":false,"advancedOptions":[]}]}],"wc_product_data":[]},"_links":{"self":[{"href":"https:\/\/racorshop.de\/fr\/wp-json\/wp\/v2\/product\/241","targetHints":{"allow":["GET"]}}],"collection":[{"href":"https:\/\/racorshop.de\/fr\/wp-json\/wp\/v2\/product"}],"about":[{"href":"https:\/\/racorshop.de\/fr\/wp-json\/wp\/v2\/types\/product"}],"replies":[{"embeddable":true,"href":"https:\/\/racorshop.de\/fr\/wp-json\/wp\/v2\/comments?post=241"}],"wp:featuredmedia":[{"embeddable":true,"href":"https:\/\/racorshop.de\/fr\/wp-json\/wp\/v2\/media\/240"}],"wp:attachment":[{"href":"https:\/\/racorshop.de\/fr\/wp-json\/wp\/v2\/media?parent=241"}],"wp:term":[{"taxonomy":"product_brand","embeddable":true,"href":"https:\/\/racorshop.de\/fr\/wp-json\/wp\/v2\/product_brand?post=241"},{"taxonomy":"product_cat","embeddable":true,"href":"https:\/\/racorshop.de\/fr\/wp-json\/wp\/v2\/product_cat?post=241"},{"taxonomy":"product_tag","embeddable":true,"href":"https:\/\/racorshop.de\/fr\/wp-json\/wp\/v2\/product_tag?post=241"}],"curies":[{"name":"wp","href":"https:\/\/api.w.org\/{rel}","templated":true}]}}