{"id":1965,"date":"2025-02-06T17:55:54","date_gmt":"2025-02-06T17:55:54","guid":{"rendered":"https:\/\/racorshop.de\/?post_type=product&#038;p=1965"},"modified":"2025-11-26T21:41:25","modified_gmt":"2025-11-26T21:41:25","slug":"racor-pff5510-spin-on-fuel-filter","status":"publish","type":"product","link":"https:\/\/racorshop.de\/fr\/product\/filtre-a-carburant-a-visser-racor-pff5510\/","title":{"rendered":"Filtre \u00e0 carburant \u00e0 visser Racor PFF5510"},"content":{"rendered":"<p>Le filtre \u00e0 carburant \u00e0 visser Racor PFF5510 (10 microns) est id\u00e9al pour toutes les applications \u00e0 essence int\u00e9rieures et ext\u00e9rieures. Le PFF5510 est dot\u00e9 du m\u00e9dia Aquabloc\u00ae de 10 microns et est garanti pour surpasser les filtres \u00e0 essence standard et d\u00e9passer toutes les exigences OEM. Il s&#039;adapte \u00e0 la plupart des applications de moteurs \u00e0 essence les plus courantes gr\u00e2ce \u00e0 ses filetages centraux de 11\/16\u2033-16 et convient \u00e0 tous les syst\u00e8mes d&#039;injection basse ou haute pression. Le PFF5510 est trait\u00e9 \u00e0 l&#039;int\u00e9rieur et \u00e0 l&#039;ext\u00e9rieur avec des rev\u00eatements hautement r\u00e9sistants \u00e0 la corrosion pour \u00e9liminer la rouille.<\/p>\n<p><strong>Caract\u00e9ristiques du PFF5510<\/strong><\/p>\n<ul>\n<li>Haute r\u00e9sistance \u00e0 la corrosion \u00e0 l&#039;int\u00e9rieur et \u00e0 l&#039;ext\u00e9rieur<\/li>\n<li>Applications de carburants marins \u00e0 base d&#039;essence<\/li>\n<li>Indice de micron : 10<\/li>\n<li>Filetage : 11\/16\u2033-16 centre<\/li>\n<\/ul>\n<p><strong>Applications marines :<\/strong><\/p>\n<p>Honda, Mercury, Mercruiser, Yamaha, Suzuki et Tohatsu<\/p>","protected":false},"excerpt":{"rendered":"<p>Part Number: PFF5510<\/p>\n<p>Made By: Parker Racor<\/p>\n<p>Gasoline Filter Parfit<\/p>\n<p>Racor Aftermarket<\/p>","protected":false},"featured_media":1969,"comment_status":"closed","ping_status":"closed","template":"","meta":{"_seopress_robots_primary_cat":"none","_seopress_titles_title":"","_seopress_titles_desc":"","_seopress_robots_index":""},"product_brand":[1926,1927],"product_cat":[717,188,21],"product_tag":[1121],"class_list":{"0":"post-1965","1":"product","2":"type-product","3":"status-publish","4":"has-post-thumbnail","6":"product_brand-parker","7":"product_brand-racor","8":"product_cat-elements-spin-on","9":"product_cat-racor-fuel-filter","10":"product_cat-z-poa","11":"product_tag-racor-aftermarket","13":"first","14":"onbackorder","15":"taxable","16":"shipping-taxable","17":"purchasable","18":"product-type-simple"},"acpt":{"meta":[{"meta_box":"product-links","meta_fields":[{"name":"product-documents","type":"Post","options":[],"value":["2305"],"default":"","required":false,"showInAdmin":false,"advancedOptions":[]},{"name":"product-videos","type":"Post","options":[],"value":null,"default":"","required":false,"showInAdmin":false,"advancedOptions":[]}]}],"wc_product_data":[]},"_links":{"self":[{"href":"https:\/\/racorshop.de\/fr\/wp-json\/wp\/v2\/product\/1965","targetHints":{"allow":["GET"]}}],"collection":[{"href":"https:\/\/racorshop.de\/fr\/wp-json\/wp\/v2\/product"}],"about":[{"href":"https:\/\/racorshop.de\/fr\/wp-json\/wp\/v2\/types\/product"}],"replies":[{"embeddable":true,"href":"https:\/\/racorshop.de\/fr\/wp-json\/wp\/v2\/comments?post=1965"}],"wp:featuredmedia":[{"embeddable":true,"href":"https:\/\/racorshop.de\/fr\/wp-json\/wp\/v2\/media\/1969"}],"wp:attachment":[{"href":"https:\/\/racorshop.de\/fr\/wp-json\/wp\/v2\/media?parent=1965"}],"wp:term":[{"taxonomy":"product_brand","embeddable":true,"href":"https:\/\/racorshop.de\/fr\/wp-json\/wp\/v2\/product_brand?post=1965"},{"taxonomy":"product_cat","embeddable":true,"href":"https:\/\/racorshop.de\/fr\/wp-json\/wp\/v2\/product_cat?post=1965"},{"taxonomy":"product_tag","embeddable":true,"href":"https:\/\/racorshop.de\/fr\/wp-json\/wp\/v2\/product_tag?post=1965"}],"curies":[{"name":"wp","href":"https:\/\/api.w.org\/{rel}","templated":true}]}}