{"id":1945,"date":"2025-02-06T17:21:01","date_gmt":"2025-02-06T17:21:01","guid":{"rendered":"https:\/\/racorshop.de\/?post_type=product&#038;p=1945"},"modified":"2026-04-13T13:47:33","modified_gmt":"2026-04-13T13:47:33","slug":"racor-2020v10-element-10-micron-with-seals","status":"publish","type":"product","link":"https:\/\/racorshop.de\/fr\/product\/element-racor-2020v10-10-microns-avec-joints\/","title":{"rendered":"\u00c9l\u00e9ment Racor 2020V10 (10 microns avec joints)"},"content":{"rendered":"<p><strong>Filtre \u00e0 cartouche de remplacement europ\u00e9en pour 2020PM-OR avec support Aquabloc\u00ae d&#039;origine pour bo\u00eetiers de filtre de la s\u00e9rie Racor Turbine.<\/strong><\/p>\n<p>Les cartouches filtrantes de service de turbine de la s\u00e9rie Racor V sont con\u00e7ues pour les nouveaux ensembles de turbines 900FV, 1000FV, 900VMA et 1000VMA.<\/p>\n<p>Les filtres \u00e0 cartouche de la s\u00e9rie V sont r\u00e9trocompatibles avec les anciens mod\u00e8les de cartouches.<\/p>\n<p><strong>Note:<\/strong> Les anciens num\u00e9ros de r\u00e9f\u00e9rence des filtres \u00e0 cartouche (2020PM-OR, etc.) ne fonctionneront pas dans les nouveaux bo\u00eetiers de turbine FV et VMA. Cependant, les nouveaux num\u00e9ros de r\u00e9f\u00e9rence de la s\u00e9rie V sont r\u00e9trocompatibles et fonctionneront dans les anciens assemblages ou bo\u00eetiers de turbine.<\/p>\n<p><strong>Aper\u00e7u<\/strong><\/p>\n<p>Les tol\u00e9rances des injecteurs des moteurs diesel sont mesur\u00e9es en microns et les moteurs les plus r\u00e9cents injectent du carburant \u00e0 des pressions sup\u00e9rieures \u00e0 30 000 psi (207 kPa). Dans ces conditions, la plus petite particule de salet\u00e9 ou d&#039;eau peut rayer et \u00e9roder des composants de pr\u00e9cision, entra\u00eenant des dommages aux moteurs, aux op\u00e9rations et \u00e0 la rentabilit\u00e9.<\/p>\n<p>Les turbines Racor de la s\u00e9rie FF\/WS offrent une efficacit\u00e9 exceptionnelle d&#039;\u00e9limination de l&#039;eau en vrac et en \u00e9mulsion, une faible restriction du d\u00e9bit de carburant et une grande capacit\u00e9 de r\u00e9tention des impuret\u00e9s. Le c\u0153ur du syst\u00e8me est constitu\u00e9 par les trois \u00e9tapes de coalescence et de filtration aliment\u00e9es par l&#039;\u00e9l\u00e9ment filtrant brevet\u00e9 Aquabloc\u00ae.<\/p>\n<p>\u00c9tape 1 S\u00e9paration :<\/p>\n<p>Lorsque le carburant p\u00e9n\u00e8tre dans l&#039;ensemble de filtrage, il se d\u00e9place \u00e0 travers la centrifugeuse \u00e0 turbine (stationnaire) et fait tourner de gros solides et des gouttelettes d&#039;eau qui tombent au fond du bol de collecte.<\/p>\n<p>\u00c9tape 2 Coalescing :<\/p>\n<p>De petites gouttes d&#039;eau perlent \u00e0 la surface du d\u00e9flecteur conique et de l&#039;\u00e9l\u00e9ment de cartouche. Lorsqu&#039;elles sont suffisamment lourdes, elles tombent au fond du bol de r\u00e9cup\u00e9ration.<\/p>\n<p>\u00c9tape 3 Filtration :<\/p>\n<p>Les \u00e9l\u00e9ments de cartouche exclusifs Aquabloc\u00ae repoussent l&#039;eau et \u00e9liminent les contaminants solides du carburant avec une efficacit\u00e9 de 98% de leur indice de micron. L&#039;eau qui s&#039;accumule \u00e0 la surface de l&#039;\u00e9l\u00e9ment se transforme en gouttes plus grosses qui tombent dans le bol de collecte.<\/p>\n<p>Seuls les \u00e9l\u00e9ments filtrants \u00e0 cartouche Racor d&#039;origine sont dot\u00e9s du support technique Aquabloc\u00ae pour une protection ultime du moteur.<\/p>\n<p><strong>Options de commande :<\/strong><\/p>\n<p>1. Choisissez le type de bo\u00eetier : bo\u00eetiers de la s\u00e9rie 500, 900 ou 1000. (Choisissez d&#039;abord la hauteur si le type de bo\u00eetier n&#039;est pas connu)<\/p>\n<p>2. Choisissez le classement en microns\u00a0:<\/p>\n<ul>\n<li><a href=\"http:\/\/localhost\/racorshop\/product\/racor-2020v2-element-2-micron-with-seals\/\">\u00c9l\u00e9ment Aquabloc\u00ae de \u00ab 2 \u00bb microns \u00e9valu\u00e9 \u00e0 une efficacit\u00e9 de 98% \u00e0 4 microns<\/a><\/li>\n<li><a href=\"http:\/\/localhost\/racorshop\/product\/racor-2020v10-element-10-micron-with-seals\/\">\u00c9l\u00e9ment Aquabloc\u00ae de \u00ab 10 \u00bb microns \u00e9valu\u00e9 \u00e0 une efficacit\u00e9 de 98% \u00e0 10 microns<\/a><\/li>\n<li><a href=\"http:\/\/localhost\/racorshop\/product\/racor-2020v30-element-30-micron-with-seals\/\">\u00c9l\u00e9ment Aquabloc\u00ae de \u00ab 30 \u00bb microns \u00e9valu\u00e9 \u00e0 une efficacit\u00e9 de 98% \u00e0 30 microns<\/a><\/li>\n<\/ul>\n<p>3. Choisissez la hauteur si le type de logement n&#039;est pas connu.<\/p>\n<p>4. Choisissez le style de l&#039;embout. Le style de l&#039;embout moul\u00e9 noir est disponible pour le march\u00e9 am\u00e9ricain. Le style en pot beige est disponible partout ailleurs. Les deux styles ont des performances de filtration identiques.<\/p>\n<p><strong>Remarques importantes :<\/strong><\/p>\n<ul>\n<li>Un filtre secondaire ou final est n\u00e9cessaire en aval pour les \u00e9l\u00e9ments de 10 et 30 microns.<\/li>\n<li>Plus le micron est faible, plus la filtration est fine. Des microns plus faibles doivent \u00eatre envisag\u00e9s lorsqu&#039;il n&#039;y a pas de filtration suppl\u00e9mentaire en aval. En fin de compte, le micron pr\u00e9f\u00e9r\u00e9 sera fonction de la qualit\u00e9 du carburant, des climats d&#039;exploitation et des calendriers de maintenance.<\/li>\n<li>Les embouts sont cod\u00e9s par couleur pour une identification et une application faciles : lettrage rouge pour une filtration primaire de 30 microns, lettrage bleu pour une filtration primaire ou secondaire de 10 microns et lettrage marron pour une filtration secondaire\/finale de 2 microns.<\/li>\n<\/ul>\n<p><strong>Caract\u00e9ristiques et avantages :<\/strong><\/p>\n<ul>\n<li>Une poign\u00e9e de s\u00e9curit\u00e9 int\u00e9gr\u00e9e facilite les changements.<\/li>\n<li>Convient aux mod\u00e8les pr\u00e9c\u00e9dents de bo\u00eetiers de turbine Racor, y compris les versions marines.<\/li>\n<li>Conception de b\u00e9quille sans outil et facile \u00e0 saisir pour un retrait rapide et confortable de la cartouche de service.<\/li>\n<li>Comprend un joint de couvercle et un joint torique de poign\u00e9e en T.<\/li>\n<li>Le m\u00e9dia Aquabloc\u00ae Synergy est con\u00e7u pour la meilleure filtration afin de r\u00e9pondre aux d\u00e9fis actuels en mati\u00e8re de carburant.<\/li>\n<li>Les turbines de la s\u00e9rie Racor authentiques sont compatibles avec les bo\u00eetiers de turbine approuv\u00e9s UL<\/li>\n<\/ul>\n<p><strong>Aquabloc\u00ae \u2013 L\u2019histoire int\u00e9rieure :<\/strong><\/p>\n<p>Le m\u00e9dia Aquabloc\u00ae \u00e0 tr\u00e8s haute efficacit\u00e9 de Racor est un m\u00e9lange con\u00e7u de formulations de m\u00e9dia distinctes : de la cellulose de haute qualit\u00e9 compos\u00e9e de fibres techniques et de traitements chimiques \u00e9prouv\u00e9s pour bloquer l&#039;eau.<\/p>\n<ul>\n<li>La capacit\u00e9 \u00e9lev\u00e9e de r\u00e9tention des contaminants permet des changements de filtre moins fr\u00e9quents, augmentant ainsi les \u00e9conomies d&#039;exploitation.<\/li>\n<li>Le support Aquabloc\u00ae est \u00e0 la fois ondul\u00e9 et pliss\u00e9 pour maintenir les plis ouverts et pr\u00e9senter une grande surface de filtration efficace au flux de carburant diesel.<\/li>\n<li>La capacit\u00e9 \u00e9lev\u00e9e de r\u00e9tention de la salet\u00e9 du m\u00e9dia Aquabloc\u00ae prolonge consid\u00e9rablement la dur\u00e9e de vie des filtres de derni\u00e8re \u00e9tape du moteur et r\u00e9duit le co\u00fbt global de l&#039;entretien de la filtration.<\/li>\n<li>Les \u00e9l\u00e9ments filtrants \u00e0 cartouche Aquabloc\u00ae sont disponibles en calibres de 2, 10 et 30 microns afin que la protection puisse \u00eatre adapt\u00e9e \u00e0 l&#039;application, \u00e0 la qualit\u00e9 du carburant, aux environnements de fonctionnement et aux calendriers d&#039;entretien.<\/li>\n<li>Le support Aquabloc\u00ae aide les moteurs diesel des \u00e9quipementiers \u00e0 respecter les normes d&#039;\u00e9mission gouvernementales strictes.<\/li>\n<li>Un filtre \u00e0 carburant\/s\u00e9parateur d\u2019eau avec \u00e9l\u00e9ment de cartouche rempla\u00e7able est la solution de filtration la moins co\u00fbteuse.<\/li>\n<\/ul>\n<p><strong>Applications :<\/strong><\/p>\n<ul>\n<li>Tous les moteurs diesel avec un syst\u00e8me de filtration de la s\u00e9rie Turbine<\/li>\n<li>Marin<\/li>\n<li>G\u00e9n\u00e9rateur<\/li>\n<li>Construction<\/li>\n<li>Sur l&#039;autoroute<\/li>\n<li>Hors autoroute.<\/li>\n<\/ul>","protected":false},"excerpt":{"rendered":"<p>Part Number: 2020V10<\/p>\n<p>Made By: Parker Racor<\/p>\n<p>Replacement Element-Std 10 Micron With Seals<\/p>\n<p>Replacement Cartridge Filter Element for Turbine Series Filters &#8211; Racor Europe<\/p>","protected":false},"featured_media":1951,"comment_status":"closed","ping_status":"closed","template":"","meta":{"_seopress_robots_primary_cat":"none","_seopress_titles_title":"","_seopress_titles_desc":"","_seopress_robots_index":""},"product_brand":[1926,1927],"product_cat":[2031,264,188],"product_tag":[1025],"class_list":{"0":"post-1945","1":"product","2":"type-product","3":"status-publish","4":"has-post-thumbnail","6":"product_brand-parker","7":"product_brand-racor","8":"product_cat-1000-series","9":"product_cat-elements-cartridge","10":"product_cat-racor-fuel-filter","11":"product_tag-racor-replacement-elements-turbine-series","13":"first","14":"instock","15":"taxable","16":"shipping-taxable","17":"purchasable","18":"product-type-simple"},"acpt":{"meta":[{"meta_box":"product-links","meta_fields":[{"name":"product-documents","type":"Post","options":[],"value":["3051","3054","3058","3061","3064","3067"],"default":"","required":false,"showInAdmin":false,"advancedOptions":[]},{"name":"product-videos","type":"Post","options":[],"value":null,"default":"","required":false,"showInAdmin":false,"advancedOptions":[]}]}],"wc_product_data":[]},"_links":{"self":[{"href":"https:\/\/racorshop.de\/fr\/wp-json\/wp\/v2\/product\/1945","targetHints":{"allow":["GET"]}}],"collection":[{"href":"https:\/\/racorshop.de\/fr\/wp-json\/wp\/v2\/product"}],"about":[{"href":"https:\/\/racorshop.de\/fr\/wp-json\/wp\/v2\/types\/product"}],"replies":[{"embeddable":true,"href":"https:\/\/racorshop.de\/fr\/wp-json\/wp\/v2\/comments?post=1945"}],"wp:featuredmedia":[{"embeddable":true,"href":"https:\/\/racorshop.de\/fr\/wp-json\/wp\/v2\/media\/1951"}],"wp:attachment":[{"href":"https:\/\/racorshop.de\/fr\/wp-json\/wp\/v2\/media?parent=1945"}],"wp:term":[{"taxonomy":"product_brand","embeddable":true,"href":"https:\/\/racorshop.de\/fr\/wp-json\/wp\/v2\/product_brand?post=1945"},{"taxonomy":"product_cat","embeddable":true,"href":"https:\/\/racorshop.de\/fr\/wp-json\/wp\/v2\/product_cat?post=1945"},{"taxonomy":"product_tag","embeddable":true,"href":"https:\/\/racorshop.de\/fr\/wp-json\/wp\/v2\/product_tag?post=1945"}],"curies":[{"name":"wp","href":"https:\/\/api.w.org\/{rel}","templated":true}]}}