{"id":1943,"date":"2025-02-06T17:21:01","date_gmt":"2025-02-06T17:21:01","guid":{"rendered":"https:\/\/racorshop.de\/?post_type=product&#038;p=1943"},"modified":"2026-02-24T10:31:01","modified_gmt":"2026-02-24T10:31:01","slug":"racor-lg50-tank-vent-filter","status":"publish","type":"product","link":"https:\/\/racorshop.de\/fr\/product\/filtre-de-ventilation-de-reservoir-racor-lg50\/","title":{"rendered":"Filtre de ventilation de r\u00e9servoir Racor LG50"},"content":{"rendered":"<p>Le s\u00e9parateur de carburant\/air Racor LG50 s\u00e9pare efficacement l&#039;air du carburant qui peut avoir \u00e9t\u00e9 forc\u00e9 dans la conduite. Lorsque l&#039;air est \u00e9vacu\u00e9, le carburant est renvoy\u00e9 dans le r\u00e9servoir \u00e0 l&#039;aide d&#039;un processus en deux \u00e9tapes. Utilis\u00e9 pour les applications essence\/essence. Pour les applications diesel, voir <a href=\"http:\/\/localhost\/racorshop\/product\/racor-lg100-tankentluftungsfilter\/\">Racor LG100<\/a>.<\/p>\n<p>Le ravitaillement en carburant d&#039;un bateau entra\u00eene souvent un d\u00e9versement de carburant par-dessus bord. Le d\u00e9versement de carburant n&#039;est pas seulement co\u00fbteux, il est absolument mortel pour les lacs, les rivi\u00e8res et les voies navigables fragiles. De plus, aux \u00c9tats-Unis, l&#039;USCG et d&#039;autres r\u00e9glementations interdisent le d\u00e9versement d&#039;huiles dans les cours d&#039;eau et les contrevenants s&#039;exposent \u00e0 des sanctions civiles et p\u00e9nales. Le s\u00e9parateur de carburant\/air Lifeguard LG50 de Racor est con\u00e7u pour \u00eatre install\u00e9 \u00e0 l&#039;aide de votre r\u00e9servoir de carburant et de votre tuyau d&#039;a\u00e9ration existants.<\/p>\n<p>Le s\u00e9parateur de carburant\/air Racor Lifeguard LG50 comprend des raccords cannel\u00e9s m\u00e2les standard de 5\/8 pouces, des colliers de serrage et des instructions.<\/p>\n<p>Application : Essence<\/p>\n<p>Dimensions : 45 mm de profondeur x 150 mm de longueur<\/p>\n<p>Taille de la conduite d&#039;a\u00e9ration : 17 mm \/ 5\/8&quot;<\/p>","protected":false},"excerpt":{"rendered":"<p>Part Number: LG50<\/p>\n<p>Manufacturer: Parker Racor<\/p>\n<p>Fuel\/Air separator<\/p>\n<p>Fuel Vent Line &#8211; Racor Lifeguard Series<\/p>","protected":false},"featured_media":1948,"comment_status":"closed","ping_status":"closed","template":"","meta":{"_seopress_robots_primary_cat":"none","_seopress_titles_title":"","_seopress_titles_desc":"","_seopress_robots_index":""},"product_brand":[1926,1927],"product_cat":[1893,188],"product_tag":[1894],"class_list":{"0":"post-1943","1":"product","2":"type-product","3":"status-publish","4":"has-post-thumbnail","6":"product_brand-parker","7":"product_brand-racor","8":"product_cat-fuel-air-separator","9":"product_cat-racor-fuel-filter","10":"product_tag-fuel-ventilation","12":"first","13":"onbackorder","14":"taxable","15":"shipping-taxable","16":"purchasable","17":"product-type-simple"},"acpt":{"meta":[{"meta_box":"product-links","meta_fields":[{"name":"product-documents","type":"Post","options":[],"value":null,"default":"","required":false,"showInAdmin":false,"advancedOptions":[]},{"name":"product-videos","type":"Post","options":[],"value":null,"default":"","required":false,"showInAdmin":false,"advancedOptions":[]}]}],"wc_product_data":[]},"_links":{"self":[{"href":"https:\/\/racorshop.de\/fr\/wp-json\/wp\/v2\/product\/1943","targetHints":{"allow":["GET"]}}],"collection":[{"href":"https:\/\/racorshop.de\/fr\/wp-json\/wp\/v2\/product"}],"about":[{"href":"https:\/\/racorshop.de\/fr\/wp-json\/wp\/v2\/types\/product"}],"replies":[{"embeddable":true,"href":"https:\/\/racorshop.de\/fr\/wp-json\/wp\/v2\/comments?post=1943"}],"wp:featuredmedia":[{"embeddable":true,"href":"https:\/\/racorshop.de\/fr\/wp-json\/wp\/v2\/media\/1948"}],"wp:attachment":[{"href":"https:\/\/racorshop.de\/fr\/wp-json\/wp\/v2\/media?parent=1943"}],"wp:term":[{"taxonomy":"product_brand","embeddable":true,"href":"https:\/\/racorshop.de\/fr\/wp-json\/wp\/v2\/product_brand?post=1943"},{"taxonomy":"product_cat","embeddable":true,"href":"https:\/\/racorshop.de\/fr\/wp-json\/wp\/v2\/product_cat?post=1943"},{"taxonomy":"product_tag","embeddable":true,"href":"https:\/\/racorshop.de\/fr\/wp-json\/wp\/v2\/product_tag?post=1943"}],"curies":[{"name":"wp","href":"https:\/\/api.w.org\/{rel}","templated":true}]}}