{"id":1778,"date":"2025-02-06T17:19:41","date_gmt":"2025-02-06T17:19:41","guid":{"rendered":"https:\/\/racorshop.de\/?post_type=product&#038;p=1778"},"modified":"2025-03-06T20:41:06","modified_gmt":"2025-03-06T20:41:06","slug":"racor-lg100-tank-vent-filter","status":"publish","type":"product","link":"https:\/\/racorshop.de\/fr\/product\/filtre-de-ventilation-de-reservoir-racor-lg100\/","title":{"rendered":"Filtre de ventilation de r\u00e9servoir Racor LG100"},"content":{"rendered":"<p>Le s\u00e9parateur air\/carburant Racor LG100 s\u00e9pare efficacement l&#039;air du carburant dans la conduite de reniflard du r\u00e9servoir pendant le ravitaillement. Lorsque l&#039;air est \u00e9vacu\u00e9, le carburant est renvoy\u00e9 dans le r\u00e9servoir \u00e0 l&#039;aide d&#039;un processus en deux \u00e9tapes. Le s\u00e9parateur air\/carburant Racor Lifeguard LG100 peut \u00eatre utilis\u00e9 pour les carburants diesel et essence.<\/p>\n<p>Le ravitaillement en carburant d&#039;un bateau entra\u00eene souvent un d\u00e9versement de carburant par-dessus bord. Le d\u00e9versement de carburant n&#039;est pas seulement co\u00fbteux, il est absolument mortel pour les lacs, les rivi\u00e8res et les voies navigables fragiles. De plus, aux \u00c9tats-Unis, l&#039;USCG et d&#039;autres r\u00e9glementations interdisent le d\u00e9versement d&#039;huiles dans les cours d&#039;eau et les contrevenants s&#039;exposent \u00e0 des sanctions civiles et p\u00e9nales. Le s\u00e9parateur de carburant\/air Lifeguard LG100 de Racor est con\u00e7u pour \u00eatre install\u00e9 \u00e0 l&#039;aide de votre r\u00e9servoir de carburant et de votre tuyau d&#039;a\u00e9ration existants.<\/p>\n<p>L&#039;unit\u00e9 LG100 comprend des raccords cannel\u00e9s m\u00e2les standard de 5\/8 pouces, des colliers de serrage et des instructions.<\/p>\n<ul>\n<li>Application : essence ou diesel<\/li>\n<li>D\u00e9bit : 17 CFM (d\u00e9bit d&#039;air)<\/li>\n<li>Taille du port : 16 mm (5\/8\u2033)<\/li>\n<li>Vidange : Non<\/li>\n<li>Dimensions : 250 mm de hauteur x 100 mm de diam\u00e8tre (9 7\/8\u2033 de hauteur x 4\u2033 de diam\u00e8tre)<\/li>\n<\/ul>","protected":false},"excerpt":{"rendered":"<p>Article number: LG100<\/p>\n<p>Manufacturer: Parker Racor<\/p>\n<p>Fuel\/Air separator<\/p>\n<p>Fuel Vent Line &#8211; Racor Lifeguard Series<\/p>","protected":false},"featured_media":1949,"comment_status":"open","ping_status":"closed","template":"","meta":{"_seopress_robots_primary_cat":"","_seopress_titles_title":"","_seopress_titles_desc":"","_seopress_robots_index":""},"product_brand":[1926,1927],"product_cat":[1893,188,21],"product_tag":[1894],"class_list":{"0":"post-1778","1":"product","2":"type-product","3":"status-publish","4":"has-post-thumbnail","6":"product_brand-parker","7":"product_brand-racor","8":"product_cat-fuel-air-separator","9":"product_cat-racor-fuel-filter","10":"product_cat-z-poa","11":"product_tag-fuel-ventilation","13":"first","14":"onbackorder","15":"taxable","16":"shipping-taxable","17":"purchasable","18":"product-type-simple"},"acpt":{"meta":[{"meta_box":"product-links","meta_fields":[{"name":"product-documents","type":"Post","options":[],"value":null,"default":"","required":false,"showInAdmin":false,"advancedOptions":[]},{"name":"product-videos","type":"Post","options":[],"value":null,"default":"","required":false,"showInAdmin":false,"advancedOptions":[]}]}],"wc_product_data":[]},"_links":{"self":[{"href":"https:\/\/racorshop.de\/fr\/wp-json\/wp\/v2\/product\/1778","targetHints":{"allow":["GET"]}}],"collection":[{"href":"https:\/\/racorshop.de\/fr\/wp-json\/wp\/v2\/product"}],"about":[{"href":"https:\/\/racorshop.de\/fr\/wp-json\/wp\/v2\/types\/product"}],"replies":[{"embeddable":true,"href":"https:\/\/racorshop.de\/fr\/wp-json\/wp\/v2\/comments?post=1778"}],"wp:featuredmedia":[{"embeddable":true,"href":"https:\/\/racorshop.de\/fr\/wp-json\/wp\/v2\/media\/1949"}],"wp:attachment":[{"href":"https:\/\/racorshop.de\/fr\/wp-json\/wp\/v2\/media?parent=1778"}],"wp:term":[{"taxonomy":"product_brand","embeddable":true,"href":"https:\/\/racorshop.de\/fr\/wp-json\/wp\/v2\/product_brand?post=1778"},{"taxonomy":"product_cat","embeddable":true,"href":"https:\/\/racorshop.de\/fr\/wp-json\/wp\/v2\/product_cat?post=1778"},{"taxonomy":"product_tag","embeddable":true,"href":"https:\/\/racorshop.de\/fr\/wp-json\/wp\/v2\/product_tag?post=1778"}],"curies":[{"name":"wp","href":"https:\/\/api.w.org\/{rel}","templated":true}]}}