{"id":1388,"date":"2025-02-06T17:17:10","date_gmt":"2025-02-06T17:17:10","guid":{"rendered":"https:\/\/racorshop.de\/?post_type=product&#038;p=1388"},"modified":"2025-03-06T20:41:57","modified_gmt":"2025-03-06T20:41:57","slug":"racor-pff4606-cartridge-fuel-filter","status":"publish","type":"product","link":"https:\/\/racorshop.de\/fr\/product\/filtre-a-carburant-a-cartouche-racor-pff4606\/","title":{"rendered":"Filtre \u00e0 carburant \u00e0 cartouche Racor PFF4606"},"content":{"rendered":"<p>Lorsque vous choisissez des filtres ParFit, vous savez que vous faites tout ce que vous pouvez pour prot\u00e9ger votre \u00e9quipement, prolonger son cycle de vie et son efficacit\u00e9, et am\u00e9liorer vos r\u00e9sultats financiers. Les mod\u00e8les sont disponibles pour un remplacement direct par vissage et avec des t\u00eates en aluminium moul\u00e9 sous pression int\u00e9gr\u00e9es. La s\u00e9rie compl\u00e8te ParFit comprend des filtres\/s\u00e9parateurs de rechange OEM pour les moteurs diesel les plus populaires, notamment Caterpillar, Cummins, Detroit Diesel, Ford et Navistar.<\/p>","protected":false},"excerpt":{"rendered":"<p>Part Number: PFF4606<br \/>\nMade By: Parker Racor<br \/>\nParfit Cartridge Element<br \/>\nRacor Aftermarket<\/p>","protected":false},"featured_media":1378,"comment_status":"open","ping_status":"closed","template":"","meta":{"_seopress_robots_primary_cat":"","_seopress_titles_title":"","_seopress_titles_desc":"","_seopress_robots_index":""},"product_brand":[1926,1927],"product_cat":[264,188,21],"product_tag":[1121],"class_list":{"0":"post-1388","1":"product","2":"type-product","3":"status-publish","4":"has-post-thumbnail","6":"product_brand-parker","7":"product_brand-racor","8":"product_cat-elements-cartridge","9":"product_cat-racor-fuel-filter","10":"product_cat-z-poa","11":"product_tag-racor-aftermarket","13":"first","14":"outofstock","15":"taxable","16":"shipping-taxable","17":"product-type-simple"},"acpt":{"meta":[{"meta_box":"product-links","meta_fields":[{"name":"product-documents","type":"Post","options":[],"value":null,"default":"","required":false,"showInAdmin":false,"advancedOptions":[]},{"name":"product-videos","type":"Post","options":[],"value":null,"default":"","required":false,"showInAdmin":false,"advancedOptions":[]}]}],"wc_product_data":[]},"_links":{"self":[{"href":"https:\/\/racorshop.de\/fr\/wp-json\/wp\/v2\/product\/1388","targetHints":{"allow":["GET"]}}],"collection":[{"href":"https:\/\/racorshop.de\/fr\/wp-json\/wp\/v2\/product"}],"about":[{"href":"https:\/\/racorshop.de\/fr\/wp-json\/wp\/v2\/types\/product"}],"replies":[{"embeddable":true,"href":"https:\/\/racorshop.de\/fr\/wp-json\/wp\/v2\/comments?post=1388"}],"wp:featuredmedia":[{"embeddable":true,"href":"https:\/\/racorshop.de\/fr\/wp-json\/wp\/v2\/media\/1378"}],"wp:attachment":[{"href":"https:\/\/racorshop.de\/fr\/wp-json\/wp\/v2\/media?parent=1388"}],"wp:term":[{"taxonomy":"product_brand","embeddable":true,"href":"https:\/\/racorshop.de\/fr\/wp-json\/wp\/v2\/product_brand?post=1388"},{"taxonomy":"product_cat","embeddable":true,"href":"https:\/\/racorshop.de\/fr\/wp-json\/wp\/v2\/product_cat?post=1388"},{"taxonomy":"product_tag","embeddable":true,"href":"https:\/\/racorshop.de\/fr\/wp-json\/wp\/v2\/product_tag?post=1388"}],"curies":[{"name":"wp","href":"https:\/\/api.w.org\/{rel}","templated":true}]}}