{"id":1381,"date":"2025-02-06T17:17:09","date_gmt":"2025-02-06T17:17:09","guid":{"rendered":"https:\/\/racorshop.de\/?post_type=product&#038;p=1381"},"modified":"2025-03-06T20:41:57","modified_gmt":"2025-03-06T20:41:57","slug":"racor-pff32715-element-kit-fuel-filter-parfit","status":"publish","type":"product","link":"https:\/\/racorshop.de\/fr\/product\/kit-delements-de-filtre-a-carburant-racor-pff32715-parfit\/","title":{"rendered":"Kit d&#039;\u00e9l\u00e9ments de filtre \u00e0 carburant Racor PFF32715 Parfit"},"content":{"rendered":"<p>Pour les v\u00e9hicules routiers et tout-terrain et les \u00e9quipements stationnaires, les filtres \u00e0 carburant ParFit prot\u00e8gent les composants co\u00fbteux du syst\u00e8me contre les contaminants solides microscopiques et les d\u00e9g\u00e2ts caus\u00e9s par l&#039;eau. Les filtres ParFit sont con\u00e7us et fabriqu\u00e9s pour r\u00e9pondre aux exigences de qualit\u00e9 strictes et aux sp\u00e9cifications du fabricant d&#039;\u00e9quipement d&#039;origine (OEM) en mati\u00e8re de dur\u00e9e de vie et d&#039;efficacit\u00e9.<\/p>\n<p>Lorsque vous choisissez des filtres ParFit, vous savez que vous faites tout ce que vous pouvez pour prot\u00e9ger votre \u00e9quipement, prolonger son cycle de vie et son efficacit\u00e9, et am\u00e9liorer vos r\u00e9sultats financiers. Les mod\u00e8les sont disponibles pour un remplacement direct par vissage et avec des t\u00eates en aluminium moul\u00e9 sous pression int\u00e9gr\u00e9es. La s\u00e9rie compl\u00e8te ParFit comprend des filtres\/s\u00e9parateurs de rechange OEM pour les moteurs diesel les plus populaires, notamment Caterpillar, Cummins, Detroit Diesel, Ford et Navistar.<\/p>","protected":false},"excerpt":{"rendered":"<p>Part Number: PFF32715<br \/>\nMade By: Parker Racor<br \/>\nElement Kit Fuel Filter Parfit<br \/>\nRacor Aftermarket<\/p>","protected":false},"featured_media":1378,"comment_status":"open","ping_status":"closed","template":"","meta":{"_seopress_robots_primary_cat":"","_seopress_titles_title":"","_seopress_titles_desc":"","_seopress_robots_index":""},"product_brand":[1926,1927],"product_cat":[264,188,21],"product_tag":[1121],"class_list":{"0":"post-1381","1":"product","2":"type-product","3":"status-publish","4":"has-post-thumbnail","6":"product_brand-parker","7":"product_brand-racor","8":"product_cat-elements-cartridge","9":"product_cat-racor-fuel-filter","10":"product_cat-z-poa","11":"product_tag-racor-aftermarket","13":"first","14":"outofstock","15":"taxable","16":"shipping-taxable","17":"product-type-simple"},"acpt":{"meta":[{"meta_box":"product-links","meta_fields":[{"name":"product-documents","type":"Post","options":[],"value":null,"default":"","required":false,"showInAdmin":false,"advancedOptions":[]},{"name":"product-videos","type":"Post","options":[],"value":null,"default":"","required":false,"showInAdmin":false,"advancedOptions":[]}]}],"wc_product_data":[]},"_links":{"self":[{"href":"https:\/\/racorshop.de\/fr\/wp-json\/wp\/v2\/product\/1381","targetHints":{"allow":["GET"]}}],"collection":[{"href":"https:\/\/racorshop.de\/fr\/wp-json\/wp\/v2\/product"}],"about":[{"href":"https:\/\/racorshop.de\/fr\/wp-json\/wp\/v2\/types\/product"}],"replies":[{"embeddable":true,"href":"https:\/\/racorshop.de\/fr\/wp-json\/wp\/v2\/comments?post=1381"}],"wp:featuredmedia":[{"embeddable":true,"href":"https:\/\/racorshop.de\/fr\/wp-json\/wp\/v2\/media\/1378"}],"wp:attachment":[{"href":"https:\/\/racorshop.de\/fr\/wp-json\/wp\/v2\/media?parent=1381"}],"wp:term":[{"taxonomy":"product_brand","embeddable":true,"href":"https:\/\/racorshop.de\/fr\/wp-json\/wp\/v2\/product_brand?post=1381"},{"taxonomy":"product_cat","embeddable":true,"href":"https:\/\/racorshop.de\/fr\/wp-json\/wp\/v2\/product_cat?post=1381"},{"taxonomy":"product_tag","embeddable":true,"href":"https:\/\/racorshop.de\/fr\/wp-json\/wp\/v2\/product_tag?post=1381"}],"curies":[{"name":"wp","href":"https:\/\/api.w.org\/{rel}","templated":true}]}}