{"id":1224,"date":"2025-02-06T17:15:54","date_gmt":"2025-02-06T17:15:54","guid":{"rendered":"https:\/\/racorshop.de\/?post_type=product&#038;p=1224"},"modified":"2025-03-06T20:40:53","modified_gmt":"2025-03-06T20:40:53","slug":"racor-2010149w-fuel-cartridge-100-micron","status":"publish","type":"product","link":"https:\/\/racorshop.de\/fr\/product\/cartouche-de-carburant-racor-2010149w-100-microns\/","title":{"rendered":"Cartouche de carburant Racor 2010149W (100 microns)"},"content":{"rendered":"<p>Les filtres \u00e0 carburant\/s\u00e9parateurs d&#039;eau de la s\u00e9rie Turbine de Racor pr\u00e9sentent une efficacit\u00e9 exceptionnelle d&#039;\u00e9limination de l&#039;eau libre et \u00e9mulsionn\u00e9e, une faible restriction du d\u00e9bit de carburant et une grande capacit\u00e9 de r\u00e9tention des impuret\u00e9s. Le c\u0153ur du syst\u00e8me est constitu\u00e9 par les trois \u00e9tapes de coalescence et de filtration aliment\u00e9es par l&#039;\u00e9l\u00e9ment filtrant brevet\u00e9 Aquabloc\u00ae.<\/p>\n<p><strong>\u00c9tapes de filtration :<\/strong><\/p>\n<ul>\n<li><strong>\u00c9tape 1 S\u00e9paration<\/strong>:Lorsque le carburant p\u00e9n\u00e8tre dans l&#039;ensemble de filtrage, il se d\u00e9place \u00e0 travers la centrifugeuse \u00e0 turbine (stationnaire) et fait tourner de gros solides et des gouttelettes d&#039;eau qui tombent au fond du bol de collecte.<\/li>\n<li><strong>\u00c9tape 2 Coalescence<\/strong>:De petites gouttes d&#039;eau perlent \u00e0 la surface du d\u00e9flecteur conique et de l&#039;\u00e9l\u00e9ment de cartouche. Lorsqu&#039;elles sont suffisamment lourdes, elles tombent au fond du bol de r\u00e9cup\u00e9ration.<\/li>\n<li><strong>\u00c9tape 3 Filtration<\/strong>:Les \u00e9l\u00e9ments de cartouche exclusifs Aquabloc\u00ae repoussent l&#039;eau et \u00e9liminent les contaminants solides du carburant avec une efficacit\u00e9 de 98% de leur indice de micron. L&#039;eau qui s&#039;accumule \u00e0 la surface de l&#039;\u00e9l\u00e9ment se transforme en gouttes plus grosses qui tombent dans le bol de collecte.<\/li>\n<\/ul>\n<p><strong>Caract\u00e9ristiques et avantages :<\/strong><\/p>\n<ul>\n<li>Une poign\u00e9e de transport int\u00e9gr\u00e9e facilite le changement.<\/li>\n<li>Le m\u00e9dia Aquabloc\u00ae est un m\u00e9lange de cellulose de haute qualit\u00e9 associ\u00e9 \u00e0 des r\u00e9sines et \u00e0 un traitement chimique sp\u00e9cial.<\/li>\n<li>Les \u00e9l\u00e9ments authentiques de la s\u00e9rie de turbines Racor sont compatibles avec les bo\u00eetiers de turbine approuv\u00e9s UL<\/li>\n<li>Le num\u00e9ro sans frais de Racor est indiqu\u00e9 sur le capuchon d&#039;extr\u00e9mit\u00e9 et r\u00e9pond \u00e0 toute question concernant la disponibilit\u00e9, l&#039;application ou le service.<\/li>\n<\/ul>","protected":false},"excerpt":{"rendered":"<p>Part Number: 2010-149W<\/p>\n<p>Made By: Parker Racor<\/p>\n<p>Element 149W<\/p>\n<p>Replacement Cartridge Filter Element for Turbine Series Filters &#8211; Racor<\/p>","protected":false},"featured_media":1300,"comment_status":"closed","ping_status":"closed","template":"","meta":{"_seopress_robots_primary_cat":"","_seopress_titles_title":"","_seopress_titles_desc":"","_seopress_robots_index":""},"product_brand":[1926,1927],"product_cat":[264,188],"product_tag":[1025],"class_list":{"0":"post-1224","1":"product","2":"type-product","3":"status-publish","4":"has-post-thumbnail","6":"product_brand-parker","7":"product_brand-racor","8":"product_cat-elements-cartridge","9":"product_cat-racor-fuel-filter","10":"product_tag-racor-replacement-elements-turbine-series","12":"first","13":"onbackorder","14":"taxable","15":"shipping-taxable","16":"purchasable","17":"product-type-simple"},"acpt":{"meta":[{"meta_box":"product-links","meta_fields":[{"name":"product-documents","type":"Post","options":[],"value":null,"default":"","required":false,"showInAdmin":false,"advancedOptions":[]},{"name":"product-videos","type":"Post","options":[],"value":[3612],"default":"","required":false,"showInAdmin":false,"advancedOptions":[]}]}],"wc_product_data":[]},"_links":{"self":[{"href":"https:\/\/racorshop.de\/fr\/wp-json\/wp\/v2\/product\/1224","targetHints":{"allow":["GET"]}}],"collection":[{"href":"https:\/\/racorshop.de\/fr\/wp-json\/wp\/v2\/product"}],"about":[{"href":"https:\/\/racorshop.de\/fr\/wp-json\/wp\/v2\/types\/product"}],"replies":[{"embeddable":true,"href":"https:\/\/racorshop.de\/fr\/wp-json\/wp\/v2\/comments?post=1224"}],"wp:featuredmedia":[{"embeddable":true,"href":"https:\/\/racorshop.de\/fr\/wp-json\/wp\/v2\/media\/1300"}],"wp:attachment":[{"href":"https:\/\/racorshop.de\/fr\/wp-json\/wp\/v2\/media?parent=1224"}],"wp:term":[{"taxonomy":"product_brand","embeddable":true,"href":"https:\/\/racorshop.de\/fr\/wp-json\/wp\/v2\/product_brand?post=1224"},{"taxonomy":"product_cat","embeddable":true,"href":"https:\/\/racorshop.de\/fr\/wp-json\/wp\/v2\/product_cat?post=1224"},{"taxonomy":"product_tag","embeddable":true,"href":"https:\/\/racorshop.de\/fr\/wp-json\/wp\/v2\/product_tag?post=1224"}],"curies":[{"name":"wp","href":"https:\/\/api.w.org\/{rel}","templated":true}]}}