{"id":2379,"date":"2025-02-26T10:23:22","date_gmt":"2025-02-26T10:23:22","guid":{"rendered":"https:\/\/racorshop.de\/?page_id=2379"},"modified":"2025-11-06T22:28:14","modified_gmt":"2025-11-06T22:28:14","slug":"about-us","status":"publish","type":"page","link":"https:\/\/racorshop.de\/fr\/a-propos-de-nous\/","title":{"rendered":"\u00c0 propos de nous"},"content":{"rendered":"<div class=\"wp-block-group alignfull has-background is-layout-flow wp-block-group-is-layout-flow\" style=\"background-color:#f2f0e9;padding-right:var(--wp--preset--spacing--50);padding-left:var(--wp--preset--spacing--50)\">\n<div style=\"height:70px\" aria-hidden=\"true\" class=\"wp-block-spacer\"><\/div>\n\n\n\n<div class=\"wp-block-columns alignwide are-vertically-aligned-center is-layout-flex wp-container-core-columns-is-layout-28f84493 wp-block-columns-is-layout-flex\">\n<div class=\"wp-block-column is-layout-flow wp-block-column-is-layout-flow\" style=\"flex-basis:50%\">\n<p class=\"has-text-align-left has-text-color\" style=\"color:#000000;font-size:clamp(18.959px, 1.185rem + ((1vw - 3.2px) * 1.255), 30px);line-height:1.1\"><strong>Car-In Automotive<\/strong><\/p>\n<\/div>\n\n\n\n<div class=\"wp-block-column is-layout-flow wp-block-column-is-layout-flow\" style=\"flex-basis:50%\">\n<hr class=\"wp-block-separator has-text-color has-css-opacity has-background is-style-wide is-style-wide--1\" style=\"background-color:#000000;color:#000000\"\/>\n<\/div>\n<\/div>\n\n\n\n<div class=\"wp-block-columns alignwide is-layout-flex wp-container-core-columns-is-layout-28f84493 wp-block-columns-is-layout-flex\">\n<div class=\"wp-block-column is-layout-flow wp-block-column-is-layout-flow\"><\/div>\n\n\n\n<div class=\"wp-block-column is-layout-flow wp-block-column-is-layout-flow\">\n<p class=\"has-text-color has-extra-small-font-size\" style=\"color:#000000\">Nous sommes un distributeur sp\u00e9cialis\u00e9 de pi\u00e8ces automobiles bas\u00e9 \u00e0 Telgte, en Allemagne. Nous proposons une large s\u00e9lection de filtres Racor populaires pour les applications marines et autres applications lourdes. Notre gamme comprend des filtres \u00e0 carburant \u00e0 visser pour les moteurs \u00e0 essence et diesel, les c\u00e9l\u00e8bres ensembles de turbines et \u00e9l\u00e9ments de rechange de Racor.<\/p>\n<\/div>\n\n\n\n<div class=\"wp-block-column is-layout-flow wp-block-column-is-layout-flow\">\n<p class=\"has-text-color has-extra-small-font-size\" style=\"color:#000000\">La gamme Racor de Parker Hannifin est aujourd&#039;hui reconnue dans le monde entier comme leader du march\u00e9 de la filtration. Depuis 1969, Racor fabrique des solutions de filtration pour les syst\u00e8mes d&#039;air, de CCV, de liquide de refroidissement, de carburant, hydrauliques et d&#039;huile de lubrification.<\/p>\n<\/div>\n<\/div>\n\n\n\n<div style=\"height:40px\" aria-hidden=\"true\" class=\"wp-block-spacer\"><\/div>\n<\/div>\n\n\n\n<div class=\"wp-block-group alignfull has-global-padding is-layout-constrained wp-block-group-is-layout-constrained\" style=\"margin-top:0;margin-bottom:0\">\n<div class=\"wp-block-group alignwide is-layout-flow wp-container-core-group-is-layout-d58a0413 wp-block-group-is-layout-flow\" style=\"padding-top:var(--wp--preset--spacing--50);padding-bottom:var(--wp--preset--spacing--50)\">\n<h2 class=\"wp-block-heading has-x-large-font-size\">Questions fr\u00e9quemment pos\u00e9es<\/h2>\n\n\n\n<div class=\"wp-block-columns is-layout-flex wp-container-core-columns-is-layout-cbe57604 wp-block-columns-is-layout-flex\">\n<div class=\"wp-block-column is-layout-flow wp-block-column-is-layout-flow\">\n<div class=\"wp-block-group is-layout-flow wp-block-group-is-layout-flow\" style=\"border-top-color:var(--wp--preset--color--accent-6);border-top-width:1px;padding-top:var(--wp--preset--spacing--30);padding-bottom:var(--wp--preset--spacing--30)\">\n<h3 class=\"wp-block-heading\">Offrez-vous la livraison gratuite ?<\/h3>\n\n\n\n<p>Nous proposons des options de livraison franco de port en Allemagne pour les commandes \u00e9ligibles d&#039;une valeur de commande de 75,00 euros ou plus. Cependant, certaines restrictions peuvent s&#039;appliquer en ce qui concerne le poids, la destination de livraison et\/ou les dimensions.<\/p>\n<\/div>\n<\/div>\n\n\n\n<div class=\"wp-block-column is-layout-flow wp-block-column-is-layout-flow\">\n<div class=\"wp-block-group is-layout-flow wp-block-group-is-layout-flow\" style=\"border-top-color:var(--wp--preset--color--accent-6);border-top-width:1px;padding-top:var(--wp--preset--spacing--30);padding-bottom:var(--wp--preset--spacing--30)\">\n<h3 class=\"wp-block-heading\">Quelles m\u00e9thodes d&#039;exp\u00e9dition sont disponibles ?<\/h3>\n\n\n\n<p>Nous vous proposons une s\u00e9lection de transporteurs pour votre commande en ligne en fonction de la valeur, du poids et des dimensions de la commande. Pour les petits articles ou les commandes de faible valeur, nous pouvons utiliser la Poste.<\/p>\n<\/div>\n<\/div>\n<\/div>\n\n\n\n<div class=\"wp-block-columns is-layout-flex wp-container-core-columns-is-layout-cbe57604 wp-block-columns-is-layout-flex\">\n<div class=\"wp-block-column is-layout-flow wp-block-column-is-layout-flow\">\n<div class=\"wp-block-group is-layout-flow wp-block-group-is-layout-flow\" style=\"border-top-color:var(--wp--preset--color--accent-6);border-top-width:1px;padding-top:var(--wp--preset--spacing--30);padding-bottom:var(--wp--preset--spacing--30)\">\n<h3 class=\"wp-block-heading\">Qu&#039;en est-il de la politique de retour ?<\/h3>\n\n\n\n<p>Nous acceptons les retours si le probl\u00e8me avec votre commande est d\u00fb \u00e0 une erreur de notre part ou si vous recevez le mauvais article. Notre \u00e9quipe du service client examinera et traitera votre demande dans les plus brefs d\u00e9lais. Les marchandises endommag\u00e9es pendant le transport doivent \u00eatre trait\u00e9es par le transporteur.<\/p>\n<\/div>\n<\/div>\n\n\n\n<div class=\"wp-block-column is-layout-flow wp-block-column-is-layout-flow\">\n<div class=\"wp-block-group is-layout-flow wp-block-group-is-layout-flow\" style=\"border-top-color:var(--wp--preset--color--accent-6);border-top-width:1px;padding-top:var(--wp--preset--spacing--30);padding-bottom:var(--wp--preset--spacing--30)\">\n<h3 class=\"wp-block-heading\">Dans quels pays vendez-vous ?<\/h3>\n\n\n\n<p>Pour les commandes pass\u00e9es sur la boutique en ligne, nous pouvons exp\u00e9dier vers la plupart des pays d&#039;Europe et du Royaume-Uni, avec certaines restrictions. Cependant, il peut \u00eatre possible d&#039;exp\u00e9dier vers d&#039;autres pays si vous nous contactez par t\u00e9l\u00e9phone ou par e-mail avec votre demande.<\/p>\n<\/div>\n<\/div>\n<\/div>\n\n\n\n<div class=\"wp-block-columns is-layout-flex wp-container-core-columns-is-layout-cbe57604 wp-block-columns-is-layout-flex\">\n<div class=\"wp-block-column is-layout-flow wp-block-column-is-layout-flow\">\n<div class=\"wp-block-group is-layout-flow wp-block-group-is-layout-flow\" style=\"border-top-color:var(--wp--preset--color--accent-6);border-top-width:1px;padding-top:var(--wp--preset--spacing--30);padding-bottom:var(--wp--preset--spacing--30)\">\n<h3 class=\"wp-block-heading\">Quand ma commande est-elle exp\u00e9di\u00e9e ?<\/h3>\n\n\n\n<p>Si nous recevons votre commande avant 14h00 et que le produit est en stock, nous exp\u00e9dierons votre commande le jour m\u00eame. Si le produit est en rupture de stock ou s&#039;il s&#039;agit d&#039;un article en commande sp\u00e9ciale, nous vous informerons de la date d&#039;exp\u00e9dition estim\u00e9e.<\/p>\n<\/div>\n<\/div>\n\n\n\n<div class=\"wp-block-column is-layout-flow wp-block-column-is-layout-flow\">\n<div class=\"wp-block-group is-layout-flow wp-block-group-is-layout-flow\" style=\"border-top-color:var(--wp--preset--color--accent-6);border-top-width:1px;padding-top:var(--wp--preset--spacing--30);padding-bottom:var(--wp--preset--spacing--30)\">\n<h3 class=\"wp-block-heading\">Besoin de plus d&#039;informations ?<\/h3>\n\n\n\n<p>Si vous avez des questions auxquelles nous n&#039;avons pas r\u00e9pondu ici, veuillez les soumettre dans notre <a href=\"https:\/\/racorshop.de\/fr\/contact\/\" data-type=\"page\" data-id=\"2128\">Formulaire de contact<\/a> ou contactez-nous par t\u00e9l\u00e9phone ou par email avec votre demande.<\/p>\n<\/div>\n<\/div>\n<\/div>\n\n\n\n<div class=\"wp-block-columns is-layout-flex wp-container-core-columns-is-layout-cbe57604 wp-block-columns-is-layout-flex\">\n<div class=\"wp-block-column is-layout-flow wp-block-column-is-layout-flow\">\n<div class=\"wp-block-group is-layout-flow wp-block-group-is-layout-flow\" style=\"border-top-color:var(--wp--preset--color--accent-6);border-top-width:1px;padding-top:var(--wp--preset--spacing--30);padding-bottom:var(--wp--preset--spacing--30)\">\n<h3 class=\"wp-block-heading\">Qu&#039;est-ce qui a chang\u00e9 dans les \u00e9l\u00e9ments filtrants Racor 2020 ou 2040 avec embouts noirs ?<\/h3>\n\n\n\n<p>En 2015, Racor a modifi\u00e9 le processus d&#039;\u00e9tanch\u00e9it\u00e9 du m\u00e9dia filtrant pour le transformer en un processus d&#039;enrobage. Le type et la quantit\u00e9 de m\u00e9dia Aquabloc, ainsi que les performances de filtration sup\u00e9rieures, restent les m\u00eames. Le diam\u00e8tre de l&#039;\u00e9l\u00e9ment de l&#039;embout noir est l\u00e9g\u00e8rement plus petit, ce qui am\u00e9liore le d\u00e9bit et facilite l&#039;\u00e9limination de l&#039;eau.<\/p>\n<\/div>\n<\/div>\n\n\n\n<div class=\"wp-block-column is-layout-flow wp-block-column-is-layout-flow\">\n<div class=\"wp-block-group is-layout-flow wp-block-group-is-layout-flow\" style=\"border-top-color:var(--wp--preset--color--accent-6);border-top-width:1px;padding-top:var(--wp--preset--spacing--30);padding-bottom:var(--wp--preset--spacing--30)\">\n<h3 class=\"wp-block-heading\">Quelle est la diff\u00e9rence entre UL et TUL imprim\u00e9s sur les filtres Racor ?<\/h3>\n\n\n\n<p>\u00ab UL \u00bb signifie Underwriters Laboratory. Les filtres utilis\u00e9s pour les applications marines \u00e0 bord n\u00e9cessitent une certification UL. \u00ab TUL \u00bb signifie que le filtre est class\u00e9 10 microns.<\/p>\n<\/div>\n<\/div>\n<\/div>\n\n\n\n<div class=\"wp-block-columns is-layout-flex wp-container-core-columns-is-layout-cbe57604 wp-block-columns-is-layout-flex\">\n<div class=\"wp-block-column is-layout-flow wp-block-column-is-layout-flow\">\n<div class=\"wp-block-group is-layout-flow wp-block-group-is-layout-flow\" style=\"border-top-color:var(--wp--preset--color--accent-6);border-top-width:1px;padding-top:var(--wp--preset--spacing--30);padding-bottom:var(--wp--preset--spacing--30)\">\n<h3 class=\"wp-block-heading\">Comment retirer l&#039;\u00e9l\u00e9ment dans les bols \u00e0 visser en plastique ?<\/h3>\n\n\n\n<p id=\"viewer-a9g8q834872\">Les bols en plastique utilis\u00e9s avec l&#039;\u00e9l\u00e9ment vissable Racor peuvent \u00eatre retir\u00e9s \u00e0 l&#039;aide de la cl\u00e9 pour bol en plastique ; r\u00e9f\u00e9rence RK 22628.<\/p>\n\n\n\n<p id=\"viewer-c1pz4834873\">Si vous devez saisir l&#039;\u00e9l\u00e9ment avec une cl\u00e9 \u00e0 sangle souple parce qu&#039;il est trop serr\u00e9 pour \u00eatre retir\u00e9 \u00e0 la main, \u00e9vitez tout dommage en le tenant uniquement par la zone proche du bol fix\u00e9.<\/p>\n\n\n\n<p id=\"viewer-cxuql834874\">Lors de l&#039;installation d&#039;un nouvel ensemble de filtre, il est conseill\u00e9 de d\u00e9monter le bo\u00eetier de l&#039;\u00e9l\u00e9ment de la t\u00eate du filtre et du bol, de le lubrifier et de le remonter \u00e0 la main conform\u00e9ment aux instructions imprim\u00e9es sur le bo\u00eetier.<\/p>\n<\/div>\n<\/div>\n\n\n\n<div class=\"wp-block-column is-layout-flow wp-block-column-is-layout-flow\">\n<div class=\"wp-block-group is-layout-flow wp-block-group-is-layout-flow\" style=\"border-top-color:var(--wp--preset--color--accent-6);border-top-width:1px;padding-top:var(--wp--preset--spacing--30);padding-bottom:var(--wp--preset--spacing--30)\">\n<h3 class=\"wp-block-heading\">Pourquoi l&#039;\u00e9l\u00e9ment de remplacement Racor 2010 ne s&#039;adapte-t-il pas au bo\u00eetier de la s\u00e9rie de turbines 500\u00a0?<\/h3>\n\n\n\n<p>Dans l&#039;ancienne s\u00e9rie 500 Turbine, il \u00e9tait n\u00e9cessaire de placer une entretoise en caoutchouc sous l&#039;\u00e9l\u00e9ment pour maintenir une hauteur appropri\u00e9e \u00e0 l&#039;int\u00e9rieur du bo\u00eetier. Acc\u00e9dez \u00e0 l&#039;int\u00e9rieur du bo\u00eetier vide et retirez l&#039;entretoise en caoutchouc.<\/p>\n\n\n\n<p>Les nouveaux \u00e9l\u00e9ments Racor 2010 ont une bague inf\u00e9rieure qui sert d&#039;entretoise, ce qui signifie que l&#039;entretoise en caoutchouc n&#039;est pas n\u00e9cessaire.<\/p>\n<\/div>\n<\/div>\n<\/div>\n\n\n\n<div class=\"wp-block-columns is-layout-flex wp-container-core-columns-is-layout-cbe57604 wp-block-columns-is-layout-flex\">\n<div class=\"wp-block-column is-layout-flow wp-block-column-is-layout-flow\">\n<div class=\"wp-block-group is-layout-flow wp-block-group-is-layout-flow\" style=\"border-top-color:var(--wp--preset--color--accent-6);border-top-width:1px;padding-top:var(--wp--preset--spacing--30);padding-bottom:var(--wp--preset--spacing--30)\">\n<h3 class=\"wp-block-heading\">Un filtre diesel Racor peut-il \u00eatre utilis\u00e9 dans une application essence\/essence ?<\/h3>\n\n\n\n<p>Bien que les mat\u00e9riaux utilis\u00e9s dans les filtres \u00e0 carburant Racor pour les bo\u00eetiers et les joints soient compatibles avec le diesel et l&#039;essence, certaines r\u00e9glementations gouvernementales interdisent l&#039;utilisation de filtres diesel non approuv\u00e9s dans les applications \u00e0 essence.<\/p>\n\n\n\n<p>Remarque importante : la teneur en \u00e9thanol de l&#039;essence\/essence ne doit pas d\u00e9passer 20% ; les filtres de la s\u00e9rie Racor avec boutons-poussoirs d&#039;amor\u00e7age manuel en plastique ne conviennent pas \u00e0 une utilisation dans des applications \u00e0 essence ou \u00e0 essence<\/p>\n<\/div>\n<\/div>\n\n\n\n<div class=\"wp-block-column is-layout-flow wp-block-column-is-layout-flow\">\n<div class=\"wp-block-group is-layout-flow wp-block-group-is-layout-flow\" style=\"border-top-color:var(--wp--preset--color--accent-6);border-top-width:1px;padding-top:var(--wp--preset--spacing--30);padding-bottom:var(--wp--preset--spacing--30)\">\n<h3 class=\"wp-block-heading\">Dans quel sens le joint \u00e0 bille anti-retour est-il plac\u00e9 dans les turbines des s\u00e9ries Racor 500, 900 ou 1000\u00a0?<\/h3>\n\n\n\n<p>Dans les s\u00e9ries de turbines 500 et 900\/1000, le c\u00f4t\u00e9 plat du joint va vers la bille et la bille se trouve sous le joint.<\/p>\n\n\n\n<p id=\"viewer-2xstp834901\">Lors du remontage de la s\u00e9rie 500, d\u00e9posez la bille dans la turbine en plastique et placez le joint c\u00f4t\u00e9 plat vers le bas, sur la zone plate sup\u00e9rieure entourant l&#039;ouverture de la turbine.<\/p>\n\n\n\n<p>Pour la s\u00e9rie 900\/1000, ins\u00e9rez la bille dans la turbine et installez le joint au niveau du trou d&#039;entr\u00e9e du bo\u00eetier sup\u00e9rieur. Une l\u00e8vre maintient le joint en place. Ensuite, vissez la turbine en plastique sur le bo\u00eetier sup\u00e9rieur.<\/p>\n<\/div>\n<\/div>\n<\/div>\n<\/div>\n<\/div>","protected":false},"excerpt":{"rendered":"<p>Car-In Automotive We are an specialist automotive parts distributor based in Telgte, Germany. We carry a large selection of popular Racor filters for marine and other heavy duty applications. Our range includes spin-on fuel filters for both petrol and diesel engines, Racor\u2019s famous Turbine assemblies &amp; replacement elements. The Racor range from Parker Hannifin is [&hellip;]<\/p>","protected":false},"author":1,"featured_media":2592,"parent":0,"menu_order":0,"comment_status":"closed","ping_status":"closed","template":"wp-custom-template-pages-wide-featured-image","meta":{"_seopress_robots_primary_cat":"","_seopress_titles_title":"","_seopress_titles_desc":"","_seopress_robots_index":"","footnotes":""},"class_list":["post-2379","page","type-page","status-publish","has-post-thumbnail","hentry"],"acpt":null,"_links":{"self":[{"href":"https:\/\/racorshop.de\/fr\/wp-json\/wp\/v2\/pages\/2379","targetHints":{"allow":["GET"]}}],"collection":[{"href":"https:\/\/racorshop.de\/fr\/wp-json\/wp\/v2\/pages"}],"about":[{"href":"https:\/\/racorshop.de\/fr\/wp-json\/wp\/v2\/types\/page"}],"author":[{"embeddable":true,"href":"https:\/\/racorshop.de\/fr\/wp-json\/wp\/v2\/users\/1"}],"replies":[{"embeddable":true,"href":"https:\/\/racorshop.de\/fr\/wp-json\/wp\/v2\/comments?post=2379"}],"version-history":[{"count":25,"href":"https:\/\/racorshop.de\/fr\/wp-json\/wp\/v2\/pages\/2379\/revisions"}],"predecessor-version":[{"id":3482,"href":"https:\/\/racorshop.de\/fr\/wp-json\/wp\/v2\/pages\/2379\/revisions\/3482"}],"wp:featuredmedia":[{"embeddable":true,"href":"https:\/\/racorshop.de\/fr\/wp-json\/wp\/v2\/media\/2592"}],"wp:attachment":[{"href":"https:\/\/racorshop.de\/fr\/wp-json\/wp\/v2\/media?parent=2379"}],"curies":[{"name":"wp","href":"https:\/\/api.w.org\/{rel}","templated":true}]}}