{"id":2128,"date":"2022-05-23T11:10:00","date_gmt":"2022-05-23T11:10:00","guid":{"rendered":"https:\/\/racorshop.de\/?page_id=2128"},"modified":"2025-04-22T19:33:32","modified_gmt":"2025-04-22T19:33:32","slug":"contact","status":"publish","type":"page","link":"https:\/\/racorshop.de\/fr\/contact\/","title":{"rendered":"Contactez-nous"},"content":{"rendered":"<div class=\"fb-form-tempate\">\n            <form enctype=\"multipart\/form-data\" method=\"post\" class=\"formbuilder-form fb-form-custom-style\" id=\"fb-form-id-v9chtt\" novalidate action=\"\">\n                \n<div class=\"fb-form-preview\" id=\"fb-container-1\">\n        <div class=\"fb-container\">\n        <input type=\"hidden\" name=\"formbuilder_action\" value=\"create\" \/>\n        <input type=\"hidden\" name=\"form_id\" value=\"1\" \/>\n        <input type=\"hidden\" name=\"form_key\" value=\"v9chtt\" \/>\n        <input type=\"hidden\" class=\"formbuilder-form-conditions\" value=\"[]\" \/>\n        <input type=\"hidden\" id=\"formbuilder_submit_entry_1\" name=\"formbuilder_submit_entry_1\" value=\"3ee740f180\" \/><input type=\"hidden\" name=\"_wp_http_referer\" value=\"\/fr\/wp-json\/wp\/v2\/pages\/2128\" \/>        <div id=\"fb-field-container-1\" class=\"fb-form-field-required formbuilder-field-type-name fb-label-position-top fb-label-alignment-left fb-form-field\">\n            \n        <div class=\"fb-field-container\" style=\"\">\n                            <label class=\"fb-field-label\">\n                    Mon nom                                            <span class=\"fb-field-required\" aria-hidden=\"true\">\n                            *                        <\/span>\n                                    <\/label>\n                        <div class=\"fb-field-content\">\n                \n        <div class=\"fb-grouped-field\" id=\"fb-grouped-field-1\" data-name-layout=\"full\">\n            \n                <div id=\"fb-subfield-container-full-1\" class=\"fb-subfield-element fb-subfield-element-full\" data-sub-field-name=\"full\">\n                    <input type=\"text\" id=\"fb-field-i7aehb-full\" value=\"\" name=\"item_meta[1][full]\" placeholder=\"\">\n                                        <label class=\"fb-hidden\" for=\"fb-field-i7aehb-full\">Name<\/label>\n                <\/div>\n                        <\/div>\n                    <\/div>\n        <\/div>\n                <\/div>\n                <div id=\"fb-field-container-2\" class=\"fb-form-field-required formbuilder-field-type-email fb-label-position-top fb-label-alignment-left fb-grid-6 fb-form-field\">\n            \n        <div class=\"fb-field-container\" style=\"\">\n                            <label class=\"fb-field-label\" for=\"fb-field-p7d9rz\">\n                    Mon email                                            <span class=\"fb-field-required\" aria-hidden=\"true\">\n                            *                        <\/span>\n                                    <\/label>\n                        <div class=\"fb-field-content\">\n                        <input type=\"email\" id=\"fb-field-p7d9rz\" value=\"\" name=\"item_meta[2]\" \/>\n                    <\/div>\n        <\/div>\n                <\/div>\n                <div id=\"fb-field-container-3\" class=\"formbuilder-field-type-phone fb-label-position-top fb-label-alignment-left fb-grid-6 fb-form-field\">\n            \n        <div class=\"fb-field-container\" style=\"\">\n                            <label class=\"fb-field-label\" for=\"fb-field-il269q\">\n                    Phone                                    <\/label>\n                        <div class=\"fb-field-content\">\n                        <input type=\"text\" id=\"fb-field-il269q\" value=\"\" name=\"item_meta[3]\" maxlength=\"\" \/>\n                    <\/div>\n        <\/div>\n                <\/div>\n                <div id=\"fb-field-container-4\" class=\"fb-form-field-required formbuilder-field-type-textarea fb-label-position-top fb-label-alignment-left fb-form-field\">\n            \n        <div class=\"fb-field-container\" style=\"\">\n                            <label class=\"fb-field-label\" for=\"fb-field-juj2jo\">\n                    Message ou question                                            <span class=\"fb-field-required\" aria-hidden=\"true\">\n                            *                        <\/span>\n                                    <\/label>\n                        <div class=\"fb-field-content\">\n                        <textarea id=\"fb-field-juj2jo\" name=\"item_meta[4]\" rows=\"6\"><\/textarea>\n                    <\/div>\n        <\/div>\n                <\/div>\n                <div id=\"fb-field-container-5\" class=\"fb-form-field-required formbuilder-field-type-checkbox fb-label-position-top fb-label-alignment-left fb-options-layout-inline fb-grid-6 fb-form-field\">\n            \n        <div class=\"fb-field-container\" style=\"\">\n                            <label class=\"fb-field-label fb-hidden\" for=\"fb-field-u5g4ww\">\n                    GDPR                                            <span class=\"fb-field-required\" aria-hidden=\"true\">\n                            *                        <\/span>\n                                    <\/label>\n                        <div class=\"fb-field-content\">\n                        <div class=\"fb-choice-container\">\n                            <div class=\"fb-choice fb-checkbox\">\n                    <label for=\"fb-field-u5g4ww-0\">\n                        <input type=\"checkbox\" id=\"fb-field-u5g4ww-0\" name=\"item_meta[5][]\" value=\"We require this information to respond\"  \/>\n                        We require this information to respond                    <\/label>\n                <\/div>\n                        <\/div>\n                    <\/div>\n        <\/div>\n                <\/div>\n                <div id=\"fb-field-container-6\" class=\"formbuilder-field-type-html fb-field-alignment-left fb-grid-6 fb-form-field\">\n            \n        <div class=\"fb-field-container\" style=\"\">\n                        <div class=\"fb-field-content\">\n                        <div class=\"fb-custom-html-field\">\n            <p>Avis RGPD. Veuillez vous r\u00e9f\u00e9rer \u00e0 notre <a href=\"https:\/\/racorshop.de\/fr\/politique-de-confidentialite\/\">politique de confidentialit\u00e9<\/a> pour plus de d\u00e9tails.<\/p>        <\/div>\n                    <\/div>\n        <\/div>\n                <\/div>\n                <div id=\"fb-field-container-14\" class=\"formbuilder-field-type-altcha fb-label-position-top fb-label-alignment-left fb-form-field\">\n            \n        <div class=\"fb-field-container\" style=\"\">\n                            <label class=\"fb-field-label fb-hidden\">\n                    ALTCHA                                    <\/label>\n                        <div class=\"fb-field-content\">\n                <div class=\"altcha-widget-wrap\"><altcha-widget challengeurl=\"https:\/\/racorshop.de\/fr\/wp-json\/altcha\/v1\/challenge\" strings=\"{&quot;label&quot;:&quot;I&#039;m not a robot&quot;,&quot;verifying&quot;:&quot;Verifying you&#039;re not a robot...&quot;,&quot;waitAlert&quot;:&quot;Verifying... please wait.&quot;,&quot;verified&quot;:&quot;Verified&quot;,&quot;error&quot;:&quot;Verification failed. Try again later.&quot;,&quot;footer&quot;:&quot;Protected by &lt;a href=\\&quot;https:\\\/\\\/altcha.org\\\/\\&quot; target=\\&quot;_blank\\&quot;&gt;ALTCHA&lt;\\\/a&gt;&quot;}\" delay=\"1500\" hidefooter=\"1\"><\/altcha-widget><noscript><div class=\"altcha-no-javascript\">This form requires JavaScript!<\/div><\/noscript><\/div>            <\/div>\n        <\/div>\n                <\/div>\n                <div class=\"fb-submit-wrap fb-submit-btn-align-left\">\n            <button id=\"fb-submit-button\" class=\"fb-submit-button\" type=\"submit\" >Soumettre<\/button>\n        <\/div>\n    <\/div>\n    <style class=\"fb-style-content\">#fb-container-1{--fb-form-bg-color : #ffffff;--fb-form-shadow-x : 2px;--fb-form-shadow-y : 2px;--fb-form-shadow-blur : 40px;--fb-form-shadow-spread : 10px;--fb-form-shadow-color : rgba( 242,242,242,0.48 );--fb-form-border-radius-top : 4px;--fb-form-border-radius-right : 4px;--fb-form-border-radius-bottom : 4px;--fb-form-border-radius-left : 4px;--fb-form-padding-top : 40px;--fb-form-padding-right : 40px;--fb-form-padding-bottom : 40px;--fb-form-padding-left : 40px;--fb-desc-typo-font-family : inherit;--fb-desc-typo-font-weight : inherit;--fb-desc-typo-font-style : inherit;--fb-desc-typo-text-transform : inherit;--fb-desc-typo-text-decoration : inherit;--fb-label-typo-font-family : inherit;--fb-label-typo-font-weight : inherit;--fb-label-typo-font-style : inherit;--fb-label-typo-text-transform : inherit;--fb-label-typo-text-decoration : inherit;--fb-label-typo-font-size : 18px;--fb-validation-typo-font-family : inherit;--fb-validation-typo-font-weight : 600;--fb-validation-typo-font-style : normal;--fb-validation-typo-text-transform : inherit;--fb-validation-typo-text-decoration : inherit;--fb-validation-typo-font-size : 20px;--fb-validation-textalign : left;--fb-form-title-typo-font-family : inherit;--fb-form-title-typo-font-weight : inherit;--fb-form-title-typo-font-style : inherit;--fb-form-title-typo-text-transform : inherit;--fb-form-title-typo-text-decoration : inherit;--fb-form-desc-typo-font-family : inherit;--fb-form-desc-typo-font-weight : inherit;--fb-form-desc-typo-font-style : inherit;--fb-form-desc-typo-text-transform : inherit;--fb-form-desc-typo-text-decoration : inherit;--fb-heading-typo-font-family : inherit;--fb-heading-typo-font-weight : inherit;--fb-heading-typo-font-style : inherit;--fb-heading-typo-text-transform : inherit;--fb-heading-typo-text-decoration : inherit;--fb-paragraph-typo-font-family : inherit;--fb-paragraph-typo-font-weight : inherit;--fb-paragraph-typo-font-style : inherit;--fb-paragraph-typo-text-transform : inherit;--fb-paragraph-typo-text-decoration : inherit;--fb-paragraph-typo-font-size : 0px;--fb-field-typo-font-family : inherit;--fb-field-typo-font-weight : inherit;--fb-field-typo-font-style : inherit;--fb-field-typo-text-transform : inherit;--fb-field-typo-text-decoration : inherit;--fb-field-typo-font-size : 18px;--fb-field-bg-color-normal : rgba( 249,249,249,0.1 );--fb-button-typo-font-family : inherit;--fb-button-typo-font-weight : inherit;--fb-button-typo-font-style : inherit;--fb-button-typo-text-transform : inherit;--fb-button-typo-text-decoration : inherit;--fb-button-typo-font-size : 18px;--fb-button-color-normal : #ffffff;--fb-button-bg-color-normal : #ce2929;--fb-button-bg-color-hover : #dd3333;--fb-button-border-radius-top : 10px;--fb-button-border-radius-right : 10px;--fb-button-border-radius-bottom : 10px;--fb-button-border-radius-left : 10px;--fb-typo-label-font-family : Default;--fb-typo-label-font-weight : 0;--fb-typo-label-font-style : normal;--fb-typo-label-text-transform : inherit;--fb-typo-label-text-decoration : inherit;--fb-typo-desc-font-family : Default;--fb-typo-desc-font-weight : 0;--fb-typo-desc-font-style : normal;--fb-typo-desc-text-transform : inherit;--fb-typo-desc-text-decoration : inherit;--fb-typo-validation-font-family : Default;--fb-typo-validation-font-weight : 0;--fb-typo-validation-font-style : normal;--fb-typo-validation-text-transform : inherit;--fb-typo-validation-text-decoration : inherit;--fb-typo-field-font-family : Default;--fb-typo-field-font-weight : 0;--fb-typo-field-font-style : normal;--fb-typo-field-text-transform : inherit;--fb-typo-field-text-decoration : inherit;--fb-typo-button-font-family : Default;--fb-typo-button-font-weight : 0;--fb-typo-button-font-style : normal;--fb-typo-button-text-transform : inherit;--fb-typo-button-text-decoration : inherit;}<\/style><\/div>            <input type=\"hidden\" name=\"trp-form-language\" value=\"fr\"\/><\/form>\n        <\/div>\n        \n\n\n<p class=\"has-text-align-center\">Nous sommes sp\u00e9cialis\u00e9s dans la fourniture de produits de filtration Parker-RACOR aux plaisanciers, aux \u00e9quipements lourds, aux professionnels du service et aux bricoleurs. Veuillez nous envoyer vos questions ou commentaires dans le formulaire de contact et nous vous r\u00e9pondrons dans les plus brefs d\u00e9lais.<\/p>","protected":false},"excerpt":{"rendered":"<p>Nous sommes sp\u00e9cialis\u00e9s dans la fourniture de produits de filtration Parker-RACOR aux plaisanciers, aux \u00e9quipements lourds, aux professionnels du service et aux bricoleurs. Veuillez nous envoyer vos questions ou commentaires dans le formulaire de contact et nous vous r\u00e9pondrons dans les plus brefs d\u00e9lais.<\/p>","protected":false},"author":1,"featured_media":0,"parent":0,"menu_order":0,"comment_status":"closed","ping_status":"closed","template":"wp-custom-template-pages-contact-sidebar","meta":{"_seopress_robots_primary_cat":"","_seopress_titles_title":"","_seopress_titles_desc":"","_seopress_robots_index":"","footnotes":""},"class_list":["post-2128","page","type-page","status-publish","hentry"],"acpt":null,"_links":{"self":[{"href":"https:\/\/racorshop.de\/fr\/wp-json\/wp\/v2\/pages\/2128","targetHints":{"allow":["GET"]}}],"collection":[{"href":"https:\/\/racorshop.de\/fr\/wp-json\/wp\/v2\/pages"}],"about":[{"href":"https:\/\/racorshop.de\/fr\/wp-json\/wp\/v2\/types\/page"}],"author":[{"embeddable":true,"href":"https:\/\/racorshop.de\/fr\/wp-json\/wp\/v2\/users\/1"}],"replies":[{"embeddable":true,"href":"https:\/\/racorshop.de\/fr\/wp-json\/wp\/v2\/comments?post=2128"}],"version-history":[{"count":8,"href":"https:\/\/racorshop.de\/fr\/wp-json\/wp\/v2\/pages\/2128\/revisions"}],"predecessor-version":[{"id":3477,"href":"https:\/\/racorshop.de\/fr\/wp-json\/wp\/v2\/pages\/2128\/revisions\/3477"}],"wp:attachment":[{"href":"https:\/\/racorshop.de\/fr\/wp-json\/wp\/v2\/media?parent=2128"}],"curies":[{"name":"wp","href":"https:\/\/api.w.org\/{rel}","templated":true}]}}