{"id":777,"date":"2025-02-06T17:13:02","date_gmt":"2025-02-06T17:13:02","guid":{"rendered":"https:\/\/racorshop.de\/?post_type=product&#038;p=777"},"modified":"2025-03-06T20:41:01","modified_gmt":"2025-03-06T20:41:01","slug":"racor-s3208t-spin-on-element","status":"publish","type":"product","link":"https:\/\/racorshop.de\/es\/product\/elemento-giratorio-racor-s3208t\/","title":{"rendered":"Elemento giratorio Racor S3208T"},"content":{"rendered":"<p>Los elementos de repuesto de la serie Spin-on son compatibles con la l\u00ednea de conjuntos de separadores de agua y filtros de combustible de la serie Spin-on de Racor. Los elementos presentan una eficiencia excepcional de eliminaci\u00f3n de agua a granel y emulsionada, una baja restricci\u00f3n del flujo de combustible y una alta capacidad de retenci\u00f3n de suciedad. Su dise\u00f1o exclusivo los hace capaces de funcionar en aplicaciones modernas de motores di\u00e9sel y de gasolina, donde las condiciones de alta presi\u00f3n pueden hacer que peque\u00f1as part\u00edculas de suciedad y agua rayen y erosionen los componentes de precisi\u00f3n, lo que provoca da\u00f1os en el motor y un mayor tiempo de inactividad.<\/p>\n<p>El cuerpo del filtro est\u00e1 protegido con un revestimiento en polvo duradero aplicado electrost\u00e1ticamente para una resistencia superior a la corrosi\u00f3n. El dise\u00f1o del filtro giratorio es f\u00e1cil de mantener y cuenta con un recipiente de recolecci\u00f3n de contaminantes de metal o pl\u00e1stico de ingenier\u00eda transparente reutilizable con un drenaje con ventilaci\u00f3n autom\u00e1tica para drenar los contaminantes y el agua recolectados.<\/p>\n<p>Todos los elementos filtrantes de repuesto de la serie Spin-on de Racor utilizan el medio filtrante Aquabloc\u00ae de alta eficiencia de Racor. Aquabloc\u00ae es una mezcla de celulosa de alta calidad combinada con resinas y un tratamiento qu\u00edmico especial. Incorpora corrugaciones con espaciado de pliegues y una estructura de poros graduados para aumentar la capacidad de retenci\u00f3n de suciedad y prolongar la vida \u00fatil del filtro. El medio filtrante es resistente al agua y al \u00f3xido, y captura los contaminantes mientras que la superficie especialmente tratada separa y fusiona el agua del combustible, lo que hace que el agua se acumule en gotas grandes que luego caen en el recipiente colector del filtro de combustible.<\/p>","protected":false},"excerpt":{"rendered":"<p>Part Number: S3208T<br \/>\nMade By: Parker Racor<br \/>\nSpin-on Element 3&#8243; Dia<br \/>\nReplacement Cartridge Filter Elements &#8211; Racor Spin-on Series<\/p>","protected":false},"featured_media":810,"comment_status":"closed","ping_status":"closed","template":"","meta":{"_seopress_robots_primary_cat":"","_seopress_titles_title":"","_seopress_titles_desc":"","_seopress_robots_index":""},"product_brand":[1926,1927],"product_cat":[717,188],"product_tag":[718],"class_list":{"0":"post-777","1":"product","2":"type-product","3":"status-publish","4":"has-post-thumbnail","6":"product_brand-parker","7":"product_brand-racor","8":"product_cat-elements-spin-on","9":"product_cat-racor-fuel-filter","10":"product_tag-racor-replacement-elements-spin-on-series","12":"first","13":"instock","14":"taxable","15":"shipping-taxable","16":"purchasable","17":"product-type-simple"},"acpt":{"meta":[{"meta_box":"product-links","meta_fields":[{"name":"product-documents","type":"Post","options":[],"value":null,"default":"","required":false,"showInAdmin":false,"advancedOptions":[]},{"name":"product-videos","type":"Post","options":[],"value":null,"default":"","required":false,"showInAdmin":false,"advancedOptions":[]}]}],"wc_product_data":[]},"_links":{"self":[{"href":"https:\/\/racorshop.de\/es\/wp-json\/wp\/v2\/product\/777","targetHints":{"allow":["GET"]}}],"collection":[{"href":"https:\/\/racorshop.de\/es\/wp-json\/wp\/v2\/product"}],"about":[{"href":"https:\/\/racorshop.de\/es\/wp-json\/wp\/v2\/types\/product"}],"replies":[{"embeddable":true,"href":"https:\/\/racorshop.de\/es\/wp-json\/wp\/v2\/comments?post=777"}],"wp:featuredmedia":[{"embeddable":true,"href":"https:\/\/racorshop.de\/es\/wp-json\/wp\/v2\/media\/810"}],"wp:attachment":[{"href":"https:\/\/racorshop.de\/es\/wp-json\/wp\/v2\/media?parent=777"}],"wp:term":[{"taxonomy":"product_brand","embeddable":true,"href":"https:\/\/racorshop.de\/es\/wp-json\/wp\/v2\/product_brand?post=777"},{"taxonomy":"product_cat","embeddable":true,"href":"https:\/\/racorshop.de\/es\/wp-json\/wp\/v2\/product_cat?post=777"},{"taxonomy":"product_tag","embeddable":true,"href":"https:\/\/racorshop.de\/es\/wp-json\/wp\/v2\/product_tag?post=777"}],"curies":[{"name":"wp","href":"https:\/\/api.w.org\/{rel}","templated":true}]}}