{"id":680,"date":"2025-02-06T17:12:16","date_gmt":"2025-02-06T17:12:16","guid":{"rendered":"https:\/\/racorshop.de\/?post_type=product&#038;p=680"},"modified":"2025-03-06T20:41:10","modified_gmt":"2025-03-06T20:41:10","slug":"racor-r90t-aquabloc-spin-on-element","status":"publish","type":"product","link":"https:\/\/racorshop.de\/es\/product\/elemento-giratorio-racor-r90t-aquabloc\/","title":{"rendered":"Elemento giratorio Aquabloc Racor R90T"},"content":{"rendered":"<p><strong>Elemento giratorio Aquabloc\u00ae de 10 micrones para las series 790R, 690R, 490R y 390RC<\/strong><\/p>\n<p>Los cartuchos filtrantes de repuesto de la serie Spin-on son compatibles con la l\u00ednea de conjuntos de filtro de combustible\/separador de agua Spin-on de Racor. Estos cartuchos ofrecen una eficiencia excepcional en la eliminaci\u00f3n de agua, tanto a granel como emulsionada, una baja restricci\u00f3n del flujo de combustible y una alta capacidad de retenci\u00f3n de suciedad. Su dise\u00f1o \u00fanico los hace ideales para aplicaciones modernas con motores di\u00e9sel y de gasolina, donde las altas presiones pueden causar que peque\u00f1as part\u00edculas de suciedad y agua rayen y erosionen los componentes de precisi\u00f3n, lo que provoca da\u00f1os en el motor y un mayor tiempo de inactividad.<\/p>\n<p>El cuerpo del filtro est\u00e1 protegido con un revestimiento en polvo duradero aplicado electrost\u00e1ticamente para una resistencia superior a la corrosi\u00f3n. El dise\u00f1o del filtro giratorio es f\u00e1cil de mantener y cuenta con un recipiente de recolecci\u00f3n de contaminantes de metal o pl\u00e1stico de ingenier\u00eda transparente reutilizable con un drenaje con ventilaci\u00f3n autom\u00e1tica para drenar los contaminantes y el agua recolectados.<\/p>\n<p>Todos los elementos filtrantes de cartucho de repuesto de la serie Spin-on utilizan el medio filtrante Aquabloc\u00ae de alta eficiencia de Racor. Aquabloc\u00ae es una mezcla de celulosa de alta calidad combinada con resinas y un tratamiento qu\u00edmico especial. Incorpora corrugaciones que espacian los pliegues y una estructura de poros graduados para aumentar la capacidad de retenci\u00f3n de suciedad y prolongar la vida \u00fatil del filtro. El medio filtrante es resistente al agua y al \u00f3xido, y captura los contaminantes mientras que la superficie especialmente tratada separa y fusiona el agua del combustible, lo que hace que el agua se acumule en gotas grandes que luego caen en el recipiente colector del filtro de combustible.<\/p>\n<p>Los elementos Aquabloc\u00ae repelen el agua y eliminan los contaminantes s\u00f3lidos del combustible con una eficiencia de 98% en relaci\u00f3n con su clasificaci\u00f3n en micrones. Para satisfacer los requisitos exclusivos de los motores de los clientes, se encuentran disponibles para su compra tres clasificaciones en micrones diferentes, que incluyen:<\/p>\n<ul>\n<li><a href=\"http:\/\/localhost\/racorshop\/product\/racor-r90s-aquabloc-anschraubelement\/\">R90S: \u201c2\u201d micras (98% a 4 micras)<\/a> \u2013 Proporciona m\u00e1xima eliminaci\u00f3n y filtraci\u00f3n de agua y es capaz de proteger todos los sistemas de inyecci\u00f3n modernos, al tiempo que extiende en gran medida la vida \u00fatil de los filtros del motor dif\u00edciles de mantener.<\/li>\n<li><a href=\"http:\/\/localhost\/racorshop\/product\/racor-r90t-aquabloc-anschraubelement\/\">R90T: 10 micrones (98% a 10 micrones)<\/a> Captura m\u00e1s contaminantes que los elementos de 30 micras y es m\u00e1s eficaz para detener el agua. Prolonga la vida \u00fatil de todo el sistema de combustible.<\/li>\n<li><a href=\"http:\/\/localhost\/racorshop\/product\/racor-r90p-aquabloc-anschraubelement\/\">R90P: 30 micrones (98% a 30 micrones)<\/a> Ideal como prefiltro para proteger los filtros posteriores de la contaminaci\u00f3n excesiva. Prolonga la vida \u00fatil de los filtros del motor.<\/li>\n<\/ul>\n<p><strong>C\u00f3mo funciona:<\/strong><\/p>\n<p>Los filtros de la serie Spin-on de Racor utilizan el medio Aquabloc\u00ae para eliminar de manera confiable la suciedad y el agua del di\u00e9sel y la gasolina. El medio Aquabloc\u00ae est\u00e1 plisado, corrugado y dispuesto para un alto rechazo del agua y una larga vida \u00fatil. El combustible que ingresa al cabezal del filtro se desv\u00eda hacia abajo m\u00e1s all\u00e1 de los pliegues verticales del medio, lo que permite que las gotas de agua m\u00e1s grandes y las part\u00edculas contaminantes caigan directamente al recipiente de recolecci\u00f3n. Las gotas de agua m\u00e1s peque\u00f1as convergen y se fusionan en la superficie del medio especialmente tratado hasta que son lo suficientemente grandes como para caer tambi\u00e9n al recipiente de recolecci\u00f3n. Las part\u00edculas contaminantes peque\u00f1as se detienen en la superficie del medio Aquabloc\u00ae, mientras que las part\u00edculas a\u00fan m\u00e1s peque\u00f1as se retienen m\u00e1s profundamente en sus capas.<\/p>\n<p><strong>Notas de uso:<\/strong><\/p>\n<p>Los n\u00fameros de piezas de repuesto del elemento del filtro de combustible est\u00e1n dise\u00f1ados espec\u00edficamente para su conjunto de serie y tipo de combustible en particular. Aunque los elementos de repuesto de diferentes series pueden parecer similares externamente, pueden tener diferentes estructuras internas. No intente utilizar un elemento de repuesto de una serie en otro tipo de serie.<\/p>\n<p>Los recipientes transparentes son un elemento de inspecci\u00f3n del sistema de combustible: inspecci\u00f3nelos con frecuencia para detectar da\u00f1os, deformaciones y decoloraci\u00f3n y reempl\u00e1celos seg\u00fan sea necesario.<\/p>\n<p>Para garantizar la selecci\u00f3n del elemento de reemplazo de la serie Spin-on adecuado, siga los pasos a continuaci\u00f3n:<\/p>\n<p>1. Busque la serie Racor que coincida con su filtro. Consulte el folleto RSL7529 en la pesta\u00f1a de asistencia t\u00e9cnica del producto para identificar su serie.<\/p>\n<p>2. Confirme el tipo de conexi\u00f3n seg\u00fan el di\u00e1metro y el tipo de rosca de la abertura inferior.<\/p>\n<p>3. Seleccione la altura total del elemento que coincida con el elemento de filtro que se va a reemplazar.<\/p>\n<p>4. Elija el tama\u00f1o del di\u00e1metro exterior que coincida con el elemento de filtro que se va a reemplazar.<\/p>\n<p>5. Seleccione el tipo de elemento (clasificaci\u00f3n en micrones) que coincida con el elemento de filtro que se va a reemplazar.<\/p>\n<p>6. Confirme el tipo de rosca (conexi\u00f3n de rosca superior).<\/p>\n<p>7. Los atributos se pueden seleccionar de los anteriores en cualquier orden.<\/p>\n<p><strong>Mercados:<\/strong><\/p>\n<ul>\n<li>Agricultura<\/li>\n<li>Construcci\u00f3n<\/li>\n<li>Generaci\u00f3n de energ\u00eda<\/li>\n<li>Petr\u00f3leo y gas<\/li>\n<li>En carretera o fuera de ella<\/li>\n<\/ul>\n<p><strong>Aplicaciones:<\/strong><\/p>\n<ul>\n<li>Motores di\u00e9sel y biodi\u00e9sel<\/li>\n<li>Motores de gasolina<\/li>\n<\/ul>\n<p><strong>Beneficios:<\/strong><\/p>\n<ul>\n<li>Los medios Aquabloc\u00ae de alta eficiencia ayudan a los motores di\u00e9sel de los fabricantes de equipos originales (OEM) a cumplir con los estrictos est\u00e1ndares de emisiones del gobierno.<\/li>\n<li>Ofrece una eliminaci\u00f3n excepcional del agua que entra al sistema por condensaci\u00f3n u otros medios en el tanque de combustible. La presencia de agua en el flujo de combustible favorece el crecimiento bacteriano, lo que puede obstruir los filtros y generar \u00e1cidos corrosivos. Los componentes susceptibles se oxidan y corroen, provocando erosi\u00f3n y desgaste de componentes cr\u00edticos del sistema de combustible.<\/li>\n<li>Evita da\u00f1os costosos en los inyectores y aumenta la vida \u00fatil de los filtros posteriores.<\/li>\n<li>Elimina part\u00edculas contaminantes duras presentes en el aire que se introducen durante el abastecimiento de combustible, como arena y s\u00edlice.<\/li>\n<li>Ahorra tiempo y dinero al eliminar el mantenimiento no planificado y el tiempo de inactividad no programado debido a fallas de los componentes del sistema.<\/li>\n<\/ul>\n<p><strong>Caracter\u00edsticas:<\/strong><\/p>\n<ul>\n<li>Varios tama\u00f1os, caudales y clasificaciones de micrones (eficiencia 98% a 4, 10 o 30 micrones) disponibles para satisfacer los requisitos \u00fanicos de los sistemas de filtrado de los clientes.<\/li>\n<li>La impresi\u00f3n en las latas est\u00e1 codificada por colores para una f\u00e1cil identificaci\u00f3n y aplicaci\u00f3n: letras rojas para filtraci\u00f3n primaria de 30 micrones, letras azules para filtraci\u00f3n primaria o secundaria de 10 micrones y letras marrones para filtraci\u00f3n secundaria\/final de 2 micrones.<\/li>\n<li>Construido en un entorno de sistema de calidad ISO TS 16949 seg\u00fan los requisitos medioambientales ISO 14001.<\/li>\n<li>Recubrimientos y construcci\u00f3n resistentes a la corrosi\u00f3n<\/li>\n<li>Los elementos presentan una alta capacidad de retenci\u00f3n de suciedad y una larga vida \u00fatil.<\/li>\n<li>Recipiente recolector de residuos de pl\u00e1stico o metal transparente, reutilizable, con drenaje autoventilado<\/li>\n<\/ul>","protected":false},"excerpt":{"rendered":"<p>Part Number: R90T<br \/>\nMade By: Parker Racor<br \/>\nAquabloc Spin-on Element 4.25&#8243;<br \/>\nReplacement Cartridge Filter Elements &#8211; Racor Spin-on Series<\/p>","protected":false},"featured_media":743,"comment_status":"open","ping_status":"closed","template":"","meta":{"_seopress_robots_primary_cat":"","_seopress_titles_title":"","_seopress_titles_desc":"","_seopress_robots_index":""},"product_brand":[1926,1927],"product_cat":[717,188],"product_tag":[718],"class_list":{"0":"post-680","1":"product","2":"type-product","3":"status-publish","4":"has-post-thumbnail","6":"product_brand-parker","7":"product_brand-racor","8":"product_cat-elements-spin-on","9":"product_cat-racor-fuel-filter","10":"product_tag-racor-replacement-elements-spin-on-series","12":"first","13":"instock","14":"taxable","15":"shipping-taxable","16":"purchasable","17":"product-type-simple"},"acpt":{"meta":[{"meta_box":"product-links","meta_fields":[{"name":"product-documents","type":"Post","options":[],"value":[2961],"default":"","required":false,"showInAdmin":false,"advancedOptions":[]},{"name":"product-videos","type":"Post","options":[],"value":null,"default":"","required":false,"showInAdmin":false,"advancedOptions":[]}]}],"wc_product_data":[]},"_links":{"self":[{"href":"https:\/\/racorshop.de\/es\/wp-json\/wp\/v2\/product\/680","targetHints":{"allow":["GET"]}}],"collection":[{"href":"https:\/\/racorshop.de\/es\/wp-json\/wp\/v2\/product"}],"about":[{"href":"https:\/\/racorshop.de\/es\/wp-json\/wp\/v2\/types\/product"}],"replies":[{"embeddable":true,"href":"https:\/\/racorshop.de\/es\/wp-json\/wp\/v2\/comments?post=680"}],"wp:featuredmedia":[{"embeddable":true,"href":"https:\/\/racorshop.de\/es\/wp-json\/wp\/v2\/media\/743"}],"wp:attachment":[{"href":"https:\/\/racorshop.de\/es\/wp-json\/wp\/v2\/media?parent=680"}],"wp:term":[{"taxonomy":"product_brand","embeddable":true,"href":"https:\/\/racorshop.de\/es\/wp-json\/wp\/v2\/product_brand?post=680"},{"taxonomy":"product_cat","embeddable":true,"href":"https:\/\/racorshop.de\/es\/wp-json\/wp\/v2\/product_cat?post=680"},{"taxonomy":"product_tag","embeddable":true,"href":"https:\/\/racorshop.de\/es\/wp-json\/wp\/v2\/product_tag?post=680"}],"curies":[{"name":"wp","href":"https:\/\/api.w.org\/{rel}","templated":true}]}}