{"id":594,"date":"2025-02-06T17:11:52","date_gmt":"2025-02-06T17:11:52","guid":{"rendered":"https:\/\/racorshop.de\/?post_type=product&#038;p=594"},"modified":"2025-03-06T20:40:57","modified_gmt":"2025-03-06T20:40:57","slug":"racor-s3240-spin-on-element-3-dia","status":"publish","type":"product","link":"https:\/\/racorshop.de\/es\/product\/elemento-giratorio-racor-s3240-de-3-diametros\/","title":{"rendered":"Elemento giratorio Racor S3240 de 3\u2033 de di\u00e1metro"},"content":{"rendered":"<p>Elemento de reemplazo de filtro de combustible Racor S3240 utilizado en los conjuntos de filtro de combustible\/separador de agua de gasolina\/gasolina Racor 120R-RAC-01 y 120R-RAC-02.<\/p>\n<p>Nunca comprometa la eficacia de su unidad de filtro de combustible\/separador de agua Racor. Insista siempre en utilizar elementos de repuesto originales Racor, con propiedades repelentes de agua Aquabloc. Solo los elementos originales Racor garantizar\u00e1n que su filtro Racor funcione como Racor lo dise\u00f1\u00f3.<\/p>\n<p><strong>Presupuesto<\/strong><\/p>\n<ul>\n<li>N\u00famero de pieza de Racor: S3240<\/li>\n<li>Elemento giratorio de gasolina<\/li>\n<li>10 micrones<\/li>\n<li>Caudal m\u00e1ximo 114 lph<\/li>\n<\/ul>","protected":false},"excerpt":{"rendered":"<p>Part Number: S3240<\/p>\n<p>Made By: Parker Racor<\/p>\n<p>Spin-on Element 3&#8243; Dia<\/p>\n<p>Marine Replacement Cartridge Filter Elements &#8211; Racor Marine Spin-on Series<\/p>","protected":false},"featured_media":948,"comment_status":"open","ping_status":"closed","template":"","meta":{"_seopress_robots_primary_cat":"","_seopress_titles_title":"","_seopress_titles_desc":"","_seopress_robots_index":""},"product_brand":[1926,1927],"product_cat":[717,188],"product_tag":[932],"class_list":{"0":"post-594","1":"product","2":"type-product","3":"status-publish","4":"has-post-thumbnail","6":"product_brand-parker","7":"product_brand-racor","8":"product_cat-elements-spin-on","9":"product_cat-racor-fuel-filter","10":"product_tag-marine-racor-replacement-elements-spin-on-series","12":"first","13":"instock","14":"taxable","15":"shipping-taxable","16":"purchasable","17":"product-type-simple"},"acpt":{"meta":[{"meta_box":"product-links","meta_fields":[{"name":"product-documents","type":"Post","options":[],"value":null,"default":"","required":false,"showInAdmin":false,"advancedOptions":[]},{"name":"product-videos","type":"Post","options":[],"value":null,"default":"","required":false,"showInAdmin":false,"advancedOptions":[]}]}],"wc_product_data":[]},"_links":{"self":[{"href":"https:\/\/racorshop.de\/es\/wp-json\/wp\/v2\/product\/594","targetHints":{"allow":["GET"]}}],"collection":[{"href":"https:\/\/racorshop.de\/es\/wp-json\/wp\/v2\/product"}],"about":[{"href":"https:\/\/racorshop.de\/es\/wp-json\/wp\/v2\/types\/product"}],"replies":[{"embeddable":true,"href":"https:\/\/racorshop.de\/es\/wp-json\/wp\/v2\/comments?post=594"}],"wp:featuredmedia":[{"embeddable":true,"href":"https:\/\/racorshop.de\/es\/wp-json\/wp\/v2\/media\/948"}],"wp:attachment":[{"href":"https:\/\/racorshop.de\/es\/wp-json\/wp\/v2\/media?parent=594"}],"wp:term":[{"taxonomy":"product_brand","embeddable":true,"href":"https:\/\/racorshop.de\/es\/wp-json\/wp\/v2\/product_brand?post=594"},{"taxonomy":"product_cat","embeddable":true,"href":"https:\/\/racorshop.de\/es\/wp-json\/wp\/v2\/product_cat?post=594"},{"taxonomy":"product_tag","embeddable":true,"href":"https:\/\/racorshop.de\/es\/wp-json\/wp\/v2\/product_tag?post=594"}],"curies":[{"name":"wp","href":"https:\/\/api.w.org\/{rel}","templated":true}]}}