{"id":546,"date":"2025-02-06T17:11:38","date_gmt":"2025-02-06T17:11:38","guid":{"rendered":"https:\/\/racorshop.de\/?post_type=product&#038;p=546"},"modified":"2026-01-28T12:46:43","modified_gmt":"2026-01-28T12:46:43","slug":"racor-500fg30-fuel-water-separator-500fg","status":"publish","type":"product","link":"https:\/\/racorshop.de\/es\/product\/separador-de-agua-y-combustible-racor-500fg30-500fg\/","title":{"rendered":"Racor 500FG30 Fuel Water Separator"},"content":{"rendered":"<p><a href=\"https:\/\/racorshop.de\/wp-content\/uploads\/2025\/02\/500FG-Teile-mit-link-de.pdf\">500FG Einzelteile_deutsch de<\/a><br \/>\n<a href=\"https:\/\/racorshop.de\/wp-content\/uploads\/2025\/02\/500FG-Teile-mit-links.pdf\">500FG spareparts_english<\/a><\/p>\n<p>El separador de agua di\u00e9sel y filtro de combustible marino Racor 500FG30 viene con un filtro de 30 micrones y un recipiente de vidrio para la detecci\u00f3n de agua visible. Est\u00e1 dise\u00f1ado solo para la instalaci\u00f3n del filtro primario. Los conjuntos de filtros de la serie de turbinas de Racor est\u00e1n dise\u00f1ados para instalarse en el lado de vac\u00edo de la bomba de transferencia de combustible para una mejor eficiencia y para proteger los componentes de precisi\u00f3n del motor de la suciedad, el \u00f3xido, las algas, los asfaltenos, los barnices y, especialmente, el agua, que prevalece en los combustibles de los motores de los barcos.<\/p>\n<ul>\n<li>30 micrones (98% a 30 micrones)<\/li>\n<li>Se puede utilizar como prefiltro para proteger los filtros posteriores de una contaminaci\u00f3n excesiva.<\/li>\n<li>Extiende la vida \u00fatil de los filtros existentes en el motor.<\/li>\n<\/ul>","protected":false},"excerpt":{"rendered":"<p>Part Number: 500FG30<\/p>\n<p>Made By: Parker Racor<\/p>\n<p>Fuel Filter\/Water Separator-500FG<\/p>\n<p>Fuel Filter Water Separator &#8211; Racor Turbine Series<\/p>","protected":false},"featured_media":569,"comment_status":"closed","ping_status":"closed","template":"","meta":{"_seopress_robots_primary_cat":"none","_seopress_titles_title":"","_seopress_titles_desc":"","_seopress_robots_index":""},"product_brand":[1926,1927],"product_cat":[188,189,21],"product_tag":[651],"class_list":{"0":"post-546","1":"product","2":"type-product","3":"status-publish","4":"has-post-thumbnail","6":"product_brand-parker","7":"product_brand-racor","8":"product_cat-racor-fuel-filter","9":"product_cat-water-separators","10":"product_cat-z-poa","11":"product_tag-fuel-filter-water-separator-turbine-series","13":"first","14":"onbackorder","15":"taxable","16":"shipping-taxable","17":"purchasable","18":"product-type-simple"},"acpt":{"meta":[{"meta_box":"product-links","meta_fields":[{"name":"product-documents","type":"Post","options":[],"value":null,"default":"","required":false,"showInAdmin":false,"advancedOptions":[]},{"name":"product-videos","type":"Post","options":[],"value":["2800","2801"],"default":"","required":false,"showInAdmin":false,"advancedOptions":[]}]}],"wc_product_data":[]},"_links":{"self":[{"href":"https:\/\/racorshop.de\/es\/wp-json\/wp\/v2\/product\/546","targetHints":{"allow":["GET"]}}],"collection":[{"href":"https:\/\/racorshop.de\/es\/wp-json\/wp\/v2\/product"}],"about":[{"href":"https:\/\/racorshop.de\/es\/wp-json\/wp\/v2\/types\/product"}],"replies":[{"embeddable":true,"href":"https:\/\/racorshop.de\/es\/wp-json\/wp\/v2\/comments?post=546"}],"wp:featuredmedia":[{"embeddable":true,"href":"https:\/\/racorshop.de\/es\/wp-json\/wp\/v2\/media\/569"}],"wp:attachment":[{"href":"https:\/\/racorshop.de\/es\/wp-json\/wp\/v2\/media?parent=546"}],"wp:term":[{"taxonomy":"product_brand","embeddable":true,"href":"https:\/\/racorshop.de\/es\/wp-json\/wp\/v2\/product_brand?post=546"},{"taxonomy":"product_cat","embeddable":true,"href":"https:\/\/racorshop.de\/es\/wp-json\/wp\/v2\/product_cat?post=546"},{"taxonomy":"product_tag","embeddable":true,"href":"https:\/\/racorshop.de\/es\/wp-json\/wp\/v2\/product_tag?post=546"}],"curies":[{"name":"wp","href":"https:\/\/api.w.org\/{rel}","templated":true}]}}