{"id":372,"date":"2025-02-06T17:10:36","date_gmt":"2025-02-06T17:10:36","guid":{"rendered":"https:\/\/racorshop.de\/?post_type=product&#038;p=372"},"modified":"2025-03-11T22:54:55","modified_gmt":"2025-03-11T22:54:55","slug":"racor-pff5607-p-series-fuel-filter","status":"publish","type":"product","link":"https:\/\/racorshop.de\/es\/product\/filtro-de-combustible-racor-pff5607-serie-p\/","title":{"rendered":"Filtro de combustible Racor PFF5607 Serie P"},"content":{"rendered":"<p>Los cartuchos filtrantes de repuesto de la serie P son compatibles con los m\u00f3dulos de acondicionamiento de combustible di\u00e9sel (DFCM) de las series P3, P4 y P5 de Racor. Los cartuchos utilizan el medio filtrante patentado Aquabloc\u00ae, que proporciona una excelente capacidad de eliminaci\u00f3n de agua y retenci\u00f3n de suciedad.<\/p>\n<p>Estos elementos presentan una excepcional eficiencia de eliminaci\u00f3n de agua, tanto a granel como emulsionada, una baja restricci\u00f3n del flujo de combustible y una alta capacidad de retenci\u00f3n de suciedad. Su dise\u00f1o \u00fanico los hace ideales para aplicaciones modernas con motores di\u00e9sel y de gasolina, donde las altas presiones pueden causar que peque\u00f1as part\u00edculas de suciedad y agua rayen y erosionen los componentes de precisi\u00f3n, lo que provoca da\u00f1os en el motor y un mayor tiempo de inactividad.<\/p>\n<p>Los cartuchos filtrantes de repuesto de la Serie P utilizan el medio filtrante Aquabloc\u00ae de alta eficiencia de Racor. Aquabloc\u00ae es una mezcla de celulosa de alta calidad con resinas y un tratamiento qu\u00edmico especial. Incorpora corrugaciones con espaciado de pliegues y una estructura de poros graduados para aumentar la capacidad de retenci\u00f3n de suciedad y prolongar la vida \u00fatil del filtro. El medio filtrante es impermeable y resistente a la corrosi\u00f3n, capturando los contaminantes, mientras que su superficie con tratamiento especial separa y coalesce el agua del combustible, lo que provoca que el agua se acumule en grandes gotas que caen en el recipiente colector transparente del filtro de combustible.<\/p>\n<p>Los elementos Aquabloc\u00ae repelen el agua y eliminan los contaminantes s\u00f3lidos del combustible con una eficiencia de 98% de su clasificaci\u00f3n de micrones.<\/p>\n<p><strong>Opciones de filtraci\u00f3n:<\/strong><\/p>\n<ul>\n<li>30 micrones (98% a 30 micrones): ideal como prefiltro para proteger los filtros posteriores de la contaminaci\u00f3n excesiva. Extiende la vida \u00fatil de los filtros del motor.<\/li>\n<li>10 micrones (98% a 10 micrones): captura m\u00e1s contaminantes que los elementos de 30 micrones y es m\u00e1s eficaz para detener el agua. Prolonga la vida \u00fatil de todo el sistema de combustible.<\/li>\n<li>\u201c2\u201d micrones (98% a 4 micrones): proporciona m\u00e1xima eliminaci\u00f3n y filtraci\u00f3n de agua y es capaz de proteger todos los sistemas de inyecci\u00f3n modernos, al tiempo que extiende en gran medida la vida \u00fatil de los filtros del motor dif\u00edciles de mantener.<\/li>\n<\/ul>\n<p><strong>C\u00f3mo funcionan:<\/strong><\/p>\n<p>Los m\u00f3dulos de acondicionamiento de combustible de la Serie P cuentan con un cartucho de filtro de combustible plisado primario que bloquea la contaminaci\u00f3n por part\u00edculas y el agua libre. El combustible limpio y seco ingresa a la bomba de combustible integrada, que suministra flujo y presi\u00f3n al resto del sistema de combustible.<\/p>\n<p>El m\u00f3dulo de purificaci\u00f3n de combustible se utiliza en sistemas de circulaci\u00f3n cerrados o como sistema de transferencia de combustible con una presi\u00f3n de salida m\u00e1xima de 26 psi (179 kPa). Al circular y filtrar el combustible en un tanque, este se mantiene limpio y seco antes de ser dispensado en un veh\u00edculo o en un tanque fijo.<\/p>\n<p>Ambos m\u00f3dulos de estilo Serie P contienen medios Aquabloc\u00ae de alto rendimiento en un dise\u00f1o de cartucho, que proporciona una filtraci\u00f3n superior y al mismo tiempo es respetuoso con el medio ambiente.<\/p>","protected":false},"excerpt":{"rendered":"<p>Part Number: PFF5607<\/p>\n<p>Made By: Parker Racor<\/p>\n<p>P Series Replacement Fuel Filter Cartridge-Parfit<\/p>\n<p>Replacement Cartridge Filter Elements &#8211; Racor P Series<\/p>","protected":false},"featured_media":367,"comment_status":"open","ping_status":"closed","template":"","meta":{"_seopress_robots_primary_cat":"","_seopress_titles_title":"","_seopress_titles_desc":"","_seopress_robots_index":""},"product_brand":[1926,1927],"product_cat":[264,188],"product_tag":[518],"class_list":{"0":"post-372","1":"product","2":"type-product","3":"status-publish","4":"has-post-thumbnail","6":"product_brand-parker","7":"product_brand-racor","8":"product_cat-elements-cartridge","9":"product_cat-racor-fuel-filter","10":"product_tag-racor-replacement-elements-p-series","12":"first","13":"instock","14":"taxable","15":"shipping-taxable","16":"purchasable","17":"product-type-simple"},"acpt":{"meta":[{"meta_box":"product-links","meta_fields":[{"name":"product-documents","type":"Post","options":[],"value":[2300],"default":"","required":false,"showInAdmin":false,"advancedOptions":[]},{"name":"product-videos","type":"Post","options":[],"value":null,"default":"","required":false,"showInAdmin":false,"advancedOptions":[]}]}],"wc_product_data":[]},"_links":{"self":[{"href":"https:\/\/racorshop.de\/es\/wp-json\/wp\/v2\/product\/372","targetHints":{"allow":["GET"]}}],"collection":[{"href":"https:\/\/racorshop.de\/es\/wp-json\/wp\/v2\/product"}],"about":[{"href":"https:\/\/racorshop.de\/es\/wp-json\/wp\/v2\/types\/product"}],"replies":[{"embeddable":true,"href":"https:\/\/racorshop.de\/es\/wp-json\/wp\/v2\/comments?post=372"}],"wp:featuredmedia":[{"embeddable":true,"href":"https:\/\/racorshop.de\/es\/wp-json\/wp\/v2\/media\/367"}],"wp:attachment":[{"href":"https:\/\/racorshop.de\/es\/wp-json\/wp\/v2\/media?parent=372"}],"wp:term":[{"taxonomy":"product_brand","embeddable":true,"href":"https:\/\/racorshop.de\/es\/wp-json\/wp\/v2\/product_brand?post=372"},{"taxonomy":"product_cat","embeddable":true,"href":"https:\/\/racorshop.de\/es\/wp-json\/wp\/v2\/product_cat?post=372"},{"taxonomy":"product_tag","embeddable":true,"href":"https:\/\/racorshop.de\/es\/wp-json\/wp\/v2\/product_tag?post=372"}],"curies":[{"name":"wp","href":"https:\/\/api.w.org\/{rel}","templated":true}]}}