{"id":359,"date":"2025-02-06T17:10:26","date_gmt":"2025-02-06T17:10:26","guid":{"rendered":"https:\/\/racorshop.de\/?post_type=product&#038;p=359"},"modified":"2025-03-06T20:42:17","modified_gmt":"2025-03-06T20:42:17","slug":"racor-r580392-greenmax-filter-cartridge","status":"publish","type":"product","link":"https:\/\/racorshop.de\/es\/product\/cartucho-de-filtro-racor-r580392-greenmax\/","title":{"rendered":"Cartucho de filtro Racor R580392 GreenMax"},"content":{"rendered":"<p>Los elementos filtrantes de repuesto GreenMAX\u2122 est\u00e1n dise\u00f1ados para usarse en carcasas de filtros de combustible GreenMAX (6600, 4400). Los elementos utilizan un medio patentado dise\u00f1ado por Aquabloc\u00ae, lo que les otorga excelentes capacidades de eliminaci\u00f3n de agua y retenci\u00f3n de suciedad.<\/p>\n<p>Los elementos de repuesto presentan una eficiencia excepcional de eliminaci\u00f3n de agua a granel y emulsionada, una baja restricci\u00f3n del flujo de combustible y una alta capacidad de retenci\u00f3n de suciedad. El dise\u00f1o exclusivo de los cartuchos GreenMax los hace ideales para las aplicaciones de motores di\u00e9sel modernos, donde las condiciones de alta presi\u00f3n pueden provocar que peque\u00f1as part\u00edculas de suciedad y agua rayen y erosionen los componentes de precisi\u00f3n, lo que provoca da\u00f1os en el motor y un mayor tiempo de inactividad.<\/p>\n<p>Todos los elementos filtrantes de cartucho de repuesto de la serie GreenMAX utilizan el medio filtrante Aquabloc\u00ae de alta eficiencia de Racor. Aquabloc\u00ae es una mezcla de celulosa de alta calidad combinada con resinas y un tratamiento qu\u00edmico especial. Incorpora corrugaciones que espacian los pliegues y una estructura de poros graduados para aumentar la capacidad de retenci\u00f3n de suciedad y prolongar la vida \u00fatil del filtro. El medio filtrante es resistente al agua y al \u00f3xido, y captura los contaminantes, mientras que la superficie especialmente tratada separa y fusiona el agua del combustible, lo que hace que el agua se acumule en gotas grandes que luego caen en el recipiente colector transparente del filtro de combustible.<\/p>\n<p><strong>Opciones de filtraci\u00f3n:<\/strong><\/p>\n<p>30 micrones (98% a 30 micrones): ideal como prefiltro para proteger los filtros posteriores de la contaminaci\u00f3n excesiva. Extiende la vida \u00fatil de los filtros del motor.<\/p>\n<p>10 micrones (98% a 10 micrones): captura m\u00e1s contaminantes que los elementos de 30 micrones y es m\u00e1s eficaz para detener el agua. Prolonga la vida \u00fatil de todo el sistema de combustible.<\/p>\n<p>\u201c2\u201d micrones (98% a 4 micrones): proporciona m\u00e1xima eliminaci\u00f3n y filtraci\u00f3n de agua y es capaz de proteger todos los sistemas de inyecci\u00f3n modernos, al tiempo que extiende en gran medida la vida \u00fatil de los filtros del motor dif\u00edciles de mantener.<\/p>\n<p>Coalescente de profundidad (98% a 4 micrones): el medio del coalescente de profundidad Aquabloc\u00ae fue desarrollado para clientes OEM que necesitan una eficiencia de eliminaci\u00f3n de agua emulsionada insuperable en combustibles de mala calidad y mezclados con biodi\u00e9sel. Los coalescente de profundidad utilizan un sistema de m\u00faltiples etapas que consta de un elemento primario donde el combustible y el agua emulsionada fluyen a trav\u00e9s de varias capas dise\u00f1adas de fibras ultrafinas y densamente compactas. Estas fibras atraen el agua emulsionada del combustible, lo que permite que se formen gotas de agua finas a lo largo de las fibras a medida que el combustible y el agua pasan a trav\u00e9s de ellas. A medida que las gotas de agua fina emergen del otro lado, una capa final de &quot;liberaci\u00f3n&quot; de pantalla re\u00fane las gotas de agua en tama\u00f1os m\u00e1s grandes. A continuaci\u00f3n, un elemento secundario presenta un medio de barrera final, que detiene y re\u00fane las gotas de agua hasta que son lo suficientemente grandes como para caer en el recipiente. La captura de part\u00edculas se lleva a cabo durante toda la etapa primaria.<\/p>","protected":false},"excerpt":{"rendered":"<p>Part Number: R58039-2<br \/>\nMade By: Parker Racor<br \/>\nGreenMax Replacement Fuel Filter Cartridge<br \/>\nReplacement Cartridge Filter Elements &#8211; Racor P Series<\/p>","protected":false},"featured_media":368,"comment_status":"open","ping_status":"closed","template":"","meta":{"_seopress_robots_primary_cat":"","_seopress_titles_title":"","_seopress_titles_desc":"","_seopress_robots_index":""},"product_brand":[1926,1927],"product_cat":[264,188,21],"product_tag":[518],"class_list":{"0":"post-359","1":"product","2":"type-product","3":"status-publish","4":"has-post-thumbnail","6":"product_brand-parker","7":"product_brand-racor","8":"product_cat-elements-cartridge","9":"product_cat-racor-fuel-filter","10":"product_cat-z-poa","11":"product_tag-racor-replacement-elements-p-series","13":"first","14":"outofstock","15":"taxable","16":"shipping-taxable","17":"product-type-simple"},"acpt":{"meta":[{"meta_box":"product-links","meta_fields":[{"name":"product-documents","type":"Post","options":[],"value":null,"default":"","required":false,"showInAdmin":false,"advancedOptions":[]},{"name":"product-videos","type":"Post","options":[],"value":[3384],"default":"","required":false,"showInAdmin":false,"advancedOptions":[]}]}],"wc_product_data":[]},"_links":{"self":[{"href":"https:\/\/racorshop.de\/es\/wp-json\/wp\/v2\/product\/359","targetHints":{"allow":["GET"]}}],"collection":[{"href":"https:\/\/racorshop.de\/es\/wp-json\/wp\/v2\/product"}],"about":[{"href":"https:\/\/racorshop.de\/es\/wp-json\/wp\/v2\/types\/product"}],"replies":[{"embeddable":true,"href":"https:\/\/racorshop.de\/es\/wp-json\/wp\/v2\/comments?post=359"}],"wp:featuredmedia":[{"embeddable":true,"href":"https:\/\/racorshop.de\/es\/wp-json\/wp\/v2\/media\/368"}],"wp:attachment":[{"href":"https:\/\/racorshop.de\/es\/wp-json\/wp\/v2\/media?parent=359"}],"wp:term":[{"taxonomy":"product_brand","embeddable":true,"href":"https:\/\/racorshop.de\/es\/wp-json\/wp\/v2\/product_brand?post=359"},{"taxonomy":"product_cat","embeddable":true,"href":"https:\/\/racorshop.de\/es\/wp-json\/wp\/v2\/product_cat?post=359"},{"taxonomy":"product_tag","embeddable":true,"href":"https:\/\/racorshop.de\/es\/wp-json\/wp\/v2\/product_tag?post=359"}],"curies":[{"name":"wp","href":"https:\/\/api.w.org\/{rel}","templated":true}]}}