{"id":298,"date":"2025-02-06T17:10:06","date_gmt":"2025-02-06T17:10:06","guid":{"rendered":"https:\/\/racorshop.de\/?post_type=product&#038;p=298"},"modified":"2026-01-29T10:47:58","modified_gmt":"2026-01-29T10:47:58","slug":"racor-r11t-fuel-filter-element-10-micron","status":"publish","type":"product","link":"https:\/\/racorshop.de\/es\/product\/elemento-de-filtro-de-combustible-racor-r11t-de-10-micrones\/","title":{"rendered":"Elemento de filtro de combustible Racor R11T (10 micrones)"},"content":{"rendered":"<p>Elemento filtrante Aquabloc R11T de Parker Racor de 10 micrones para conjuntos de filtros Racor 110A. Se puede utilizar en lugar de R11S y R11P. Incluye juntas t\u00f3ricas y sellos.<\/p>\n<p>La serie 110A de Racor es un conjunto de filtro separador de agua de combustible compacto de dos piezas, fabricado completamente en aluminio, con un elemento filtrante tipo cartucho que es ideal para usar en motores de gasolina y di\u00e9sel equipados con sistemas de inyecci\u00f3n de alta presi\u00f3n. Se puede instalar en el lado de vac\u00edo o presi\u00f3n de una bomba de combustible (hasta 100 psi\/6,9 bar) con un caudal m\u00e1ximo de 15 gph (57 lph) para combustible di\u00e9sel y 35 gph (132 lpm) para gasolina.<\/p>","protected":false},"excerpt":{"rendered":"<ul>\n<li>Fits Racor 100 Series (Cartridge)<\/li>\n<li>10 micron<\/li>\n<li>57 lph (15 gph) Diesel &#8211; 132 lph (35 gph) Petrol<\/li>\n<li>Incluye sellos de repuesto<\/li>\n<\/ul>","protected":false},"featured_media":1955,"comment_status":"open","ping_status":"closed","template":"","meta":{"_seopress_robots_primary_cat":"","_seopress_titles_title":"","_seopress_titles_desc":"","_seopress_robots_index":""},"product_brand":[1926,1927],"product_cat":[264,188],"product_tag":[427],"class_list":{"0":"post-298","1":"product","2":"type-product","3":"status-publish","4":"has-post-thumbnail","6":"product_brand-parker","7":"product_brand-racor","8":"product_cat-elements-cartridge","9":"product_cat-racor-fuel-filter","10":"product_tag-fuel-filter-water-separator-high-pressure-110a-series","12":"first","13":"instock","14":"taxable","15":"shipping-taxable","16":"purchasable","17":"product-type-simple"},"acpt":{"meta":[{"meta_box":"product-links","meta_fields":[{"name":"product-documents","type":"Post","options":[],"value":null,"default":"","required":false,"showInAdmin":false,"advancedOptions":[]},{"name":"product-videos","type":"Post","options":[],"value":null,"default":"","required":false,"showInAdmin":false,"advancedOptions":[]}]}],"wc_product_data":[]},"_links":{"self":[{"href":"https:\/\/racorshop.de\/es\/wp-json\/wp\/v2\/product\/298","targetHints":{"allow":["GET"]}}],"collection":[{"href":"https:\/\/racorshop.de\/es\/wp-json\/wp\/v2\/product"}],"about":[{"href":"https:\/\/racorshop.de\/es\/wp-json\/wp\/v2\/types\/product"}],"replies":[{"embeddable":true,"href":"https:\/\/racorshop.de\/es\/wp-json\/wp\/v2\/comments?post=298"}],"wp:featuredmedia":[{"embeddable":true,"href":"https:\/\/racorshop.de\/es\/wp-json\/wp\/v2\/media\/1955"}],"wp:attachment":[{"href":"https:\/\/racorshop.de\/es\/wp-json\/wp\/v2\/media?parent=298"}],"wp:term":[{"taxonomy":"product_brand","embeddable":true,"href":"https:\/\/racorshop.de\/es\/wp-json\/wp\/v2\/product_brand?post=298"},{"taxonomy":"product_cat","embeddable":true,"href":"https:\/\/racorshop.de\/es\/wp-json\/wp\/v2\/product_cat?post=298"},{"taxonomy":"product_tag","embeddable":true,"href":"https:\/\/racorshop.de\/es\/wp-json\/wp\/v2\/product_tag?post=298"}],"curies":[{"name":"wp","href":"https:\/\/api.w.org\/{rel}","templated":true}]}}