{"id":297,"date":"2025-02-06T17:10:06","date_gmt":"2025-02-06T17:10:06","guid":{"rendered":"https:\/\/racorshop.de\/?post_type=product&#038;p=297"},"modified":"2025-03-06T20:41:08","modified_gmt":"2025-03-06T20:41:08","slug":"racor-110a2-marine-fuel-water-separator-2-micron","status":"publish","type":"product","link":"https:\/\/racorshop.de\/es\/product\/separador-de-agua-y-combustible-marino-racor-110a2-de-2-micras\/","title":{"rendered":"Separador de agua para combustible marino Racor 110A2 de 2 micrones"},"content":{"rendered":"<p>La serie 110A de Racor es un conjunto de filtro separador de agua de combustible compacto de dos piezas, fabricado completamente en aluminio, con un elemento filtrante tipo cartucho que es ideal para usar en motores de gasolina y di\u00e9sel equipados con sistemas de inyecci\u00f3n de alta presi\u00f3n. Se puede instalar en el lado de vac\u00edo o presi\u00f3n de una bomba de combustible (hasta 100 psi\/6,9 bar) con un caudal m\u00e1ximo de 15 gph (57 lph) para combustible di\u00e9sel y 35 gph (132 lpm) para gasolina.<\/p>\n<p>El tama\u00f1o compacto y la versatilidad de cuatro puertos hacen que la Serie 110A sea un filtro de combustible\/separador de agua popular para aplicaciones de motores peque\u00f1os. El filtro cuenta con puertos de entrada y salida de combustible de 1\/4\u02dd-18 NPTF (SAE J467) y un soporte de montaje unificado. Su construcci\u00f3n de aluminio fundido a presi\u00f3n con revestimiento en polvo de dos piezas garantiza una larga vida \u00fatil y un servicio confiable independientemente del entorno.<\/p>\n<p>Para realizar el mantenimiento del conjunto de filtro 110A, simplemente desenrosque el recipiente del cabezal de montaje. El agua acumulada se puede drenar desde el perno UNF de \u00bd\u201d-20. Hay puertos de entrada y salida disponibles en ambos lados de la unidad. El combustible ingresa por la entrada y viaja de adentro hacia afuera a trav\u00e9s del conjunto de filtro de cartucho. El agua acumulada cae por el centro del elemento, mientras que el combustible contin\u00faa a trav\u00e9s del filtro hasta la salida.<\/p>\n<ul>\n<li>Motores di\u00e9sel y biodi\u00e9sel<\/li>\n<li>Motores de gasolina<\/li>\n<\/ul>\n<p>La unidad de filtrado Racor 110A2 incluye un cartucho R11S y un elemento filtrante reemplazable Aquabloc\u00ae II de alta capacidad de 2 micras. Para la versi\u00f3n de 10 micras, consulte <a href=\"http:\/\/localhost\/racorshop\/product\/racor-110a-fuel-filter-water-separator\/\">Racor 110A<\/a>.<\/p>\n<p><strong>Beneficios:<\/strong><\/p>\n<ul>\n<li>Evita da\u00f1os costosos en los inyectores y aumenta la vida \u00fatil de los filtros posteriores.<\/li>\n<li>Elimina el agua que ingresa al sistema a trav\u00e9s de la condensaci\u00f3n en el tanque de combustible. Cualquier agua presente en el flujo de combustible favorecer\u00e1 el crecimiento bacteriano, lo que puede provocar la obstrucci\u00f3n de los filtros y la formaci\u00f3n de \u00e1cidos corrosivos. Los componentes susceptibles se oxidan y corroen, lo que provoca erosi\u00f3n y desgaste de los componentes cr\u00edticos del sistema de combustible.<\/li>\n<li>Elimina part\u00edculas duras presentes en el aire que se introducen durante el abastecimiento de combustible, como arena y s\u00edlice.<\/li>\n<li>Elimina part\u00edculas contaminantes blandas del combustible di\u00e9sel sobrecalentado y degradado, que recubren los filtros con una sustancia negra similar al asfalteno, lo que provoca p\u00e9rdida de potencia y apagado del motor.<\/li>\n<li>Ahorra tiempo y dinero al eliminar el mantenimiento no planificado y el tiempo de inactividad no programado debido a fallas de los componentes del sistema.<\/li>\n<li>El mantenimiento se hace f\u00e1cil gracias al conjunto de taz\u00f3n giratorio y al sencillo procedimiento de extracci\u00f3n del filtro de cartucho.<\/li>\n<\/ul>\n<p><strong>Caracter\u00edsticas:<\/strong><\/p>\n<ul>\n<li>Dise\u00f1o compacto y construcci\u00f3n resistente.<\/li>\n<li>Certificaciones: ABYC, tipo NMMA aceptado, listado por UL<\/li>\n<li>Caudales (Diesel) hasta 15 gph (57 lph)<\/li>\n<li>Caudales (gasolina) de hasta 35 gph (132 lph)<\/li>\n<li>Presi\u00f3n de funcionamiento de 100 psi\/6,9 bar (se puede utilizar en el lado de vac\u00edo de las bombas)<\/li>\n<li>Cabezal unificado de fundici\u00f3n a presi\u00f3n, 4 puertos (1\/4\u02dd- 18 NPTF (SAE J467))<\/li>\n<li>Los soportes de montaje est\u00e1n espaciados a 1,4\u2033 (35,6 mm) para pernos de 1\/4\u2033<\/li>\n<li>Construcci\u00f3n de aluminio de dos piezas con recubrimiento en polvo.<\/li>\n<\/ul>","protected":false},"excerpt":{"rendered":"<p>Part Number: 110A-2<\/p>\n<p>Made By: Parker Racor<\/p>\n<p>Marine Spin-on Fuel Water-Separator 2 Micron<\/p>\n<p>High Pressure Fuel Filter \/ Water Separator &#8211; Racor 110A Series<\/p>","protected":false},"featured_media":324,"comment_status":"open","ping_status":"closed","template":"","meta":{"_seopress_robots_primary_cat":"","_seopress_titles_title":"","_seopress_titles_desc":"","_seopress_robots_index":""},"product_brand":[1926,1927],"product_cat":[188,189,21],"product_tag":[427],"class_list":{"0":"post-297","1":"product","2":"type-product","3":"status-publish","4":"has-post-thumbnail","6":"product_brand-parker","7":"product_brand-racor","8":"product_cat-racor-fuel-filter","9":"product_cat-water-separators","10":"product_cat-z-poa","11":"product_tag-fuel-filter-water-separator-high-pressure-110a-series","13":"first","14":"onbackorder","15":"taxable","16":"shipping-taxable","17":"purchasable","18":"product-type-simple"},"acpt":{"meta":[{"meta_box":"product-links","meta_fields":[{"name":"product-documents","type":"Post","options":[],"value":[2289],"default":"","required":false,"showInAdmin":false,"advancedOptions":[]},{"name":"product-videos","type":"Post","options":[],"value":null,"default":"","required":false,"showInAdmin":false,"advancedOptions":[]}]}],"wc_product_data":[]},"_links":{"self":[{"href":"https:\/\/racorshop.de\/es\/wp-json\/wp\/v2\/product\/297","targetHints":{"allow":["GET"]}}],"collection":[{"href":"https:\/\/racorshop.de\/es\/wp-json\/wp\/v2\/product"}],"about":[{"href":"https:\/\/racorshop.de\/es\/wp-json\/wp\/v2\/types\/product"}],"replies":[{"embeddable":true,"href":"https:\/\/racorshop.de\/es\/wp-json\/wp\/v2\/comments?post=297"}],"wp:featuredmedia":[{"embeddable":true,"href":"https:\/\/racorshop.de\/es\/wp-json\/wp\/v2\/media\/324"}],"wp:attachment":[{"href":"https:\/\/racorshop.de\/es\/wp-json\/wp\/v2\/media?parent=297"}],"wp:term":[{"taxonomy":"product_brand","embeddable":true,"href":"https:\/\/racorshop.de\/es\/wp-json\/wp\/v2\/product_brand?post=297"},{"taxonomy":"product_cat","embeddable":true,"href":"https:\/\/racorshop.de\/es\/wp-json\/wp\/v2\/product_cat?post=297"},{"taxonomy":"product_tag","embeddable":true,"href":"https:\/\/racorshop.de\/es\/wp-json\/wp\/v2\/product_tag?post=297"}],"curies":[{"name":"wp","href":"https:\/\/api.w.org\/{rel}","templated":true}]}}