{"id":290,"date":"2025-02-06T17:10:05","date_gmt":"2025-02-06T17:10:05","guid":{"rendered":"https:\/\/racorshop.de\/?post_type=product&#038;p=290"},"modified":"2025-03-06T20:40:47","modified_gmt":"2025-03-06T20:40:47","slug":"racor-s2502-025-series-filter-cartridge","status":"publish","type":"product","link":"https:\/\/racorshop.de\/es\/product\/cartucho-de-filtro-racor-serie-s2502-025\/","title":{"rendered":"Cartucho de filtro Racor S2502 (serie 025)"},"content":{"rendered":"<p>La l\u00ednea Racor de prefiltros y filtros compactos y de servicio pesado se instalan r\u00e1pidamente y ayudan a proteger los motores y prolongar la vida \u00fatil del sistema de filtraci\u00f3n al eliminar contaminantes s\u00f3lidos y agua libre del combustible di\u00e9sel y la gasolina.<\/p>\n<p>S2502: cartucho de repuesto secundario de 10 micrones utilizado en la serie 025 de Racor. Para una protecci\u00f3n a\u00fan mejor, utilice el prefiltro de combustible en l\u00ednea S2501 de 250 micrones de Racor como primer paso para mantener limpio el combustible. La suciedad y la mugre en el combustible pueden ser un desastre.<\/p>\n<p>El filtro secundario o final Racor S2502 utilizado junto con el prefiltro S2501 ofrece una protecci\u00f3n superior.<\/p>\n<p>Aplicaciones m\u00f3viles t\u00edpicas:<\/p>\n<ul>\n<li>Cualquier motor peque\u00f1o<\/li>\n<li>ATV (veh\u00edculos de 4 ruedas)<\/li>\n<li>Peque\u00f1os grupos electr\u00f3genos<\/li>\n<li>Tractores peque\u00f1os<\/li>\n<\/ul>\n<p>Caracter\u00edsticas del producto:<\/p>\n<p><strong>Utilizado en unidades 025-RAC-01 y 025-RAC-02<\/strong><\/p>\n<ul>\n<li>Puertos NPTF de 1\/4\u2033-18<\/li>\n<li>15 GPH (57 LPH) con di\u00e9sel<\/li>\n<li>25 GPH (95 LPH) con gasolina<\/li>\n<li>F\u00e1cil instalaci\u00f3n<\/li>\n<li>F\u00e1cil mantenimiento mediante montaje giratorio<\/li>\n<li>Medio patentado Aquabloc\u00aeII<\/li>\n<\/ul>","protected":false},"excerpt":{"rendered":"<p>Part Number: S2502<\/p>\n<p>Made By: Parker Racor<\/p>\n<p>Secondary or Final Fuel Filter Element<\/p>\n<p>Fuel Prefilters and Strainers \u2013 Racor 025 Series<\/p>","protected":false},"featured_media":1953,"comment_status":"open","ping_status":"closed","template":"","meta":{"_seopress_robots_primary_cat":"","_seopress_titles_title":"","_seopress_titles_desc":"","_seopress_robots_index":""},"product_brand":[1926,1927],"product_cat":[264,188,21],"product_tag":[1895],"class_list":{"0":"post-290","1":"product","2":"type-product","3":"status-publish","4":"has-post-thumbnail","6":"product_brand-parker","7":"product_brand-racor","8":"product_cat-elements-cartridge","9":"product_cat-racor-fuel-filter","10":"product_cat-z-poa","11":"product_tag-racor-replacement-elements-025-series","13":"first","14":"onbackorder","15":"taxable","16":"shipping-taxable","17":"purchasable","18":"product-type-simple"},"acpt":{"meta":[{"meta_box":"product-links","meta_fields":[{"name":"product-documents","type":"Post","options":[],"value":null,"default":"","required":false,"showInAdmin":false,"advancedOptions":[]},{"name":"product-videos","type":"Post","options":[],"value":null,"default":"","required":false,"showInAdmin":false,"advancedOptions":[]}]}],"wc_product_data":[]},"_links":{"self":[{"href":"https:\/\/racorshop.de\/es\/wp-json\/wp\/v2\/product\/290","targetHints":{"allow":["GET"]}}],"collection":[{"href":"https:\/\/racorshop.de\/es\/wp-json\/wp\/v2\/product"}],"about":[{"href":"https:\/\/racorshop.de\/es\/wp-json\/wp\/v2\/types\/product"}],"replies":[{"embeddable":true,"href":"https:\/\/racorshop.de\/es\/wp-json\/wp\/v2\/comments?post=290"}],"wp:featuredmedia":[{"embeddable":true,"href":"https:\/\/racorshop.de\/es\/wp-json\/wp\/v2\/media\/1953"}],"wp:attachment":[{"href":"https:\/\/racorshop.de\/es\/wp-json\/wp\/v2\/media?parent=290"}],"wp:term":[{"taxonomy":"product_brand","embeddable":true,"href":"https:\/\/racorshop.de\/es\/wp-json\/wp\/v2\/product_brand?post=290"},{"taxonomy":"product_cat","embeddable":true,"href":"https:\/\/racorshop.de\/es\/wp-json\/wp\/v2\/product_cat?post=290"},{"taxonomy":"product_tag","embeddable":true,"href":"https:\/\/racorshop.de\/es\/wp-json\/wp\/v2\/product_tag?post=290"}],"curies":[{"name":"wp","href":"https:\/\/api.w.org\/{rel}","templated":true}]}}