{"id":266,"date":"2025-02-06T17:09:54","date_gmt":"2025-02-06T17:09:54","guid":{"rendered":"https:\/\/racorshop.de\/?post_type=product&#038;p=266"},"modified":"2025-03-06T20:42:15","modified_gmt":"2025-03-06T20:42:15","slug":"racor-fc101-fc-10-1-portable-filter-caddy","status":"publish","type":"product","link":"https:\/\/racorshop.de\/es\/product\/portafiltros-portatil-racor-fc101-fc-10-1\/","title":{"rendered":"Portafiltros port\u00e1til FC-10-1 FC101 de Racor"},"content":{"rendered":"<p><strong>La gama Racor de carros de filtraci\u00f3n de combustible port\u00e1tiles son sistemas de filtraci\u00f3n m\u00f3viles de alta eficiencia para eliminar el agua y otros contaminantes del combustible que puedan haber ingresado a los tanques de almacenamiento durante la manipulaci\u00f3n, la transferencia y el almacenamiento.<\/strong><\/p>\n<p>No importa cu\u00e1n cuidadosamente se refinen y manipulen la gasolina y el di\u00e9sel, los contaminantes encontrar\u00e1n su camino hacia el combustible durante la transferencia y el almacenamiento. El agua es el enemigo principal de un motor y puede condensarse directamente del aire durante los ciclos normales de calentamiento y enfriamiento diurnos y nocturnos. La presencia de agua facilita el crecimiento microbiano, lo que conduce a la formaci\u00f3n de incrustaciones, mayor corrosi\u00f3n y da\u00f1os en los componentes del sistema de combustible. Adem\u00e1s, las part\u00edculas de \u00f3xido y las virutas de los tanques y las tuber\u00edas corro\u00eddas, as\u00ed como la s\u00edlice y la suciedad que se desprenden del aire, pueden provocar la obstrucci\u00f3n de los filtros, una menor eficiencia de combusti\u00f3n e incluso la falla del motor.<\/p>\n<p>Los carros de filtro Racor son herramientas port\u00e1tiles de mantenimiento de servicio en campo que ayudan a garantizar el rendimiento y la confiabilidad de los motores di\u00e9sel y de combusti\u00f3n modernos al eliminar el agua y los contaminantes que suelen llegar al combustible durante la manipulaci\u00f3n, el traslado y el almacenamiento. Los carros sirven como una herramienta de mantenimiento preventivo invaluable y son ideales para usar con grupos electr\u00f3genos que tienen tanques de base integrados o tanques diarios, donde el combustible se ha almacenado a largo plazo y puede haberse degradado por la contaminaci\u00f3n con agua y part\u00edculas.<\/p>\n<p>Racor ofrece dos modelos de carros port\u00e1tiles de filtraci\u00f3n de combustible:<\/p>\n<p><strong>FC-10-01 Portafiltros CLEANDiesel<\/strong><\/p>\n<ul>\n<li>El FC-10-01 se utiliza para limpiar combustible que ha estado almacenado en peque\u00f1os tanques de combustible durante per\u00edodos prolongados de tiempo.<\/li>\n<li>Las aplicaciones t\u00edpicas son tanques base de generadores, tanques diarios de generadores y peque\u00f1os tanques de almacenamiento a granel de hasta 2000 galones.<\/li>\n<li>Los contenedores de filtros Racor son totalmente port\u00e1tiles y aut\u00f3nomos.<\/li>\n<li>Incluyen el filtro de combustible FBO-14, que no requiere herramientas para cambiar el filtro y ofrece opciones de filtro de reemplazo para diversas aplicaciones.<\/li>\n<li>Los carros Racor pueden ser movidos f\u00e1cilmente en el lugar de trabajo por una sola persona.<\/li>\n<li>Las unidades incluyen una bomba de 10 gpm (37,9 lpm) y un sistema de filtro integrado en un gabinete con ruedas.<\/li>\n<li>El sistema utiliza un filtro de malla 40 y un filtro coalescente de agua de 5 micrones, junto con un panel de control con detecci\u00f3n de agua, medidor de filtro y alarma.<\/li>\n<\/ul>\n<p><strong>Mercados:<\/strong><\/p>\n<ul>\n<li>Agricultura<\/li>\n<li>Construcci\u00f3n<\/li>\n<li>Petr\u00f3leo y gas<\/li>\n<li>Marina<\/li>\n<li>Generaci\u00f3n de energ\u00eda<\/li>\n<\/ul>\n<p><strong>Aplicaciones:<\/strong><\/p>\n<ul>\n<li>Di\u00e9sel y Biodi\u00e9sel<\/li>\n<li>Gasolina<\/li>\n<li>Aceite de calefacci\u00f3n<\/li>\n<li>Queroseno<\/li>\n<\/ul>\n<p><strong>Beneficios:<\/strong><\/p>\n<ul>\n<li>Elimina el agua libre de los tanques y bidones de combustible. La formaci\u00f3n de agua libre se produce cuando el aire h\u00famedo dentro de un contenedor o tanque se enfr\u00eda hasta el punto en que el agua se condensa.<\/li>\n<li>Elimina part\u00edculas duras (por ejemplo, arena y s\u00edlice) presentes en el aire que se introducen durante la transferencia y distribuci\u00f3n.<\/li>\n<li>Ahorra tiempo y dinero al eliminar el mantenimiento no planificado y el tiempo de inactividad no programado debido a fallas de los componentes del sistema.<\/li>\n<li>El dise\u00f1o m\u00f3vil permite un uso f\u00e1cil en el campo.<\/li>\n<\/ul>\n<p><strong>Caracter\u00edsticas:<\/strong><\/p>\n<p><strong>FC-10-01 Portafiltros CLEANDiesel<\/strong><\/p>\n<p>\u2022 Caja port\u00e1til, construcci\u00f3n de aluminio, pintada de amarillo de seguridad.<\/p>\n<p>\u2022 Equipado con ruedas, pies y asa.<\/p>\n<p>\u2022 Panel de control superior con cubierta protectora y compartimento de almacenamiento para mangueras y varillas.<\/p>\n<p>\u2022 Mangueras de suministro y retorno de 10 pies junto con varillas de 3 pies<\/p>\n<p>\u2022 V\u00e1lvulas de bola de entrada y salida de \u00be de pulgada y acoplamientos de desconexi\u00f3n r\u00e1pida<\/p>\n<p>\u2022 Bomba de engranajes de hierro fundido de 10 gpm, \u00bd hp, 120 V<\/p>\n<p>\u2022 Rel\u00e9 de control del motor y pulsadores de marcha\/parada<\/p>\n<p>\u2022 Cable de 18 pulgadas con enchufe, 120 V, 15 A<\/p>\n<p>\u2022 Colador de canasta de 40 mallas con medidor de vac\u00edo<\/p>\n<p>\u2022 Separador coalescente de agua Racor FBO de 5 micrones con sumidero de recolecci\u00f3n y sensor de detecci\u00f3n de agua<\/p>\n<p>\u2022 Tanque de retenci\u00f3n de 6 galones con interruptor de flotador<\/p>\n<p>\u2022 Indicadores de ne\u00f3n: encendido, tanque de retenci\u00f3n lleno y recolecci\u00f3n de agua llena<\/p>","protected":false},"excerpt":{"rendered":"<p>Part Number: FC-10-1<\/p>\n<p>Made By: Parker Racor<\/p>\n<p>FC-10-1 Portable Filter Caddy<\/p>\n<p>Portable Fuel Filtration Carts &#8211; Racor<\/p>","protected":false},"featured_media":275,"comment_status":"closed","ping_status":"closed","template":"","meta":{"_seopress_robots_primary_cat":"","_seopress_titles_title":"","_seopress_titles_desc":"","_seopress_robots_index":""},"product_brand":[1926,1927],"product_cat":[361,188,21],"product_tag":[362],"class_list":{"0":"post-266","1":"product","2":"type-product","3":"status-publish","4":"has-post-thumbnail","6":"product_brand-parker","7":"product_brand-racor","8":"product_cat-caddys-carts","9":"product_cat-racor-fuel-filter","10":"product_cat-z-poa","11":"product_tag-portable-fuel-filtration-carts","13":"first","14":"outofstock","15":"taxable","16":"shipping-taxable","17":"product-type-simple"},"acpt":{"meta":[{"meta_box":"product-links","meta_fields":[{"name":"product-documents","type":"Post","options":[],"value":null,"default":"","required":false,"showInAdmin":false,"advancedOptions":[]},{"name":"product-videos","type":"Post","options":[],"value":null,"default":"","required":false,"showInAdmin":false,"advancedOptions":[]}]}],"wc_product_data":[]},"_links":{"self":[{"href":"https:\/\/racorshop.de\/es\/wp-json\/wp\/v2\/product\/266","targetHints":{"allow":["GET"]}}],"collection":[{"href":"https:\/\/racorshop.de\/es\/wp-json\/wp\/v2\/product"}],"about":[{"href":"https:\/\/racorshop.de\/es\/wp-json\/wp\/v2\/types\/product"}],"replies":[{"embeddable":true,"href":"https:\/\/racorshop.de\/es\/wp-json\/wp\/v2\/comments?post=266"}],"wp:featuredmedia":[{"embeddable":true,"href":"https:\/\/racorshop.de\/es\/wp-json\/wp\/v2\/media\/275"}],"wp:attachment":[{"href":"https:\/\/racorshop.de\/es\/wp-json\/wp\/v2\/media?parent=266"}],"wp:term":[{"taxonomy":"product_brand","embeddable":true,"href":"https:\/\/racorshop.de\/es\/wp-json\/wp\/v2\/product_brand?post=266"},{"taxonomy":"product_cat","embeddable":true,"href":"https:\/\/racorshop.de\/es\/wp-json\/wp\/v2\/product_cat?post=266"},{"taxonomy":"product_tag","embeddable":true,"href":"https:\/\/racorshop.de\/es\/wp-json\/wp\/v2\/product_tag?post=266"}],"curies":[{"name":"wp","href":"https:\/\/api.w.org\/{rel}","templated":true}]}}