{"id":265,"date":"2025-02-06T17:09:54","date_gmt":"2025-02-06T17:09:54","guid":{"rendered":"https:\/\/racorshop.de\/?post_type=product&#038;p=265"},"modified":"2025-03-12T10:21:12","modified_gmt":"2025-03-12T10:21:12","slug":"racor-800d14ce230v-fbo-14-portable-filter-trolley-230v","status":"publish","type":"product","link":"https:\/\/racorshop.de\/es\/product\/filtro-portatil-con-ruedas-racor-800d14ce230v-fbo-14-230v\/","title":{"rendered":"Carro de filtro port\u00e1til Racor 800D14CE230V FBO 14 de 230 V"},"content":{"rendered":"<p><strong>La gama de carritos y contenedores de filtraci\u00f3n de combustible port\u00e1tiles de Racor son sistemas de filtraci\u00f3n m\u00f3viles de alta eficiencia que limpian el combustible eliminando el agua y los contaminantes que ingresan a los tanques durante la manipulaci\u00f3n, la transferencia y el almacenamiento.<\/strong><\/p>\n<p>Los carros de filtro Racor son ideales cuando se utilizan como herramientas port\u00e1tiles de mantenimiento de servicio de campo que ayudan a garantizar el rendimiento y la confiabilidad de los motores di\u00e9sel modernos. Los carros sirven como una herramienta de mantenimiento preventivo invaluable y son excelentes para usar con grupos electr\u00f3genos o motores estacionarios que tienen tanques de base integrados o tanques diarios, donde el combustible se ha almacenado a largo plazo y puede haberse degradado por la contaminaci\u00f3n con agua y part\u00edculas.<\/p>\n<p><strong>Racor ofrece dos modelos de carros port\u00e1tiles de filtraci\u00f3n de combustible:<\/strong><\/p>\n<p>FC-10-01 CLEANDiesel Filter Caddy: el FC-10-01 se utiliza para limpiar combustible que ha estado almacenado en peque\u00f1os tanques de combustible durante per\u00edodos prolongados. Las aplicaciones t\u00edpicas son tanques de base de generadores, tanques de d\u00eda de generadores y peque\u00f1os tanques de almacenamiento a granel de hasta 2000 galones. Los Filter Caddys de Racor son completamente port\u00e1tiles y aut\u00f3nomos. Incluyen el filtro de combustible FBO-14, que no requiere herramientas para cambiar el filtro y ofrece opciones de filtro de reemplazo para varias aplicaciones. Los carros de filtro pueden ser movidos f\u00e1cilmente en el lugar de trabajo por una persona. Incluyen una bomba de 10 gpm (37,9 lpm) y un sistema de filtro integrado en un gabinete con ruedas. El sistema utiliza un colador de malla 40 y un filtro coalescente de agua de 5 micrones, junto con un panel de control con detecci\u00f3n de agua, medidor de filtro y alarma.<\/p>\n<p>Carro de pulido de combustible de servicio pesado FC-20-1-120V y FC-20-1-120V-KIT: los carros de pulido de combustible FC-20-1 pueden procesar combustible a un caudal de hasta 20 gpm (76 lpm). Los carros vienen equipados con accesorios de leva de 1 pulgada, que permiten una f\u00e1cil conexi\u00f3n. Tambi\u00e9n cuentan con un dise\u00f1o de aluminio de marco abierto, que les brinda una combinaci\u00f3n \u00fanica de movilidad, durabilidad y resistencia a la corrosi\u00f3n. Al igual que el FC-10-01, el carro FC-20-1-120V incluye un filtro de combustible FBO-14, que no requiere herramientas para los cambios de filtro y ofrece opciones de filtro de reemplazo para una amplia gama de aplicaciones. La unidad de filtraci\u00f3n port\u00e1til sirve como una forma muy rentable de filtrar di\u00e9sel, mezclas de biodi\u00e9sel y otros fluidos de hidrocarburos de petr\u00f3leo en almacenamiento o transporte.<\/p>","protected":false},"excerpt":{"rendered":"<p>Part Number: 800D14CE230V<\/p>\n<p>Made By: Parker Racor<\/p>\n<p>FBO 14 Portable Filter Trolley 230V<\/p>\n<p>Portable Fuel Filtration Carts &#8211; Racor<\/p>","protected":false},"featured_media":274,"comment_status":"closed","ping_status":"closed","template":"","meta":{"_seopress_robots_primary_cat":"","_seopress_titles_title":"","_seopress_titles_desc":"","_seopress_robots_index":""},"product_brand":[1926,1927],"product_cat":[361,188,21],"product_tag":[362],"class_list":{"0":"post-265","1":"product","2":"type-product","3":"status-publish","4":"has-post-thumbnail","6":"product_brand-parker","7":"product_brand-racor","8":"product_cat-caddys-carts","9":"product_cat-racor-fuel-filter","10":"product_cat-z-poa","11":"product_tag-portable-fuel-filtration-carts","13":"first","14":"onbackorder","15":"taxable","16":"shipping-taxable","17":"purchasable","18":"product-type-simple"},"acpt":{"meta":[{"meta_box":"product-links","meta_fields":[{"name":"product-documents","type":"Post","options":[],"value":null,"default":"","required":false,"showInAdmin":false,"advancedOptions":[]},{"name":"product-videos","type":"Post","options":[],"value":[3370],"default":"","required":false,"showInAdmin":false,"advancedOptions":[]}]}],"wc_product_data":[]},"_links":{"self":[{"href":"https:\/\/racorshop.de\/es\/wp-json\/wp\/v2\/product\/265","targetHints":{"allow":["GET"]}}],"collection":[{"href":"https:\/\/racorshop.de\/es\/wp-json\/wp\/v2\/product"}],"about":[{"href":"https:\/\/racorshop.de\/es\/wp-json\/wp\/v2\/types\/product"}],"replies":[{"embeddable":true,"href":"https:\/\/racorshop.de\/es\/wp-json\/wp\/v2\/comments?post=265"}],"wp:featuredmedia":[{"embeddable":true,"href":"https:\/\/racorshop.de\/es\/wp-json\/wp\/v2\/media\/274"}],"wp:attachment":[{"href":"https:\/\/racorshop.de\/es\/wp-json\/wp\/v2\/media?parent=265"}],"wp:term":[{"taxonomy":"product_brand","embeddable":true,"href":"https:\/\/racorshop.de\/es\/wp-json\/wp\/v2\/product_brand?post=265"},{"taxonomy":"product_cat","embeddable":true,"href":"https:\/\/racorshop.de\/es\/wp-json\/wp\/v2\/product_cat?post=265"},{"taxonomy":"product_tag","embeddable":true,"href":"https:\/\/racorshop.de\/es\/wp-json\/wp\/v2\/product_tag?post=265"}],"curies":[{"name":"wp","href":"https:\/\/api.w.org\/{rel}","templated":true}]}}