{"id":264,"date":"2025-02-06T17:09:54","date_gmt":"2025-02-06T17:09:54","guid":{"rendered":"https:\/\/racorshop.de\/?post_type=product&#038;p=264"},"modified":"2026-02-17T18:07:50","modified_gmt":"2026-02-17T18:07:50","slug":"racor-fc201120v-portable-fuel-filtration-cart-fbo","status":"publish","type":"product","link":"https:\/\/racorshop.de\/es\/product\/carrito-de-filtracion-de-combustible-portatil-racor-fc201120v-fbo\/","title":{"rendered":"Carrito de filtraci\u00f3n de combustible port\u00e1til FC201120V de Racor - FBO"},"content":{"rendered":"<p><strong>La gama Racor de carros de filtraci\u00f3n de combustible port\u00e1tiles son sistemas de filtraci\u00f3n m\u00f3viles de alta eficiencia para eliminar el agua y otros contaminantes del combustible que puedan haber ingresado a los tanques de almacenamiento durante la manipulaci\u00f3n, la transferencia y el almacenamiento.<\/strong><\/p>\n<p>No importa cu\u00e1n cuidadosamente se refinen y manipulen la gasolina y el di\u00e9sel, los contaminantes encontrar\u00e1n su camino hacia el combustible durante la transferencia y el almacenamiento. El agua es el enemigo principal de un motor y puede condensarse directamente del aire durante los ciclos normales de calentamiento y enfriamiento diurnos y nocturnos. La presencia de agua facilita el crecimiento microbiano, lo que conduce a la formaci\u00f3n de incrustaciones, mayor corrosi\u00f3n y da\u00f1os en los componentes del sistema de combustible. Adem\u00e1s, las part\u00edculas de \u00f3xido y las virutas de los tanques y las tuber\u00edas corro\u00eddas, as\u00ed como la s\u00edlice y la suciedad que se desprenden del aire, pueden provocar la obstrucci\u00f3n de los filtros, una menor eficiencia de combusti\u00f3n e incluso la falla del motor.<\/p>\n<p>Los carros de filtro Racor son herramientas port\u00e1tiles de mantenimiento en campo que ayudan a garantizar el rendimiento y la fiabilidad de los motores di\u00e9sel y de combusti\u00f3n modernos, eliminando el agua y los contaminantes que suelen filtrarse al combustible durante su manipulaci\u00f3n, transferencia y almacenamiento. Estos carros o caddys son una herramienta invaluable para el mantenimiento preventivo y son ideales para grupos electr\u00f3genos con tanques de base integrados o tanques diarios, donde el combustible ha estado almacenado durante largos periodos y puede haberse degradado por la contaminaci\u00f3n por agua y part\u00edculas.<\/p>\n<p>Racor ofrece dos modelos de carros port\u00e1tiles de filtraci\u00f3n de combustible:<\/p>\n<p><strong>Carro pulidor de combustible de servicio pesado FC-20-1-120V y FC-20-1-120V-KIT<\/strong><\/p>\n<ul>\n<li style=\"text-align: left;\">Los carros de pulido de combustible FC-20-1 pueden procesar combustible a un caudal de hasta 20 gpm (76 lpm)<\/li>\n<li style=\"text-align: left;\">Los carros vienen equipados con accesorios de bloqueo de leva de 1 pulgada, que permiten una f\u00e1cil conexi\u00f3n.<\/li>\n<li style=\"text-align: left;\">Las unidades tambi\u00e9n cuentan con un dise\u00f1o de aluminio de marco abierto, lo que les brinda una combinaci\u00f3n \u00fanica de movilidad, durabilidad y resistencia a la corrosi\u00f3n.<\/li>\n<li style=\"text-align: left;\">Al igual que el FC-10-01, el carro FC-20-1-120V incluye un filtro de combustible FBO-14<\/li>\n<li style=\"text-align: left;\">No requiere herramientas para cambiar el filtro.<\/li>\n<li style=\"text-align: left;\">Opciones de filtros de repuesto para una amplia gama de aplicaciones.<\/li>\n<li style=\"text-align: left;\">La unidad sirve como una forma muy rentable de filtrar di\u00e9sel, mezclas de biodi\u00e9sel y otros fluidos de hidrocarburos de petr\u00f3leo en almacenamiento o transporte.<\/li>\n<\/ul>\n<p><strong>Mercados:<\/strong><\/p>\n<ul>\n<li>Agricultura<\/li>\n<li>Construcci\u00f3n<\/li>\n<li>Petr\u00f3leo y gas<\/li>\n<li>Marina<\/li>\n<li>Generaci\u00f3n de energ\u00eda<\/li>\n<\/ul>\n<p><strong>Aplicaciones:<\/strong><\/p>\n<ul>\n<li>Di\u00e9sel y Biodi\u00e9sel<\/li>\n<li>Gasolina<\/li>\n<li>Aceite de calefacci\u00f3n<\/li>\n<li>Queroseno<\/li>\n<\/ul>\n<p><strong>Beneficios:<\/strong><\/p>\n<ul>\n<li>Elimina el agua libre de los tanques y bidones de combustible. La formaci\u00f3n de agua libre se produce cuando el aire h\u00famedo dentro de un contenedor o tanque se enfr\u00eda hasta el punto en que el agua se condensa.<\/li>\n<li>Elimina part\u00edculas duras (por ejemplo, arena y s\u00edlice) presentes en el aire que se introducen durante la transferencia y distribuci\u00f3n.<\/li>\n<li>Ahorra tiempo y dinero al eliminar el mantenimiento no planificado y el tiempo de inactividad no programado debido a fallas de los componentes del sistema.<\/li>\n<li>El dise\u00f1o m\u00f3vil permite un uso f\u00e1cil en el campo.<\/li>\n<\/ul>\n<p><strong>Caracter\u00edsticas del dise\u00f1o:<\/strong><\/p>\n<p><strong>Carritos para pulido de combustible de servicio pesado FC-20-1-120V y FC-20-1-120V-KIT<\/strong><\/p>\n<ul>\n<li>V\u00e1lvula de derivaci\u00f3n para cambio de elemento filtrante durante el funcionamiento o solo para transferencia de fluido<\/li>\n<li>Caudal de hasta 20 gpm (76 lpm)<\/li>\n<li>Construcci\u00f3n de marco de aluminio duradero con bandeja de goteo.<\/li>\n<li>Ruedas traseras grandes con ruedas delanteras bloqueables<\/li>\n<li>Conexiones de leva de 1 pulgada para mangueras de servicio y sondas<\/li>\n<li>Separador coalescente de agua Racor FBO de 10 micrones<\/li>\n<li>El man\u00f3metro montado en el filtro muestra la presi\u00f3n diferencial para indicar el cambio del elemento filtrante.<\/li>\n<li>Mirilla y v\u00e1lvula de drenaje para ver y eliminar el agua acumulada.<\/li>\n<\/ul>\n<p><strong>V\u00e9ase tambi\u00e9n <a href=\"http:\/\/localhost\/racorshop\/product\/racor-fc201120vkit-mobiler-kraftstofffilterwagen-fbo\/\">Kit Racor FC-20-1-120V<\/a> que viene completo con dos mangueras de 25 pies, dos sondas de 4 pies y un cable de alimentaci\u00f3n de 25 pies (FC-20-1-120V: Solicite mangueras, sondas y cable de alimentaci\u00f3n por separado)<\/strong><\/p>","protected":false},"excerpt":{"rendered":"<p>Part Number: FC-20-1-120V<\/p>\n<p>Made By: Parker Racor<\/p>\n<p>Portable Fuel Filtration Cart-FBO<\/p>\n<p>Portable Fuel Filtration Carts &#8211; Racor<\/p>","protected":false},"featured_media":274,"comment_status":"closed","ping_status":"closed","template":"","meta":{"_seopress_robots_primary_cat":"","_seopress_titles_title":"","_seopress_titles_desc":"","_seopress_robots_index":""},"product_brand":[1926,1927],"product_cat":[361,188,21],"product_tag":[362],"class_list":{"0":"post-264","1":"product","2":"type-product","3":"status-publish","4":"has-post-thumbnail","6":"product_brand-parker","7":"product_brand-racor","8":"product_cat-caddys-carts","9":"product_cat-racor-fuel-filter","10":"product_cat-z-poa","11":"product_tag-portable-fuel-filtration-carts","13":"first","14":"outofstock","15":"taxable","16":"shipping-taxable","17":"product-type-simple"},"acpt":{"meta":[{"meta_box":"product-links","meta_fields":[{"name":"product-documents","type":"Post","options":[],"value":null,"default":"","required":false,"showInAdmin":false,"advancedOptions":[]},{"name":"product-videos","type":"Post","options":[],"value":[3370],"default":"","required":false,"showInAdmin":false,"advancedOptions":[]}]}],"wc_product_data":[]},"_links":{"self":[{"href":"https:\/\/racorshop.de\/es\/wp-json\/wp\/v2\/product\/264","targetHints":{"allow":["GET"]}}],"collection":[{"href":"https:\/\/racorshop.de\/es\/wp-json\/wp\/v2\/product"}],"about":[{"href":"https:\/\/racorshop.de\/es\/wp-json\/wp\/v2\/types\/product"}],"replies":[{"embeddable":true,"href":"https:\/\/racorshop.de\/es\/wp-json\/wp\/v2\/comments?post=264"}],"wp:featuredmedia":[{"embeddable":true,"href":"https:\/\/racorshop.de\/es\/wp-json\/wp\/v2\/media\/274"}],"wp:attachment":[{"href":"https:\/\/racorshop.de\/es\/wp-json\/wp\/v2\/media?parent=264"}],"wp:term":[{"taxonomy":"product_brand","embeddable":true,"href":"https:\/\/racorshop.de\/es\/wp-json\/wp\/v2\/product_brand?post=264"},{"taxonomy":"product_cat","embeddable":true,"href":"https:\/\/racorshop.de\/es\/wp-json\/wp\/v2\/product_cat?post=264"},{"taxonomy":"product_tag","embeddable":true,"href":"https:\/\/racorshop.de\/es\/wp-json\/wp\/v2\/product_tag?post=264"}],"curies":[{"name":"wp","href":"https:\/\/api.w.org\/{rel}","templated":true}]}}