{"id":245,"date":"2025-02-06T17:09:52","date_gmt":"2025-02-06T17:09:52","guid":{"rendered":"https:\/\/racorshop.de\/?post_type=product&#038;p=245"},"modified":"2026-02-17T18:07:49","modified_gmt":"2026-02-17T18:07:49","slug":"racor-fbo60331-pre-filter-5-micron","status":"publish","type":"product","link":"https:\/\/racorshop.de\/es\/product\/prefiltro-racor-fbo60331-de-5-micrones\/","title":{"rendered":"Prefiltro Racor FBO60331 (5 micrones)"},"content":{"rendered":"<p>La serie FBO de cartuchos de repuesto est\u00e1 dise\u00f1ada para usarse con conjuntos de filtros FBO. Est\u00e1n disponibles como separadores de agua, eliminadores de part\u00edculas tratados con silicona y filtros absorbentes de agua, con clasificaciones de micrones de 1, 5, 10 o 25.<\/p>\n<p>Un conjunto de filtraci\u00f3n FBO se puede utilizar en camiones de reabastecimiento m\u00f3viles o instalar en cabinas de reabastecimiento. La unidad tambi\u00e9n se puede utilizar en bombas de distribuci\u00f3n de combustible di\u00e9sel o como filtro de combustible primario\/separador de agua en motores di\u00e9sel de gran tama\u00f1o. El conjunto de filtro FBO cuenta con un collar\u00edn de anillo de bloqueo que fija la carcasa del filtro al cabezal del filtro de aluminio fundido a presi\u00f3n con cuatro pernos. El hardware de cierre permite que el personal de mantenimiento, incluso una sola persona, cambie f\u00e1cilmente el elemento del cartucho del filtro.<\/p>\n<p><strong>Los cartuchos de reemplazo est\u00e1n disponibles en tres opciones:<\/strong><\/p>\n<ul>\n<li>Los filtros coalescedores\/separadores son un elemento de dos etapas que elimina el agua y los contaminantes de las corrientes de combustible di\u00e9sel.<\/li>\n<li>Los filtros de part\u00edculas tratados con silicona eliminan contaminantes de hasta 1 micr\u00f3n. Tambi\u00e9n se pueden utilizar antes de un filtro separador de agua para prolongar la vida \u00fatil del filtro.<\/li>\n<li>Los filtros absorbedores de agua absorben agua y filtran los contaminantes del combustible di\u00e9sel.<\/li>\n<\/ul>\n<p><strong>Aplicaciones:<\/strong><\/p>\n<ul>\n<li>Sistemas de distribuci\u00f3n de combustible di\u00e9sel y biodi\u00e9sel<\/li>\n<li>Muelles de combustible marino<\/li>\n<li>Unidades m\u00f3viles de reabastecimiento de combustible<\/li>\n<li>Armarios de reabastecimiento<\/li>\n<li>Separadores de agua del filtro de combustible<\/li>\n<\/ul>\n<p><strong>Beneficios:<\/strong><\/p>\n<ul>\n<li>Disponible en varias configuraciones para satisfacer los requisitos \u00fanicos de los motores de los clientes, incluidas las versiones marinas (aprobadas por UL).<\/li>\n<li>Elimina el agua que entra al sistema durante el reabastecimiento de combustible. Cualquier agua presente en el flujo de combustible favorece el crecimiento bacteriano, lo que puede provocar la obstrucci\u00f3n de los filtros y la formaci\u00f3n de \u00e1cidos corrosivos. Los componentes susceptibles se oxidan y corroen, lo que provoca erosi\u00f3n y desgaste de los componentes cr\u00edticos del sistema de combustible.<\/li>\n<li>Elimina part\u00edculas duras presentes en el aire que se introducen durante el abastecimiento de combustible, como arena y s\u00edlice.<\/li>\n<li>Evita da\u00f1os costosos en los inyectores y aumenta la vida \u00fatil de los filtros posteriores.<\/li>\n<li>Ahorra tiempo y dinero al eliminar el mantenimiento no planificado y el tiempo de inactividad no programado debido a fallas de los componentes del sistema.<\/li>\n<li>El collar con anillo de bloqueo permite cambiar f\u00e1cilmente el filtro.<\/li>\n<\/ul>","protected":false},"excerpt":{"rendered":"<p>Part Number: FBO 60331<\/p>\n<p>Made By: Parker Racor<\/p>\n<p>FBO-10 Pre-Filter Kit (5 Micron)<\/p>\n<p>Replacement Cartridge Filter Elements &#8211; Racor FBO Series<\/p>","protected":false},"featured_media":239,"comment_status":"open","ping_status":"closed","template":"","meta":{"_seopress_robots_primary_cat":"","_seopress_titles_title":"","_seopress_titles_desc":"","_seopress_robots_index":""},"product_brand":[1926,1927],"product_cat":[264,188,21],"product_tag":[265],"class_list":{"0":"post-245","1":"product","2":"type-product","3":"status-publish","4":"has-post-thumbnail","6":"product_brand-parker","7":"product_brand-racor","8":"product_cat-elements-cartridge","9":"product_cat-racor-fuel-filter","10":"product_cat-z-poa","11":"product_tag-racor-replacement-elements-fbo-series","13":"first","14":"outofstock","15":"taxable","16":"shipping-taxable","17":"product-type-simple"},"acpt":{"meta":[{"meta_box":"product-links","meta_fields":[{"name":"product-documents","type":"Post","options":[],"value":null,"default":"","required":false,"showInAdmin":false,"advancedOptions":[]},{"name":"product-videos","type":"Post","options":[],"value":[3370],"default":"","required":false,"showInAdmin":false,"advancedOptions":[]}]}],"wc_product_data":[]},"_links":{"self":[{"href":"https:\/\/racorshop.de\/es\/wp-json\/wp\/v2\/product\/245","targetHints":{"allow":["GET"]}}],"collection":[{"href":"https:\/\/racorshop.de\/es\/wp-json\/wp\/v2\/product"}],"about":[{"href":"https:\/\/racorshop.de\/es\/wp-json\/wp\/v2\/types\/product"}],"replies":[{"embeddable":true,"href":"https:\/\/racorshop.de\/es\/wp-json\/wp\/v2\/comments?post=245"}],"wp:featuredmedia":[{"embeddable":true,"href":"https:\/\/racorshop.de\/es\/wp-json\/wp\/v2\/media\/239"}],"wp:attachment":[{"href":"https:\/\/racorshop.de\/es\/wp-json\/wp\/v2\/media?parent=245"}],"wp:term":[{"taxonomy":"product_brand","embeddable":true,"href":"https:\/\/racorshop.de\/es\/wp-json\/wp\/v2\/product_brand?post=245"},{"taxonomy":"product_cat","embeddable":true,"href":"https:\/\/racorshop.de\/es\/wp-json\/wp\/v2\/product_cat?post=245"},{"taxonomy":"product_tag","embeddable":true,"href":"https:\/\/racorshop.de\/es\/wp-json\/wp\/v2\/product_tag?post=245"}],"curies":[{"name":"wp","href":"https:\/\/api.w.org\/{rel}","templated":true}]}}