{"id":221,"date":"2025-02-06T17:09:39","date_gmt":"2025-02-06T17:09:39","guid":{"rendered":"https:\/\/racorshop.de\/?post_type=product&#038;p=221"},"modified":"2026-02-17T18:07:48","modified_gmt":"2026-02-17T18:07:48","slug":"racor-fbo60328-coalescer-separator-5-micron","status":"publish","type":"product","link":"https:\/\/racorshop.de\/es\/product\/separador-coalescente-racor-fbo60328-de-5-micras\/","title":{"rendered":"Coalescente\/separador Racor FBO60328 (5 micrones)"},"content":{"rendered":"<p>Los cartuchos de repuesto de la serie FBO est\u00e1n dise\u00f1ados para su uso con conjuntos de filtros FBO. Est\u00e1n disponibles como separadores de agua, eliminadores de part\u00edculas con tratamiento de silicona y filtros absorbentes de agua. El FBO 60328 tiene una clasificaci\u00f3n de 5 micras.<\/p>","protected":false},"excerpt":{"rendered":"<p>Part Number: FBO 60328<\/p>\n<p>Made By: Parker Racor<\/p>\n<p>FBO-10 Coalescer\/Separator Kit (5 Micron)<\/p>\n<p>Replacement Cartridge Filter Elements &#8211; Racor FBO Series<\/p>","protected":false},"featured_media":239,"comment_status":"open","ping_status":"closed","template":"","meta":{"_seopress_robots_primary_cat":"","_seopress_titles_title":"","_seopress_titles_desc":"","_seopress_robots_index":""},"product_brand":[1926,1927],"product_cat":[264,188,21],"product_tag":[265],"class_list":{"0":"post-221","1":"product","2":"type-product","3":"status-publish","4":"has-post-thumbnail","6":"product_brand-parker","7":"product_brand-racor","8":"product_cat-elements-cartridge","9":"product_cat-racor-fuel-filter","10":"product_cat-z-poa","11":"product_tag-racor-replacement-elements-fbo-series","13":"first","14":"outofstock","15":"taxable","16":"shipping-taxable","17":"product-type-simple"},"acpt":{"meta":[{"meta_box":"product-links","meta_fields":[{"name":"product-documents","type":"Post","options":[],"value":null,"default":"","required":false,"showInAdmin":false,"advancedOptions":[]},{"name":"product-videos","type":"Post","options":[],"value":[3370],"default":"","required":false,"showInAdmin":false,"advancedOptions":[]}]}],"wc_product_data":[]},"_links":{"self":[{"href":"https:\/\/racorshop.de\/es\/wp-json\/wp\/v2\/product\/221","targetHints":{"allow":["GET"]}}],"collection":[{"href":"https:\/\/racorshop.de\/es\/wp-json\/wp\/v2\/product"}],"about":[{"href":"https:\/\/racorshop.de\/es\/wp-json\/wp\/v2\/types\/product"}],"replies":[{"embeddable":true,"href":"https:\/\/racorshop.de\/es\/wp-json\/wp\/v2\/comments?post=221"}],"wp:featuredmedia":[{"embeddable":true,"href":"https:\/\/racorshop.de\/es\/wp-json\/wp\/v2\/media\/239"}],"wp:attachment":[{"href":"https:\/\/racorshop.de\/es\/wp-json\/wp\/v2\/media?parent=221"}],"wp:term":[{"taxonomy":"product_brand","embeddable":true,"href":"https:\/\/racorshop.de\/es\/wp-json\/wp\/v2\/product_brand?post=221"},{"taxonomy":"product_cat","embeddable":true,"href":"https:\/\/racorshop.de\/es\/wp-json\/wp\/v2\/product_cat?post=221"},{"taxonomy":"product_tag","embeddable":true,"href":"https:\/\/racorshop.de\/es\/wp-json\/wp\/v2\/product_tag?post=221"}],"curies":[{"name":"wp","href":"https:\/\/api.w.org\/{rel}","templated":true}]}}